{"id":1185,"date":"2023-04-21T10:22:00","date_gmt":"2023-04-21T08:22:00","guid":{"rendered":"https:\/\/consmarsiglia.esteri.it\/amministrazione-trasparente\/bandi-di-concorso\/"},"modified":"2023-09-06T14:30:03","modified_gmt":"2023-09-06T12:30:03","slug":"bandi-di-concorso","status":"publish","type":"page","link":"https:\/\/consmarsiglia.esteri.it\/fr\/amministrazione-trasparente\/bandi-di-concorso\/","title":{"rendered":"Bandi di concorso"},"content":{"rendered":"<ul>\n<li>Le Consulat G\u00e9n\u00e9ral d&rsquo;Italie \u00e0 Marseille annonce le lancement des proc\u00e9dures de s\u00e9lection pour le recrutement de 1 (un) employ\u00e9 contractuel pour travailler en tant que chauffeur\/standardiste <a href=\"https:\/\/consmarsiglia.esteri.it\/wp-content\/uploads\/2023\/09\/Avviso-di-assunzione-autista.pdf\">ici l&rsquo;appel \u00e0 candidature<\/a> , la <a href=\"https:\/\/consmarsiglia.esteri.it\/wp-content\/uploads\/2023\/09\/FAC-SIMILE-DOMANDA.pdf\">demande de participation<\/a> devra <strong>arriver\u00a0 avant minuit du 06 octobre 2023<\/strong><\/li>\n<\/ul>\n","protected":false},"excerpt":{"rendered":"Le Consulat G\u00e9n\u00e9ral d&rsquo;Italie \u00e0 Marseille annonce le lancement des proc\u00e9dures de s\u00e9lection pour le recrutement de 1 (un) employ\u00e9 contractuel pour travailler en tant que chauffeur\/standardiste ici l&rsquo;appel \u00e0 candidature , la demande de participation devra arriver\u00a0 avant minuit du 06 octobre 2023","protected":false},"author":9,"featured_media":0,"parent":170,"menu_order":0,"comment_status":"closed","ping_status":"closed","template":"","meta":{"footnotes":""},"class_list":["post-1185","page","type-page","status-publish","hentry"],"_links":{"self":[{"href":"https:\/\/consmarsiglia.esteri.it\/fr\/wp-json\/wp\/v2\/pages\/1185","targetHints":{"allow":["GET"]}}],"collection":[{"href":"https:\/\/consmarsiglia.esteri.it\/fr\/wp-json\/wp\/v2\/pages"}],"about":[{"href":"https:\/\/consmarsiglia.esteri.it\/fr\/wp-json\/wp\/v2\/types\/page"}],"author":[{"embeddable":true,"href":"https:\/\/consmarsiglia.esteri.it\/fr\/wp-json\/wp\/v2\/users\/9"}],"replies":[{"embeddable":true,"href":"https:\/\/consmarsiglia.esteri.it\/fr\/wp-json\/wp\/v2\/comments?post=1185"}],"version-history":[{"count":2,"href":"https:\/\/consmarsiglia.esteri.it\/fr\/wp-json\/wp\/v2\/pages\/1185\/revisions"}],"predecessor-version":[{"id":1441,"href":"https:\/\/consmarsiglia.esteri.it\/fr\/wp-json\/wp\/v2\/pages\/1185\/revisions\/1441"}],"up":[{"embeddable":true,"href":"https:\/\/consmarsiglia.esteri.it\/fr\/wp-json\/wp\/v2\/pages\/170"}],"wp:attachment":[{"href":"https:\/\/consmarsiglia.esteri.it\/fr\/wp-json\/wp\/v2\/media?parent=1185"}],"curies":[{"name":"wp","href":"https:\/\/api.w.org\/{rel}","templated":true}]}}