{"id":1224,"date":"2023-05-11T10:46:15","date_gmt":"2023-05-11T08:46:15","guid":{"rendered":"https:\/\/consmarsiglia.esteri.it\/?page_id=1224"},"modified":"2025-01-02T10:33:53","modified_gmt":"2025-01-02T09:33:53","slug":"dichiarazioni-di-valore","status":"publish","type":"page","link":"https:\/\/consmarsiglia.esteri.it\/fr\/servizi-consolari-e-visti\/servizi-per-il-cittadino-italiano\/dichiarazioni-di-valore\/","title":{"rendered":"D\u00e9claration de Valeur &#8211; Dipl\u00f4mes"},"content":{"rendered":"<p><strong>Qu&rsquo;est-ce que la d\u00e9claration de valeur ?<\/strong><\/p>\n<p>La d\u00e9claration de valeur est une attestation d\u00e9livr\u00e9e par le consulat du niveau d&rsquo;\u00e9tudes atteint par l&rsquo;\u00e9tudiant dans le cadre de l&rsquo;\u00e9tablissement d&rsquo;enseignement du pays \u00e9tranger.<br \/>\nCette attestation est produite exclusivement sur les dipl\u00f4mes d\u00e9livr\u00e9s par le minist\u00e8re fran\u00e7ais de l&rsquo;\u00e9ducation nationale.<\/p>\n<p><strong>Qui doit demander la d\u00e9claration de valeur ?<\/strong><\/p>\n<p>Tous ceux qui ont l&rsquo;intention d&rsquo;obtenir, en Italie, la reconnaissance scolaire, acad\u00e9mique ou professionnelle des certificats d&rsquo;\u00e9tudes et des dipl\u00f4mes fran\u00e7ais obtenus dans cette circonscription consulaire.<\/p>\n<p><strong>Documents requis pour la d\u00e9livrance d&rsquo;une d\u00e9claration de valeur<\/strong><\/p>\n<ul>\n<li><a href=\"https:\/\/consmarsiglia.esteri.it\/wp-content\/uploads\/2023\/05\/RICHIESTA-DOCUMENTI-A-FINI-STUDIO-O-PROFESSIONALE-CG-M.pdf\">Formulaire de demande de d\u00e9claration de valeur<\/a> ;<\/li>\n<li>Original du dipl\u00f4me (ou copie certifi\u00e9e conforme \u00e0 l&rsquo;original) ;<\/li>\n<li>Relev\u00e9 des Notes (uniquement pour les \u00e9tudiants en attente du dipl\u00f4me original) ;<\/li>\n<li>Traduction en italien du dipl\u00f4me effectu\u00e9e par un traducteur officiel asserment\u00e9;<\/li>\n<li>Photocopie d&rsquo;une pi\u00e8ce d&rsquo;identit\u00e9.<\/li>\n<li>Preuve de d\u00e9p\u00f4t bancaire si l&rsquo;\u00e9tudiant n&rsquo;en est pas exempt\u00e9 (voir ci-dessous);<\/li>\n<li>Un enveloppe, avec l\u2019adresse du destinataire, pour un envoi de la D\u00e9claration en France \u00ab\u00a0Lettre suivie 100gr\u00a0\u00bb. Pour l\u2019envoi en Italie veuillez joindre le re\u00e7u du virement bancaire de 10\u20ac sur le compte du Consulat G\u00e9n\u00e9ral d\u2019Italie de Marseille (IBAN FR7630478000020662226800191 BIC MONTFRPPXXX).<\/li>\n<\/ul>\n<p><strong>Co\u00fbt et gratuit\u00e9<\/strong><\/p>\n<p>Le DV n&rsquo;est d\u00e9livr\u00e9 gratuitement que s&rsquo;il est destin\u00e9 \u00e0 la poursuite d&rsquo;\u00e9tudes : les citoyens \u00e9trangers, quel que soit leur lieu de r\u00e9sidence, et les citoyens italiens r\u00e9sidant \u00e0 l&rsquo;\u00e9tranger qui peuvent prouver leur r\u00e9sidence \u00e0 l&rsquo;\u00e9tranger au moment de la demande peuvent en b\u00e9n\u00e9ficier.<br \/>\nPour les autres utilisations (travail, concours, etc.), la d\u00e9claration est payante. Le montant est de 50 \u20ac par d\u00e9claration de valeur demand\u00e9e. Ce paiement peut \u00eatre effectu\u00e9 par virement bancaire(ici le <a href=\"https:\/\/consmarsiglia.esteri.it\/wp-content\/uploads\/2023\/05\/rib.pdf\">RIB<\/a>)<\/p>\n<p><strong>Pour info:<\/strong><\/p>\n<p><a href=\"mailto:segreteria.marsiglia@esteri.it\">segreteria.marsiglia@esteri.it<\/a><\/p>\n","protected":false},"excerpt":{"rendered":"Qu&rsquo;est-ce que la d\u00e9claration de valeur ? La d\u00e9claration de valeur est une attestation d\u00e9livr\u00e9e par le consulat du niveau d&rsquo;\u00e9tudes atteint par l&rsquo;\u00e9tudiant dans le cadre de l&rsquo;\u00e9tablissement d&rsquo;enseignement du pays \u00e9tranger. Cette attestation est produite exclusivement sur les dipl\u00f4mes d\u00e9livr\u00e9s par le minist\u00e8re fran\u00e7ais de l&rsquo;\u00e9ducation nationale. Qui doit demander la d\u00e9claration de [&hellip;]","protected":false},"author":6,"featured_media":0,"parent":163,"menu_order":0,"comment_status":"closed","ping_status":"closed","template":"","meta":{"footnotes":""},"class_list":["post-1224","page","type-page","status-publish","hentry"],"_links":{"self":[{"href":"https:\/\/consmarsiglia.esteri.it\/fr\/wp-json\/wp\/v2\/pages\/1224","targetHints":{"allow":["GET"]}}],"collection":[{"href":"https:\/\/consmarsiglia.esteri.it\/fr\/wp-json\/wp\/v2\/pages"}],"about":[{"href":"https:\/\/consmarsiglia.esteri.it\/fr\/wp-json\/wp\/v2\/types\/page"}],"author":[{"embeddable":true,"href":"https:\/\/consmarsiglia.esteri.it\/fr\/wp-json\/wp\/v2\/users\/6"}],"replies":[{"embeddable":true,"href":"https:\/\/consmarsiglia.esteri.it\/fr\/wp-json\/wp\/v2\/comments?post=1224"}],"version-history":[{"count":2,"href":"https:\/\/consmarsiglia.esteri.it\/fr\/wp-json\/wp\/v2\/pages\/1224\/revisions"}],"predecessor-version":[{"id":2480,"href":"https:\/\/consmarsiglia.esteri.it\/fr\/wp-json\/wp\/v2\/pages\/1224\/revisions\/2480"}],"up":[{"embeddable":true,"href":"https:\/\/consmarsiglia.esteri.it\/fr\/wp-json\/wp\/v2\/pages\/163"}],"wp:attachment":[{"href":"https:\/\/consmarsiglia.esteri.it\/fr\/wp-json\/wp\/v2\/media?parent=1224"}],"curies":[{"name":"wp","href":"https:\/\/api.w.org\/{rel}","templated":true}]}}