{"id":1449,"date":"2023-09-07T09:16:56","date_gmt":"2023-09-07T07:16:56","guid":{"rendered":"https:\/\/consmarsiglia.esteri.it\/servizi-consolari-e-visti\/servizi-per-il-cittadino-italiano\/stato-civile\/matrimonio\/matrimonio-in-un-altro-paese\/trascrizione-in-italia-di-un-matrimonio-celebrato-in-un-altro-paese\/"},"modified":"2023-09-07T09:19:34","modified_gmt":"2023-09-07T07:19:34","slug":"trascrizione-in-italia-di-un-matrimonio-celebrato-in-un-altro-paese","status":"publish","type":"page","link":"https:\/\/consmarsiglia.esteri.it\/fr\/servizi-consolari-e-visti\/servizi-per-il-cittadino-italiano\/stato-civile\/matrimonio\/matrimonio-in-un-altro-paese\/trascrizione-in-italia-di-un-matrimonio-celebrato-in-un-altro-paese\/","title":{"rendered":"Transcription en Italie d&rsquo;un mariage c\u00e9l\u00e9br\u00e9 dans un autre Pays"},"content":{"rendered":"<p>Dans le cas d&rsquo;actes de mariage c\u00e9l\u00e9br\u00e9s dans des Pays \u00e9trangers autres que la France, l&rsquo;int\u00e9ress\u00e9 doit pr\u00e9voir la l\u00e9galisation (consulaire ou apostille) de l&rsquo;acte de mariage original et de sa traduction en italien. Pour obtenir des informations sur la n\u00e9cessit\u00e9 d&rsquo;une l\u00e9galisation et\/ou d&rsquo;une apostille, il est conseill\u00e9 de consulter le site de la repr\u00e9sentation diplomatique\/consulaire italienne comp\u00e9tente pour le pays dans lequel l&rsquo;acte a \u00e9t\u00e9 d\u00e9livr\u00e9.<\/p>\n<p>&nbsp;<\/p>\n","protected":false},"excerpt":{"rendered":"Dans le cas d&rsquo;actes de mariage c\u00e9l\u00e9br\u00e9s dans des Pays \u00e9trangers autres que la France, l&rsquo;int\u00e9ress\u00e9 doit pr\u00e9voir la l\u00e9galisation (consulaire ou apostille) de l&rsquo;acte de mariage original et de sa traduction en italien. Pour obtenir des informations sur la n\u00e9cessit\u00e9 d&rsquo;une l\u00e9galisation et\/ou d&rsquo;une apostille, il est conseill\u00e9 de consulter le site de la [&hellip;]","protected":false},"author":8,"featured_media":0,"parent":568,"menu_order":0,"comment_status":"closed","ping_status":"closed","template":"","meta":{"footnotes":""},"class_list":["post-1449","page","type-page","status-publish","hentry"],"_links":{"self":[{"href":"https:\/\/consmarsiglia.esteri.it\/fr\/wp-json\/wp\/v2\/pages\/1449","targetHints":{"allow":["GET"]}}],"collection":[{"href":"https:\/\/consmarsiglia.esteri.it\/fr\/wp-json\/wp\/v2\/pages"}],"about":[{"href":"https:\/\/consmarsiglia.esteri.it\/fr\/wp-json\/wp\/v2\/types\/page"}],"author":[{"embeddable":true,"href":"https:\/\/consmarsiglia.esteri.it\/fr\/wp-json\/wp\/v2\/users\/8"}],"replies":[{"embeddable":true,"href":"https:\/\/consmarsiglia.esteri.it\/fr\/wp-json\/wp\/v2\/comments?post=1449"}],"version-history":[{"count":1,"href":"https:\/\/consmarsiglia.esteri.it\/fr\/wp-json\/wp\/v2\/pages\/1449\/revisions"}],"predecessor-version":[{"id":1450,"href":"https:\/\/consmarsiglia.esteri.it\/fr\/wp-json\/wp\/v2\/pages\/1449\/revisions\/1450"}],"up":[{"embeddable":true,"href":"https:\/\/consmarsiglia.esteri.it\/fr\/wp-json\/wp\/v2\/pages\/568"}],"wp:attachment":[{"href":"https:\/\/consmarsiglia.esteri.it\/fr\/wp-json\/wp\/v2\/media?parent=1449"}],"curies":[{"name":"wp","href":"https:\/\/api.w.org\/{rel}","templated":true}]}}