{"id":149,"date":"2023-01-27T10:38:14","date_gmt":"2023-01-27T09:38:14","guid":{"rendered":"https:\/\/consmarsiglia.esteri.it\/chi-siamo\/la-sede\/"},"modified":"2025-04-30T09:58:31","modified_gmt":"2025-04-30T07:58:31","slug":"la-sede","status":"publish","type":"page","link":"https:\/\/consmarsiglia.esteri.it\/fr\/chi-siamo\/la-sede\/","title":{"rendered":"Le Si\u00e8ge"},"content":{"rendered":"<p>CONSULAT GENERAL D\u2019ITALIE A MARSEILLE<\/p>\n<p>56, Rue d\u2019Alger<\/p>\n<p>13005 Marseille<\/p>\n<p>&nbsp;<\/p>\n<p>Tel: 0033491184918\u00a0(<strong>du lundi au vendredi de 9h30 \u00e0 12h30 et de 14h00 \u00e0 15h00\u00a0\u2013 priorit\u00e9 attribu\u00e9e au courriel \u00e9lectronique<\/strong>)<\/p>\n<p>Fax: 0033491184919<\/p>\n<p>e-mail:\u00a0<a href=\"mailto:consolato.marsiglia@esteri.it\">consolato.marsiglia@esteri.it<\/a><\/p>\n<p>pec :\u00a0<a href=\"mailto:con.marsiglia@cert.esteri.it\">con.marsiglia@cert.esteri.it<\/a><\/p>\n<p><strong>MODALITES D\u2019ACC\u00c8S AU CONSULAT GENERAL D&rsquo;ITALIE A MARSEILLE<\/strong><\/p>\n<p>Afin d\u2019assurer un meilleur service et pour des raisons de s\u00e9curit\u00e9, dans le but de prot\u00e9ger en premier lieu les usagers du Consulat G\u00e9n\u00e9ral d\u2019Italie \u00e0 Marseille ainsi que tout le personnel en service, le public est inform\u00e9 du fait que :<\/p>\n<ul>\n<li>il n\u2019est pas permis d\u2019introduire \u00e0 l\u2019int\u00e9rieur du p\u00e9rim\u00e8tre du Consulat\u00a0des v\u00e9los (m\u00eame pliants), trottinettes, bagages d\u2019aucune sorte et\/ou sacs \u00e0 dos volumineux.<\/li>\n<li>sont autoris\u00e9s \u00e0 acc\u00e9der au Consulat uniquement les usagers qui ont personnellement besoin d\u2019une prestation de la part d\u2019un service. L\u2019acc\u00e8s aux parents, amis ou autres accompagnateurs n\u2019est pas autoris\u00e9.<\/li>\n<\/ul>\n<p>Il sera seulement fait exception pour les parents d\u2019un mineur, les accompagnants de personnes en situation de handicap ou encore, pour ce qui concerne le Bureau des Passeports, dans le cas d\u2019un couple parental dont l\u2019un des conjoints est de nationalit\u00e9 \u00e9trang\u00e8re.<\/p>\n<p>Les situations de n\u00e9cessit\u00e9 av\u00e9r\u00e9e seront examin\u00e9es au cas par cas.<\/p>\n<p>En r\u00e9it\u00e9rant que les mesures \u00e9nonc\u00e9es ci-dessus ont pour but d\u2019assurer un meilleur service et une plus grande s\u00e9curit\u00e9 pour les usagers, nous vous prions de nous excuser pour l\u2019\u00e9ventuelle g\u00eane occasionn\u00e9e et nous vous remercions pour votre collaboration.<\/p>\n<p>HORAIRE D\u2019OUVERTURE AU PUBLIC\u00a0: DU LUNDI AU VENDREDI, DE 9h00 A 13h00,\u00a0<strong>UNIQUEMENT SUR RENDEZ-VOUS.<\/strong><\/p>\n<p>En cas de d\u00e9c\u00e8s, d&rsquo;accident grave ou pour toute autre question impliquant un risque sanitaire ou une situation pr\u00e9sentant un danger pour la s\u00e9curit\u00e9 personnelle des citoyens italiens \u00e0 l&rsquo;\u00e9tranger et n\u00e9cessitant une intervention urgente des autorit\u00e9s consulaires, appelez le num\u00e9ro d&rsquo;urgence suivant : +33 (0)6 07 52 04 18. Le num\u00e9ro d&rsquo;urgence est actif du lundi au vendredi de 17h00 \u00e0 22h00 et les samedis, dimanches et jours f\u00e9ri\u00e9s de 09h00 \u00e0 22h00. Les appels concernant les proc\u00e9dures consulaires ordinaires (passeports, visas, etc.) ne seront PAS pris en compte. De 22h \u00e0 9h, heure fran\u00e7aise, il est possible d&rsquo;appeler (non pas pour des renseignements administratifs, mais uniquement en cas d&rsquo;urgence av\u00e9r\u00e9e) le fonctionnaire de permanence du minist\u00e8re des Affaires \u00e9trang\u00e8res (t\u00e9l. 0039 06 3691 2666) qui joindra rapidement les fonctionnaires du consulat g\u00e9n\u00e9ral \u00e0 Marseille en cas de besoin r\u00e9el.<\/p>\n","protected":false},"excerpt":{"rendered":"CONSULAT GENERAL D\u2019ITALIE A MARSEILLE 56, Rue d\u2019Alger 13005 Marseille &nbsp; Tel: 0033491184918\u00a0(du lundi au vendredi de 9h30 \u00e0 12h30 et de 14h00 \u00e0 15h00\u00a0\u2013 priorit\u00e9 attribu\u00e9e au courriel \u00e9lectronique) Fax: 0033491184919 e-mail:\u00a0consolato.marsiglia@esteri.it pec :\u00a0con.marsiglia@cert.esteri.it MODALITES D\u2019ACC\u00c8S AU CONSULAT GENERAL D&rsquo;ITALIE A MARSEILLE Afin d\u2019assurer un meilleur service et pour des raisons de s\u00e9curit\u00e9, dans [&hellip;]","protected":false},"author":2,"featured_media":0,"parent":36,"menu_order":4,"comment_status":"closed","ping_status":"closed","template":"","meta":{"footnotes":""},"class_list":["post-149","page","type-page","status-publish","hentry"],"_links":{"self":[{"href":"https:\/\/consmarsiglia.esteri.it\/fr\/wp-json\/wp\/v2\/pages\/149","targetHints":{"allow":["GET"]}}],"collection":[{"href":"https:\/\/consmarsiglia.esteri.it\/fr\/wp-json\/wp\/v2\/pages"}],"about":[{"href":"https:\/\/consmarsiglia.esteri.it\/fr\/wp-json\/wp\/v2\/types\/page"}],"author":[{"embeddable":true,"href":"https:\/\/consmarsiglia.esteri.it\/fr\/wp-json\/wp\/v2\/users\/2"}],"replies":[{"embeddable":true,"href":"https:\/\/consmarsiglia.esteri.it\/fr\/wp-json\/wp\/v2\/comments?post=149"}],"version-history":[{"count":1,"href":"https:\/\/consmarsiglia.esteri.it\/fr\/wp-json\/wp\/v2\/pages\/149\/revisions"}],"predecessor-version":[{"id":2898,"href":"https:\/\/consmarsiglia.esteri.it\/fr\/wp-json\/wp\/v2\/pages\/149\/revisions\/2898"}],"up":[{"embeddable":true,"href":"https:\/\/consmarsiglia.esteri.it\/fr\/wp-json\/wp\/v2\/pages\/36"}],"wp:attachment":[{"href":"https:\/\/consmarsiglia.esteri.it\/fr\/wp-json\/wp\/v2\/media?parent=149"}],"curies":[{"name":"wp","href":"https:\/\/api.w.org\/{rel}","templated":true}]}}