{"id":151,"date":"2023-01-27T10:41:07","date_gmt":"2023-01-27T09:41:07","guid":{"rendered":"https:\/\/consmarsiglia.esteri.it\/chi-siamo\/numeri-di-emergenza\/"},"modified":"2024-04-22T15:51:03","modified_gmt":"2024-04-22T13:51:03","slug":"numeri-di-emergenza","status":"publish","type":"page","link":"https:\/\/consmarsiglia.esteri.it\/fr\/chi-siamo\/numeri-di-emergenza\/","title":{"rendered":"Urgences consulaires"},"content":{"rendered":"<p><strong>Num\u00e9ros d&rsquo;urgence pour demandes d&rsquo;assistance consulaire<\/strong><\/p>\n<p>En cas de d\u00e9c\u00e8s, accident grave ou autre situation comportant des risques pour la sant\u00e9 ou un danger pour l&rsquo;int\u00e9grit\u00e9 personnelle des citoyens italiens \u00e0 l&rsquo;\u00e9tranger n\u00e9cessitant l&rsquo;intervention urgente des autorit\u00e9s consulaires, veuillez contacter :<\/p>\n<p><strong>+33 (0)6 07 52 04 18<\/strong>, du lundi au vendredi de <strong>18h00 \u00e0 22h00<\/strong> et le samedi, dimanche et jours f\u00e9ri\u00e9s de <strong>8h00 \u00e0 22h00<\/strong>.<\/p>\n<p><strong>+33 (0)6 69 43 76 08<\/strong>, tous les jours de <strong>22h00 \u00e0 8h00<\/strong> du matin suivant.<\/p>\n<p>Les appels concernant les d\u00e9marches consulaires ordinaires (passeports, visas, etc.) NE seront PAS pris en compte.<\/p>\n<p>Nous vous encourageons \u00e0 privil\u00e9gier le contact par e-mail. Adresse e-mail : <a href=\"mailto:sociale.marsiglia@esteri.it\" target=\"_new\" rel=\"noopener\">sociale.marsiglia@esteri.it<\/a><\/p>\n<p><strong>ATTENTION<\/strong><\/p>\n<p>En cas d&rsquo;accidents graves, de situations comportant des risques imm\u00e9diats pour la sant\u00e9 ou de danger pour l&rsquo;int\u00e9grit\u00e9 personnelle, n\u00e9cessitant une intervention urgente des autorit\u00e9s locales de sant\u00e9, de police ou de pompiers, veuillez appeler directement le num\u00e9ro d&rsquo;urgence unique : 112.<\/p>\n","protected":false},"excerpt":{"rendered":"Num\u00e9ros d&rsquo;urgence pour demandes d&rsquo;assistance consulaire En cas de d\u00e9c\u00e8s, accident grave ou autre situation comportant des risques pour la sant\u00e9 ou un danger pour l&rsquo;int\u00e9grit\u00e9 personnelle des citoyens italiens \u00e0 l&rsquo;\u00e9tranger n\u00e9cessitant l&rsquo;intervention urgente des autorit\u00e9s consulaires, veuillez contacter : +33 (0)6 07 52 04 18, du lundi au vendredi de 18h00 \u00e0 22h00 [&hellip;]","protected":false},"author":2,"featured_media":0,"parent":36,"menu_order":12,"comment_status":"closed","ping_status":"closed","template":"","meta":{"footnotes":""},"class_list":["post-151","page","type-page","status-publish","hentry"],"_links":{"self":[{"href":"https:\/\/consmarsiglia.esteri.it\/fr\/wp-json\/wp\/v2\/pages\/151","targetHints":{"allow":["GET"]}}],"collection":[{"href":"https:\/\/consmarsiglia.esteri.it\/fr\/wp-json\/wp\/v2\/pages"}],"about":[{"href":"https:\/\/consmarsiglia.esteri.it\/fr\/wp-json\/wp\/v2\/types\/page"}],"author":[{"embeddable":true,"href":"https:\/\/consmarsiglia.esteri.it\/fr\/wp-json\/wp\/v2\/users\/2"}],"replies":[{"embeddable":true,"href":"https:\/\/consmarsiglia.esteri.it\/fr\/wp-json\/wp\/v2\/comments?post=151"}],"version-history":[{"count":3,"href":"https:\/\/consmarsiglia.esteri.it\/fr\/wp-json\/wp\/v2\/pages\/151\/revisions"}],"predecessor-version":[{"id":1986,"href":"https:\/\/consmarsiglia.esteri.it\/fr\/wp-json\/wp\/v2\/pages\/151\/revisions\/1986"}],"up":[{"embeddable":true,"href":"https:\/\/consmarsiglia.esteri.it\/fr\/wp-json\/wp\/v2\/pages\/36"}],"wp:attachment":[{"href":"https:\/\/consmarsiglia.esteri.it\/fr\/wp-json\/wp\/v2\/media?parent=151"}],"curies":[{"name":"wp","href":"https:\/\/api.w.org\/{rel}","templated":true}]}}