{"id":155,"date":"2023-01-27T10:43:43","date_gmt":"2023-01-27T09:43:43","guid":{"rendered":"https:\/\/consmarsiglia.esteri.it\/italia-e-francia\/diplomazia-scientifica\/"},"modified":"2023-04-18T10:34:12","modified_gmt":"2023-04-18T08:34:12","slug":"diplomazia-scientifica","status":"publish","type":"page","link":"https:\/\/consmarsiglia.esteri.it\/fr\/italia-e-francia\/diplomazia-scientifica\/","title":{"rendered":"Diplomatie scientifique"},"content":{"rendered":"<div class=\"entry-content\">\n<p>R\u00e9sumer en quelques lignes le tableau des relations scientifiques et d\u2019enseignement sup\u00e9rieur entre l\u2019Italie et la France est pratiquement impossible, tant elles sont intenses et \u00e9tendues. L\u2019int\u00e9gration des deux syst\u00e8mes refl\u00e8te des liens culturels et sociaux tr\u00e8s \u00e9troits et contribue \u00e0 faire des deux pays parmi les principaux acteurs de la recherche internationale ainsi que des partenaires tr\u00e8s importants, entre autres aux int\u00e9r\u00eats de plus en plus crois\u00e9s, au niveau europ\u00e9en.<\/p>\n<p>Il n\u2019y a pas de secteur disciplinaire o\u00f9 une certaine forme de collaboration italo-fran\u00e7aise ne soit pas active, dans les diff\u00e9rents dossiers, nous essayons de mettre en \u00e9vidence les outils les plus utiles et les sujets les plus potentiels pour les relations bilat\u00e9rales.<\/p>\n<p>L\u2019attach\u00e9 scientifique de l\u2019Ambassade d\u2019Italie \u00e0 Paris reste disponible pour fournir, \u00e9galement en collaboration avec d\u2019autres organismes publics nationaux, une assistance d\u2019information, des indications pratiques, un soutien promotionnel \u00e0 tous les organismes et chercheurs int\u00e9ress\u00e9s par les relations bilat\u00e9rales.<\/p>\n<p><strong>Attach\u00e9 Scientifique:<\/strong> MARCO BORRA<\/p>\n<p>Ambassade d\u2019Italie \u00e0 Paris<br \/>\n51, rue de Varenne 75007 \u2013 PARIS<br \/>\nT\u00e9l +33 (0) 1 49 54 03 51<br \/>\ne-mail : <a href=\"mailto:parigi.scienza@esteri.it\">parigi.scienza@esteri.it<\/a><\/p>\n<\/div>\n","protected":false},"excerpt":{"rendered":"R\u00e9sumer en quelques lignes le tableau des relations scientifiques et d\u2019enseignement sup\u00e9rieur entre l\u2019Italie et la France est pratiquement impossible, tant elles sont intenses et \u00e9tendues. L\u2019int\u00e9gration des deux syst\u00e8mes refl\u00e8te des liens culturels et sociaux tr\u00e8s \u00e9troits et contribue \u00e0 faire des deux pays parmi les principaux acteurs de la recherche internationale ainsi que [&hellip;]","protected":false},"author":2,"featured_media":0,"parent":35,"menu_order":6,"comment_status":"closed","ping_status":"closed","template":"","meta":{"footnotes":""},"class_list":["post-155","page","type-page","status-publish","hentry"],"_links":{"self":[{"href":"https:\/\/consmarsiglia.esteri.it\/fr\/wp-json\/wp\/v2\/pages\/155","targetHints":{"allow":["GET"]}}],"collection":[{"href":"https:\/\/consmarsiglia.esteri.it\/fr\/wp-json\/wp\/v2\/pages"}],"about":[{"href":"https:\/\/consmarsiglia.esteri.it\/fr\/wp-json\/wp\/v2\/types\/page"}],"author":[{"embeddable":true,"href":"https:\/\/consmarsiglia.esteri.it\/fr\/wp-json\/wp\/v2\/users\/2"}],"replies":[{"embeddable":true,"href":"https:\/\/consmarsiglia.esteri.it\/fr\/wp-json\/wp\/v2\/comments?post=155"}],"version-history":[{"count":0,"href":"https:\/\/consmarsiglia.esteri.it\/fr\/wp-json\/wp\/v2\/pages\/155\/revisions"}],"up":[{"embeddable":true,"href":"https:\/\/consmarsiglia.esteri.it\/fr\/wp-json\/wp\/v2\/pages\/35"}],"wp:attachment":[{"href":"https:\/\/consmarsiglia.esteri.it\/fr\/wp-json\/wp\/v2\/media?parent=155"}],"curies":[{"name":"wp","href":"https:\/\/api.w.org\/{rel}","templated":true}]}}