{"id":1637,"date":"2023-03-14T09:42:23","date_gmt":"2023-03-14T08:42:23","guid":{"rendered":"https:\/\/consmarsiglia.esteri.it\/?page_id=1637"},"modified":"2026-01-06T11:30:19","modified_gmt":"2026-01-06T10:30:19","slug":"transcription-en-italie-de-lacte-dun-mariage-celebre-en-france","status":"publish","type":"page","link":"https:\/\/consmarsiglia.esteri.it\/fr\/servizi-consolari-e-visti\/servizi-per-il-cittadino-italiano\/stato-civile\/matrimonio\/matrimonio-presso-un-comune-francese\/transcription-en-italie-de-lacte-dun-mariage-celebre-en-france\/","title":{"rendered":"Transcription en Italie de l&rsquo;acte d&rsquo;un mariage c\u00e9l\u00e9br\u00e9 en France"},"content":{"rendered":"<p>Les citoyens italiens qui contractent un mariage en France doivent envoyer par la poste au Consulat G\u00e9n\u00e9ral d&rsquo;Italie \u00e0 Marseille: (56 rue d&rsquo;Alger 13005 Marseille)<\/p>\n<p>&#8211; extrait de l&rsquo;acte de mariage plurilingue EN ORIGINAL<\/p>\n<p>&#8211; copie des documents d&rsquo;identit\u00e9<\/p>\n<p>&#8211; <a href=\"https:\/\/consmarsiglia.esteri.it\/wp-content\/uploads\/2023\/03\/richiesta_trascrizione_atto_di_matrimonio.pdf\">formulaire de demande<\/a><\/p>\n<p>Cette d\u00e9marche est toujours n\u00e9cessaire, m\u00eame lorsque la commune fran\u00e7aise o\u00f9 le mariage a \u00e9t\u00e9 c\u00e9l\u00e9br\u00e9 assure qu&rsquo;elle communiquera le mariage \u00e0 ce Consulat g\u00e9n\u00e9ral.<\/p>\n<p>Le d\u00e9lai de traitement est d&rsquo;environ trois mois<\/p>\n<p>&nbsp;<\/p>\n","protected":false},"excerpt":{"rendered":"Les citoyens italiens qui contractent un mariage en France doivent envoyer par la poste au Consulat G\u00e9n\u00e9ral d&rsquo;Italie \u00e0 Marseille: (56 rue d&rsquo;Alger 13005 Marseille) &#8211; extrait de l&rsquo;acte de mariage plurilingue EN ORIGINAL &#8211; copie des documents d&rsquo;identit\u00e9 &#8211; formulaire de demande Cette d\u00e9marche est toujours n\u00e9cessaire, m\u00eame lorsque la commune fran\u00e7aise o\u00f9 le [&hellip;]","protected":false},"author":8,"featured_media":0,"parent":545,"menu_order":1,"comment_status":"closed","ping_status":"closed","template":"","meta":{"footnotes":""},"class_list":["post-1637","page","type-page","status-publish","hentry"],"_links":{"self":[{"href":"https:\/\/consmarsiglia.esteri.it\/fr\/wp-json\/wp\/v2\/pages\/1637","targetHints":{"allow":["GET"]}}],"collection":[{"href":"https:\/\/consmarsiglia.esteri.it\/fr\/wp-json\/wp\/v2\/pages"}],"about":[{"href":"https:\/\/consmarsiglia.esteri.it\/fr\/wp-json\/wp\/v2\/types\/page"}],"author":[{"embeddable":true,"href":"https:\/\/consmarsiglia.esteri.it\/fr\/wp-json\/wp\/v2\/users\/8"}],"replies":[{"embeddable":true,"href":"https:\/\/consmarsiglia.esteri.it\/fr\/wp-json\/wp\/v2\/comments?post=1637"}],"version-history":[{"count":1,"href":"https:\/\/consmarsiglia.esteri.it\/fr\/wp-json\/wp\/v2\/pages\/1637\/revisions"}],"predecessor-version":[{"id":1638,"href":"https:\/\/consmarsiglia.esteri.it\/fr\/wp-json\/wp\/v2\/pages\/1637\/revisions\/1638"}],"up":[{"embeddable":true,"href":"https:\/\/consmarsiglia.esteri.it\/fr\/wp-json\/wp\/v2\/pages\/545"}],"wp:attachment":[{"href":"https:\/\/consmarsiglia.esteri.it\/fr\/wp-json\/wp\/v2\/media?parent=1637"}],"curies":[{"name":"wp","href":"https:\/\/api.w.org\/{rel}","templated":true}]}}