{"id":1893,"date":"2024-03-18T10:10:16","date_gmt":"2024-03-18T09:10:16","guid":{"rendered":"https:\/\/consmarsiglia.esteri.it\/?page_id=1893"},"modified":"2024-03-18T10:13:33","modified_gmt":"2024-03-18T09:13:33","slug":"langue-et-culture-italienne","status":"publish","type":"page","link":"https:\/\/consmarsiglia.esteri.it\/fr\/italia-e-francia\/diplomazia-culturale\/langue-et-culture-italienne\/","title":{"rendered":"Langue et culture italienne"},"content":{"rendered":"<p>Pour des informations plus d\u00e9taill\u00e9es sur les buts, les objectifs, la programmation et les activit\u00e9s de formation men\u00e9es dans les \u00e9coles de cette Circonscription o\u00f9 l&rsquo;enseignement de la langue et de la culture italiennes est actif, nous vous invitons \u00e0 consulter les pages correspondantes du Bureau Scolaire du Consulat G\u00e9n\u00e9ral de Nice, qui est \u00e9galement responsable de Marseille.<br \/>\n<a href=\"https:\/\/consnizza.esteri.it\/it\/italia-e-francia\/diplomazia-culturale\/lingua-e-cultura-italiana\/\">Ici le lien<\/a> vers la page d\u00e9di\u00e9e sur le site du Consulat G\u00e9n\u00e9ral d&rsquo;Italie \u00e0 Nice<\/p>\n<p>&nbsp;<\/p>\n","protected":false},"excerpt":{"rendered":"Pour des informations plus d\u00e9taill\u00e9es sur les buts, les objectifs, la programmation et les activit\u00e9s de formation men\u00e9es dans les \u00e9coles de cette Circonscription o\u00f9 l&rsquo;enseignement de la langue et de la culture italiennes est actif, nous vous invitons \u00e0 consulter les pages correspondantes du Bureau Scolaire du Consulat G\u00e9n\u00e9ral de Nice, qui est \u00e9galement [&hellip;]","protected":false},"author":6,"featured_media":0,"parent":157,"menu_order":0,"comment_status":"closed","ping_status":"closed","template":"","meta":{"footnotes":""},"class_list":["post-1893","page","type-page","status-publish","hentry"],"_links":{"self":[{"href":"https:\/\/consmarsiglia.esteri.it\/fr\/wp-json\/wp\/v2\/pages\/1893","targetHints":{"allow":["GET"]}}],"collection":[{"href":"https:\/\/consmarsiglia.esteri.it\/fr\/wp-json\/wp\/v2\/pages"}],"about":[{"href":"https:\/\/consmarsiglia.esteri.it\/fr\/wp-json\/wp\/v2\/types\/page"}],"author":[{"embeddable":true,"href":"https:\/\/consmarsiglia.esteri.it\/fr\/wp-json\/wp\/v2\/users\/6"}],"replies":[{"embeddable":true,"href":"https:\/\/consmarsiglia.esteri.it\/fr\/wp-json\/wp\/v2\/comments?post=1893"}],"version-history":[{"count":1,"href":"https:\/\/consmarsiglia.esteri.it\/fr\/wp-json\/wp\/v2\/pages\/1893\/revisions"}],"predecessor-version":[{"id":1896,"href":"https:\/\/consmarsiglia.esteri.it\/fr\/wp-json\/wp\/v2\/pages\/1893\/revisions\/1896"}],"up":[{"embeddable":true,"href":"https:\/\/consmarsiglia.esteri.it\/fr\/wp-json\/wp\/v2\/pages\/157"}],"wp:attachment":[{"href":"https:\/\/consmarsiglia.esteri.it\/fr\/wp-json\/wp\/v2\/media?parent=1893"}],"curies":[{"name":"wp","href":"https:\/\/api.w.org\/{rel}","templated":true}]}}