{"id":2017,"date":"2024-05-14T16:17:27","date_gmt":"2024-05-14T14:17:27","guid":{"rendered":"https:\/\/consmarsiglia.esteri.it\/?page_id=2017"},"modified":"2024-05-14T16:19:35","modified_gmt":"2024-05-14T14:19:35","slug":"demande-dextrait-de-casier-judiciaire-italien","status":"publish","type":"page","link":"https:\/\/consmarsiglia.esteri.it\/fr\/servizi-consolari-e-visti\/servizi-per-il-cittadino-italiano\/demande-dextrait-de-casier-judiciaire-italien\/","title":{"rendered":"Demande d&rsquo;Extrait de casier judiciaire italien"},"content":{"rendered":"<p><strong>Les consulats ne sont PAS comp\u00e9tents pour d\u00e9livrer des extraits de casier judiciaire.<\/strong> Pour les informations relatives \u00e0 la demande d\u2019extrait de casier judiciaire veuillez consulter le <a href=\"https:\/\/www.giustizia.it\/giustizia\/it\/3_3_1.page\">site du Minist\u00e8re de la Justice<\/a>.<\/p>\n<p><strong>Pour obtenir un extrait de casier judiciaire<\/strong> (g\u00e9n\u00e9ral, civil ou p\u00e9nal), les citoyens italiens ou \u00e9trangers r\u00e9sidant \u00e0 l&rsquo;\u00e9tranger peuvent adresser leur demande au bureau du casier judiciaire de <strong>quelconque<\/strong> <strong>Tribunal de la R\u00e9publique<\/strong>. Il est conseill\u00e9 de v\u00e9rifier les coordonn\u00e9es des bureaux concern\u00e9s car chaque tribunal fonctionne diff\u00e9remment sur la mani\u00e8re de pr\u00e9senter la demande de certificat, certains bureaux acceptant en effet la demande par courrier, d&rsquo;autres permettant de pr\u00e9senter la demande en ligne en se connectant au site web du tribunal.<\/p>\n<p>La demande, r\u00e9dig\u00e9e sur papier libre, doit contenir les informations suivantes :<\/p>\n<ul>\n<li>Les coordonn\u00e9es de la personne \u00e0 laquelle l\u2019extrait se r\u00e9f\u00e8re, ainsi que le lieu et la date de naissance\u00a0;<\/li>\n<li>L&rsquo;adresse de r\u00e9sidence actuelle \u00e0 laquelle l\u2019extrait demand\u00e9 doit \u00eatre envoy\u00e9\u00a0;<\/li>\n<li>Raison de la demande de l\u2019extrait.<\/li>\n<\/ul>\n<p>La demande doit \u00eatre sign\u00e9e par la personne \u00e0 laquelle se r\u00e9f\u00e8re l\u2019extrait et doit pr\u00e9ciser le type d\u2019extrait demand\u00e9.<\/p>\n<p>La demande doit \u00eatre accompagn\u00e9e\u00a0:<\/p>\n<ul>\n<li>De la copie d&rsquo;une pi\u00e8ce d&rsquo;identit\u00e9 valide\u00a0;<\/li>\n<li>De la preuve du paiement du montant total des timbres, des taxes et des frais de livraison de l\u2019extrait\u00a0;<\/li>\n<li>De l\u2019enveloppe pr\u00e9remplie comportant l&rsquo;adresse, pour la livraison de l\u2019extrait demand\u00e9, sans timbres.<\/li>\n<\/ul>\n<p>Pour conna\u00eetre les modalit\u00e9s de paiement, vous devez vous adresser au service du casier judiciaire auquel vous adressez votre demande.<\/p>\n<p><strong>Il existe \u00e9galement un portail de r\u00e9servation en ligne pour les certificats de casier judiciaire, accessible \u00e0 partir de <a href=\"https:\/\/certificaticasellario.giustizia.it\/sac\/\">ce lien<\/a>.<\/strong><\/p>\n","protected":false},"excerpt":{"rendered":"Les consulats ne sont PAS comp\u00e9tents pour d\u00e9livrer des extraits de casier judiciaire. Pour les informations relatives \u00e0 la demande d\u2019extrait de casier judiciaire veuillez consulter le site du Minist\u00e8re de la Justice. Pour obtenir un extrait de casier judiciaire (g\u00e9n\u00e9ral, civil ou p\u00e9nal), les citoyens italiens ou \u00e9trangers r\u00e9sidant \u00e0 l&rsquo;\u00e9tranger peuvent adresser leur [&hellip;]","protected":false},"author":6,"featured_media":0,"parent":163,"menu_order":0,"comment_status":"closed","ping_status":"closed","template":"","meta":{"footnotes":""},"class_list":["post-2017","page","type-page","status-publish","hentry"],"_links":{"self":[{"href":"https:\/\/consmarsiglia.esteri.it\/fr\/wp-json\/wp\/v2\/pages\/2017","targetHints":{"allow":["GET"]}}],"collection":[{"href":"https:\/\/consmarsiglia.esteri.it\/fr\/wp-json\/wp\/v2\/pages"}],"about":[{"href":"https:\/\/consmarsiglia.esteri.it\/fr\/wp-json\/wp\/v2\/types\/page"}],"author":[{"embeddable":true,"href":"https:\/\/consmarsiglia.esteri.it\/fr\/wp-json\/wp\/v2\/users\/6"}],"replies":[{"embeddable":true,"href":"https:\/\/consmarsiglia.esteri.it\/fr\/wp-json\/wp\/v2\/comments?post=2017"}],"version-history":[{"count":1,"href":"https:\/\/consmarsiglia.esteri.it\/fr\/wp-json\/wp\/v2\/pages\/2017\/revisions"}],"predecessor-version":[{"id":2018,"href":"https:\/\/consmarsiglia.esteri.it\/fr\/wp-json\/wp\/v2\/pages\/2017\/revisions\/2018"}],"up":[{"embeddable":true,"href":"https:\/\/consmarsiglia.esteri.it\/fr\/wp-json\/wp\/v2\/pages\/163"}],"wp:attachment":[{"href":"https:\/\/consmarsiglia.esteri.it\/fr\/wp-json\/wp\/v2\/media?parent=2017"}],"curies":[{"name":"wp","href":"https:\/\/api.w.org\/{rel}","templated":true}]}}