{"id":2365,"date":"2024-10-24T15:40:00","date_gmt":"2024-10-24T13:40:00","guid":{"rendered":"https:\/\/consmarsiglia.esteri.it\/?page_id=2365"},"modified":"2026-02-13T09:24:53","modified_gmt":"2026-02-13T08:24:53","slug":"code-fiscal-2","status":"publish","type":"page","link":"https:\/\/consmarsiglia.esteri.it\/fr\/servizi-consolari-e-visti\/servizi-per-il-cittadino-straniero\/code-fiscal-2\/","title":{"rendered":"Code Fiscal"},"content":{"rendered":"<p>Le <strong>code fiscal italien<\/strong> (<em>codice fiscale<\/em>) est le code alphanum\u00e9rique d\u00e9livr\u00e9 par l\u2019Agence des recettes italienne (<em>Agenzia delle Entrate<\/em>) pour identifier les citoyens (italiens ou \u00e9trangers) dans leurs relations avec les administrations publiques, les particuliers et les organismes en Italie.<br \/>\nPour les personnes physiques, le code fiscal est d\u00e9termin\u00e9 sur la base des donn\u00e9es d\u2019\u00e9tat civil.<br \/>\nToute formalit\u00e9 administrative (paiement de taxes, imp\u00f4ts, redevances, etc.) ou activit\u00e9 contractuelle (acceptation d\u2019h\u00e9ritage, contrats avec des personnes publiques ou priv\u00e9es, demande de financement, sponsoring, locations ou pr\u00eats \u00e0 usage de biens immobiliers, etc.) exige l\u2019indication du code fiscal de la personne concern\u00e9e.<br \/>\nLes citoyens \u00e9trangers peuvent demander le code fiscal selon les modalit\u00e9s suivantes :<\/p>\n<ul>\n<li>Par procuration sp\u00e9ciale, en mandatant une personne pour d\u00e9poser le formulaire de demande de code fiscal directement aupr\u00e8s des bureaux de l\u2019Agenzia delle Entrate en Italie, conform\u00e9ment \u00e0 l\u2019art. 1 du D.M. d\u2019application n\u00b0 281 du 17 mai 2001.<\/li>\n<li>Directement aupr\u00e8s des bureaux de l\u2019Agenzia delle Entrate en Italie, une fois entr\u00e9s sur le territoire.<\/li>\n<\/ul>\n<p>Les adresses des bureaux sont disponibles sur le site de l\u2019Agence, o\u00f9 il est aussi possible de prendre rendez-vous via le lien : <a class=\"\" href=\"https:\/\/www.agenziaentrate.gov.it\/portale\/prenota-un-appuntamento\" data-focus-mouse=\"false\">Prenota un appuntamento \u2013 Agenzia delle Entrate<\/a>.<\/p>\n<p>Pour en savoir plus, il est recommand\u00e9 de consulter la \u00a0<a href=\"https:\/\/www.agenziaentrate.gov.it\/portale\/documents\/20143\/233505\/Folder_CodiceFiscaleStranieri_08+03+23.pdf\/218dc638-ced1-3b2d-f5f2-912686b1f7fe?t=1682082253716\">Mini Guida al codice fiscale per stranieri<\/a> de l\u2019Agenzia delle Entrate, disponible en plusieurs langues sur le site :<br \/>\n<a href=\"https:\/\/www.agenziaentrate.gov.it\/portale\/mini-guida-codice-fiscale-per-stranieri\">L\u2019Agenzia \u2013 Mini guida codice fiscale per stranieri \u2013 Agenzia delle Entrate<\/a><\/p>\n<p>Les demandes d\u2019attribution de code fiscal <strong>ne seront pas accept\u00e9es<\/strong> pour les cat\u00e9gories suivantes, qui doivent passer par les canaux sp\u00e9cifiques :<\/p>\n<ul>\n<li>\u00c9tudiants effectuant une p\u00e9riode d\u2019\u00e9tudes dans une universit\u00e9 italienne et ayant besoin du code fiscal :\n<ul>\n<li>\u00e9tudiants hors UE : aupr\u00e8s du Guichet unique de l\u2019Immigration (Sportello Unico dell\u2019Immigrazione) ou de la Questura lors de la demande de permis de s\u00e9jour ;<\/li>\n<li>\u00e9tudiants UE : aupr\u00e8s de l\u2019Agenzia delle Entrate, en pr\u00e9sentant le \u00a0<a href=\"https:\/\/www.agenziaentrate.gov.it\/portale\/documents\/20143\/278893\/modello+editabile+AA4_8_AA4-8+ita.pdf\/e614eda6-701e-c62f-76e5-bdfcd731060a\">modulo AA4\/8<\/a>.\u00a0<a href=\"https:\/\/www.agenziaentrate.gov.it\/portale\/prenota-un-appuntamento\">Prenota un appuntamento \u2013 Agenzia delle Entrate<\/a>.<\/li>\n<\/ul>\n<\/li>\n<li>Citoyens \u00e9trangers ayant besoin du code fiscal pour l\u2019achat d\u2019un bien immobilier ou d\u2019autres activit\u00e9s commerciales\/financi\u00e8res en Italie : ils peuvent mandater un repr\u00e9sentant pour faire la demande \u00e0 leur place aupr\u00e8s de l\u2019Agenzia delle Entrate.<\/li>\n<li>Citoyens de pays hors UE souhaitant s\u00e9journer en Italie :<br \/>\nle code fiscal est attribu\u00e9 par le Guichet unique de l\u2019Immigration (dans chaque Pr\u00e9fecture), comp\u00e9tent pour la d\u00e9livrance du laisser passer d\u2019entr\u00e9e aux citoyens \u00e9trangers demandant un permis de s\u00e9jour pour travail salari\u00e9 ou regroupement familial ; ou par la Questura\u00a0 pour les autres types de permis de s\u00e9jour.<\/li>\n<li>Citoyens de pays UE souhaitant <strong>s\u00e9journer<\/strong> en Italie :<br \/>\nle code fiscal est attribu\u00e9 par un bureau territorial de l\u2019Agenzia delle Entrate sur pr\u00e9sentation du formulaire AA4\/8, d\u2019une pi\u00e8ce d\u2019identit\u00e9 valide (carte d\u2019identit\u00e9 ou passeport) et du motif de la demande.<\/li>\n<li>Le citoyen \u00e9tranger ayant besoin d\u2019un code fiscal pour engager une proc\u00e9dure judiciaire en Italie peut inclure, parmi les pouvoirs confi\u00e9s \u00e0 son avocat, celui de demander le code fiscal aupr\u00e8s de n\u2019importe quel bureau de l\u2019Agenzia delle Entrate.<\/li>\n<\/ul>\n<p><strong>Le code fiscal peut \u00eatre demand\u00e9 par un ressortissant \u00e9tranger (uniquement les \u00ab personnes physiques \u00bb) aupr\u00e8s de ce Consulat g\u00e9n\u00e9ral uniquement s\u2019il r\u00e9side dans la circonscription consulaire de Marseille.<\/strong><\/p>\n<p><strong>Proc\u00e9dure de demande pour les citoyens \u00e9trangers qui ne rentrent pas dans les cat\u00e9gories ci-dessus :<\/strong><\/p>\n<p>La demande doit \u00eatre introduite par courrier \u00e9lectronique, en envoyant \u00e0 <a href=\"mailto:marsiglia.codfiscale@esteri.it\">marsiglia.codfiscale@esteri.it<\/a><\/p>\n<ul>\n<li>le <a href=\"https:\/\/consmarsiglia.esteri.it\/wp-content\/uploads\/2023\/03\/codice_fiscale.pdf\">formulaire<\/a> appropri\u00e9 d\u00fbment compl\u00e9t\u00e9 ;<\/li>\n<li>une copie d&rsquo;une pi\u00e8ce d&rsquo;identit\u00e9 en cours de validit\u00e9 ;<\/li>\n<li>une br\u00e8ve d\u00e9claration \u00e9crite indiquant le motif de la demande et les coordonn\u00e9es t\u00e9l\u00e9phoniques.<\/li>\n<\/ul>\n<p>D\u00e9lai de lib\u00e9ration : environ 30 jours<br \/>\nVeuillez indiquer et prouver l&rsquo;urgence \u00e9ventuelle lors de l&rsquo;introduction de votre demande.<\/p>\n<p><strong>Conclusion de la proc\u00e9dure<\/strong><br \/>\nLa certification est envoy\u00e9e par e-mail. L&rsquo;Agenzia delle Entrate ne d\u00e9livre plus de cartes plastiques. Le code fiscal n&rsquo;expire pas et ne change pas en cas de transfert \u00e0 l&rsquo;\u00e9tranger. Ce bureau n&rsquo;a pas la possibilit\u00e9 de modifier un code fiscal en raison d&rsquo;une erreur ou d&rsquo;un changement de nom : il est n\u00e9cessaire de s&rsquo;adresser au bureau du fisc en Italie.<\/p>\n<p>&nbsp;<\/p>\n<p>&nbsp;<\/p>\n","protected":false},"excerpt":{"rendered":"Le code fiscal italien (codice fiscale) est le code alphanum\u00e9rique d\u00e9livr\u00e9 par l\u2019Agence des recettes italienne (Agenzia delle Entrate) pour identifier les citoyens (italiens ou \u00e9trangers) dans leurs relations avec les administrations publiques, les particuliers et les organismes en Italie. Pour les personnes physiques, le code fiscal est d\u00e9termin\u00e9 sur la base des donn\u00e9es d\u2019\u00e9tat [&hellip;]","protected":false},"author":6,"featured_media":0,"parent":161,"menu_order":0,"comment_status":"closed","ping_status":"closed","template":"","meta":{"footnotes":""},"class_list":["post-2365","page","type-page","status-publish","hentry"],"_links":{"self":[{"href":"https:\/\/consmarsiglia.esteri.it\/fr\/wp-json\/wp\/v2\/pages\/2365","targetHints":{"allow":["GET"]}}],"collection":[{"href":"https:\/\/consmarsiglia.esteri.it\/fr\/wp-json\/wp\/v2\/pages"}],"about":[{"href":"https:\/\/consmarsiglia.esteri.it\/fr\/wp-json\/wp\/v2\/types\/page"}],"author":[{"embeddable":true,"href":"https:\/\/consmarsiglia.esteri.it\/fr\/wp-json\/wp\/v2\/users\/6"}],"replies":[{"embeddable":true,"href":"https:\/\/consmarsiglia.esteri.it\/fr\/wp-json\/wp\/v2\/comments?post=2365"}],"version-history":[{"count":6,"href":"https:\/\/consmarsiglia.esteri.it\/fr\/wp-json\/wp\/v2\/pages\/2365\/revisions"}],"predecessor-version":[{"id":4151,"href":"https:\/\/consmarsiglia.esteri.it\/fr\/wp-json\/wp\/v2\/pages\/2365\/revisions\/4151"}],"up":[{"embeddable":true,"href":"https:\/\/consmarsiglia.esteri.it\/fr\/wp-json\/wp\/v2\/pages\/161"}],"wp:attachment":[{"href":"https:\/\/consmarsiglia.esteri.it\/fr\/wp-json\/wp\/v2\/media?parent=2365"}],"curies":[{"name":"wp","href":"https:\/\/api.w.org\/{rel}","templated":true}]}}