{"id":2762,"date":"2025-04-03T10:47:08","date_gmt":"2025-04-03T08:47:08","guid":{"rendered":"https:\/\/consmarsiglia.esteri.it\/referendum-abrogativi-8-e-9-giugno-2025\/opzione-per-il-voto-in-italia\/"},"modified":"2025-04-03T14:33:57","modified_gmt":"2025-04-03T12:33:57","slug":"opzione-per-il-voto-in-italia","status":"publish","type":"page","link":"https:\/\/consmarsiglia.esteri.it\/fr\/referendum-abrogativi-8-e-9-giugno-2025\/opzione-per-il-voto-in-italia\/","title":{"rendered":"Option pour le vote en Italie"},"content":{"rendered":"<div class=\"text-base my-auto mx-auto py-5 px-6\">\n<div class=\"mx-auto flex flex-1 text-base gap-4 md:gap-5 lg:gap-6 md:max-w-3xl group\/turn-messages focus-visible:outline-hidden\" tabindex=\"-1\">\n<div class=\"group\/conversation-turn relative flex w-full min-w-0 flex-col agent-turn @xs\/thread:px-0 @sm\/thread:px-1.5 @md\/thread:px-4\">\n<div class=\"relative flex-col gap-1 md:gap-3\">\n<div class=\"flex max-w-full flex-col grow\">\n<div class=\"min-h-8 text-message relative flex w-full flex-col items-end gap-2 text-start break-words whitespace-normal [.text-message+&amp;]:mt-5\" dir=\"auto\" data-message-author-role=\"assistant\" data-message-id=\"82dadb49-d139-44b7-9679-701c6aea5588\" data-message-model-slug=\"gpt-4o-mini\">\n<div class=\"flex w-full flex-col gap-1 empty:hidden first:pt-[3px]\">\n<div class=\"markdown prose dark:prose-invert w-full break-words light\">\n<p>Il est possible, en alternative, pour les \u00e9lecteurs r\u00e9sidant \u00e0 l&rsquo;\u00e9tranger et inscrits \u00e0 l&rsquo;AIRE, de choisir de voter en Italie, dans leur commune d&rsquo;inscription \u00e9lectorale, en communiquant par \u00e9crit leur choix (OPTION) au Bureau consulaire dans un d\u00e9lai de dix jours suivant la convocation des \u00e9lections. Les \u00e9lecteurs qui choisissent de voter en Italie lors de la prochaine consultation recevront une carte d&rsquo;avertissement de la part de leur commune d&rsquo;inscription en Italie, les informant de l&#8217;emplacement des bureaux de vote. Le choix (option) de voter en Italie est valable uniquement pour l&rsquo;\u00e9v\u00e9nement \u00e9lectoral pour lequel il a \u00e9t\u00e9 exprim\u00e9.<\/p>\n<p>Il est rappel\u00e9 que dans tous les cas, l&rsquo;option DOIT PARVENIR au Bureau consulaire AU PLUS TARD DIX JOURS APR\u00c8S LA CONVOCATION DES \u00c9LECTIONS, C&rsquo;EST-\u00c0-DIRE AU PLUS TARD LE <strong>10\/04\/2025.<\/strong><\/p>\n<p>Cette communication peut \u00eatre r\u00e9dig\u00e9e sur papier libre et doit \u2013 pour \u00eatre valide \u2013 contenir le nom, pr\u00e9nom, la date et le lieu de naissance, le lieu de r\u00e9sidence et la signature de l&rsquo;\u00e9lecteur, et \u00eatre accompagn\u00e9e d&rsquo;une copie d&rsquo;une pi\u00e8ce d&rsquo;identit\u00e9 de la personne d\u00e9clarant.<\/p>\n<p>Pour cette communication, il est \u00e9galement possible d&rsquo;utiliser le formulaire sp\u00e9cifique t\u00e9l\u00e9chargeable sur le site web du <a href=\"http:\/\/www.esteri.it\">Minist\u00e8re des Affaires \u00c9trang\u00e8res et de la Coop\u00e9ration Internationale<\/a>\u00a0 ou celui du <a href=\"https:\/\/consmarsiglia.esteri.it\/wp-content\/uploads\/2025\/04\/Formulario-Opzione-Voto-In-Italia.pdf\">Consulat G\u00e9n\u00e9ral de Marseille.<\/a><\/p>\n<p>Le formulaire d\u00fbment rempli, sign\u00e9 et accompagn\u00e9 d&rsquo;une pi\u00e8ce d&rsquo;identit\u00e9, peut \u00eatre envoy\u00e9 :<\/p>\n<p>par courrier \u00e9lectronique ordinaire : <a href=\"mailto:elettorale.marsiglia@esteri.it\">elettorale.marsiglia@esteri.it<\/a><\/p>\n<p>par courrier \u00e9lectronique certifi\u00e9 : <a href=\"mailto:con.marsiglia.anagrafe@cert.esteri.it\">con.marsiglia.anagrafe@cert.esteri.it<\/a><\/p>\n<p>Comme prescrit par la l\u00e9gislation en vigueur, il incombe aux \u00e9lecteurs de v\u00e9rifier que la communication d&rsquo;option envoy\u00e9e par courrier a bien \u00e9t\u00e9 re\u00e7ue \u00e0 temps par leur Bureau consulaire. Les demandes re\u00e7ues apr\u00e8s le d\u00e9lai indiqu\u00e9 ci-dessus NE POURRONT PAS \u00caTRE CONSID\u00c9R\u00c9ES COMME VALIDES.<\/p>\n<p>Le choix de voter en Italie peut \u00eatre ult\u00e9rieurement r\u00e9voqu\u00e9e par une communication \u00e9crite \u00e0 envoyer ou \u00e0 remettre au Bureau consulaire selon les m\u00eames modalit\u00e9s et dans les m\u00eames d\u00e9lais que ceux pr\u00e9vus pour l&rsquo;exercice de l&rsquo;option.<\/p>\n<p>Si vous choisissez de revenir en Italie pour voter, la loi ne pr\u00e9voit aucun remboursement pour les frais de voyage engag\u00e9s, mais uniquement des r\u00e9ductions tarifaires \u00e0 l&rsquo;int\u00e9rieur du territoire italien. Seuls les \u00e9lecteurs r\u00e9sidant dans des pays o\u00f9 il n&rsquo;est pas possible de voter par correspondance (Loi 459\/2001, art. 20, al. 1-bis) ont droit \u00e0 un remboursement de 75 % du prix du billet de voyage, en classe \u00e9conomique.<\/p>\n<p>Conform\u00e9ment au calendrier fourni par le Minist\u00e8re, ce consulat publiera des informations suppl\u00e9mentaires pour les compatriotes non r\u00e9sidents souhaitant s&rsquo;inscrire en tant qu&rsquo;\u00e9lecteurs temporaires, ainsi que d&rsquo;autres d\u00e9tails sur le d\u00e9roulement du vote \u00e0 l&rsquo;\u00e9tranger.<\/p>\n<p>LE BUREAU CONSULAIRE EST DISPONIBLE POUR TOUTE AUTRE PR\u00c9CISION D\u00c9PASSANT LES INFORMATIONS FOURNIES DANS LE PR\u00c9SENT AVIS ET SUR NOTRE SITE WEB.<\/p>\n<p>Contacts : <a href=\"mailto:elettorale.marsiglia@esteri.it\">elettorale.marsiglia@esteri.it<\/a><\/p>\n<p class=\"\" data-start=\"2951\" data-end=\"2992\">\n<\/div>\n<\/div>\n<\/div>\n<\/div>\n<\/div>\n<\/div>\n<\/div>\n<\/div>\n<p>&nbsp;<\/p>\n","protected":false},"excerpt":{"rendered":"Il est possible, en alternative, pour les \u00e9lecteurs r\u00e9sidant \u00e0 l&rsquo;\u00e9tranger et inscrits \u00e0 l&rsquo;AIRE, de choisir de voter en Italie, dans leur commune d&rsquo;inscription \u00e9lectorale, en communiquant par \u00e9crit leur choix (OPTION) au Bureau consulaire dans un d\u00e9lai de dix jours suivant la convocation des \u00e9lections. Les \u00e9lecteurs qui choisissent de voter en Italie [&hellip;]","protected":false},"author":8,"featured_media":0,"parent":2757,"menu_order":0,"comment_status":"closed","ping_status":"closed","template":"","meta":{"footnotes":""},"class_list":["post-2762","page","type-page","status-publish","hentry"],"_links":{"self":[{"href":"https:\/\/consmarsiglia.esteri.it\/fr\/wp-json\/wp\/v2\/pages\/2762","targetHints":{"allow":["GET"]}}],"collection":[{"href":"https:\/\/consmarsiglia.esteri.it\/fr\/wp-json\/wp\/v2\/pages"}],"about":[{"href":"https:\/\/consmarsiglia.esteri.it\/fr\/wp-json\/wp\/v2\/types\/page"}],"author":[{"embeddable":true,"href":"https:\/\/consmarsiglia.esteri.it\/fr\/wp-json\/wp\/v2\/users\/8"}],"replies":[{"embeddable":true,"href":"https:\/\/consmarsiglia.esteri.it\/fr\/wp-json\/wp\/v2\/comments?post=2762"}],"version-history":[{"count":3,"href":"https:\/\/consmarsiglia.esteri.it\/fr\/wp-json\/wp\/v2\/pages\/2762\/revisions"}],"predecessor-version":[{"id":2767,"href":"https:\/\/consmarsiglia.esteri.it\/fr\/wp-json\/wp\/v2\/pages\/2762\/revisions\/2767"}],"up":[{"embeddable":true,"href":"https:\/\/consmarsiglia.esteri.it\/fr\/wp-json\/wp\/v2\/pages\/2757"}],"wp:attachment":[{"href":"https:\/\/consmarsiglia.esteri.it\/fr\/wp-json\/wp\/v2\/media?parent=2762"}],"curies":[{"name":"wp","href":"https:\/\/api.w.org\/{rel}","templated":true}]}}