{"id":2943,"date":"2025-05-22T12:15:53","date_gmt":"2025-05-22T10:15:53","guid":{"rendered":"https:\/\/consmarsiglia.esteri.it\/?page_id=2943"},"modified":"2025-05-22T12:19:00","modified_gmt":"2025-05-22T10:19:00","slug":"listes-de-professionnels","status":"publish","type":"page","link":"https:\/\/consmarsiglia.esteri.it\/fr\/chi-siamo\/gli-uffici\/listes-de-professionnels\/","title":{"rendered":"Listes de professionnels"},"content":{"rendered":"<p>Les listes des professionnels de r\u00e9f\u00e9rence op\u00e9rant dans la circonscription consulaire de ce Consulat g\u00e9n\u00e9ral sont mises \u00e0 votre disposition en cas de n\u00e9cessit\u00e9, sans pr\u00e9judice, bien entendu, de la possibilit\u00e9 de contacter d&rsquo;autres professionnels de votre choix.<\/p>\n<p>Les listes figurant dans le menu de droite ont \u00e9t\u00e9 d\u00e9finies sur la base des demandes d&rsquo;inclusion formul\u00e9es par les professionnels eux-m\u00eames et doivent donc \u00eatre consid\u00e9r\u00e9es comme ouvertes et non exhaustives.<br \/>\nVeuillez noter que le Consulat g\u00e9n\u00e9ral n&rsquo;est pas responsable de la qualit\u00e9 du service fourni par ces professionnels, de leur travail et des honoraires factur\u00e9s.<\/p>\n<p>Pour figurer dans la liste ci-dessus, veuillez contacter <a href=\"mailto:sociale.marsiglia@esteri.it\">sociale.marsiglia@esteri.it<\/a>.<\/p>\n<p>&nbsp;<\/p>\n","protected":false},"excerpt":{"rendered":"Les listes des professionnels de r\u00e9f\u00e9rence op\u00e9rant dans la circonscription consulaire de ce Consulat g\u00e9n\u00e9ral sont mises \u00e0 votre disposition en cas de n\u00e9cessit\u00e9, sans pr\u00e9judice, bien entendu, de la possibilit\u00e9 de contacter d&rsquo;autres professionnels de votre choix. Les listes figurant dans le menu de droite ont \u00e9t\u00e9 d\u00e9finies sur la base des demandes d&rsquo;inclusion [&hellip;]","protected":false},"author":6,"featured_media":0,"parent":145,"menu_order":0,"comment_status":"closed","ping_status":"closed","template":"","meta":{"footnotes":""},"class_list":["post-2943","page","type-page","status-publish","hentry"],"_links":{"self":[{"href":"https:\/\/consmarsiglia.esteri.it\/fr\/wp-json\/wp\/v2\/pages\/2943","targetHints":{"allow":["GET"]}}],"collection":[{"href":"https:\/\/consmarsiglia.esteri.it\/fr\/wp-json\/wp\/v2\/pages"}],"about":[{"href":"https:\/\/consmarsiglia.esteri.it\/fr\/wp-json\/wp\/v2\/types\/page"}],"author":[{"embeddable":true,"href":"https:\/\/consmarsiglia.esteri.it\/fr\/wp-json\/wp\/v2\/users\/6"}],"replies":[{"embeddable":true,"href":"https:\/\/consmarsiglia.esteri.it\/fr\/wp-json\/wp\/v2\/comments?post=2943"}],"version-history":[{"count":1,"href":"https:\/\/consmarsiglia.esteri.it\/fr\/wp-json\/wp\/v2\/pages\/2943\/revisions"}],"predecessor-version":[{"id":2945,"href":"https:\/\/consmarsiglia.esteri.it\/fr\/wp-json\/wp\/v2\/pages\/2943\/revisions\/2945"}],"up":[{"embeddable":true,"href":"https:\/\/consmarsiglia.esteri.it\/fr\/wp-json\/wp\/v2\/pages\/145"}],"wp:attachment":[{"href":"https:\/\/consmarsiglia.esteri.it\/fr\/wp-json\/wp\/v2\/media?parent=2943"}],"curies":[{"name":"wp","href":"https:\/\/api.w.org\/{rel}","templated":true}]}}