{"id":3019,"date":"2025-06-17T14:50:42","date_gmt":"2025-06-17T12:50:42","guid":{"rendered":"https:\/\/consmarsiglia.esteri.it\/servizi-consolari-e-visti\/servizi-per-il-cittadino-italiano\/stato-civile\/nascita\/nuovi-casi-di-acquisto-della-cittadinanza-allestero-figli-minorenni-di-cittadini-che-non-trasmettono-automaticamente-la-cittadinanza-italiana\/"},"modified":"2026-03-04T16:19:59","modified_gmt":"2026-03-04T15:19:59","slug":"nuovi-casi-di-acquisto-della-cittadinanza-allestero-figli-minorenni-di-cittadini-che-non-trasmettono-automaticamente-la-cittadinanza-italiana","status":"publish","type":"page","link":"https:\/\/consmarsiglia.esteri.it\/fr\/servizi-consolari-e-visti\/servizi-per-il-cittadino-italiano\/stato-civile\/nascita\/nuovi-casi-di-acquisto-della-cittadinanza-allestero-figli-minorenni-di-cittadini-che-non-trasmettono-automaticamente-la-cittadinanza-italiana\/","title":{"rendered":"Nouveaux cas d\u2019acquisition de la nationalit\u00e9 \u00e0 l\u2019\u00e9tranger (enfants mineurs de citoyens qui ne transmettent pas automatiquement la nationalit\u00e9"},"content":{"rendered":"<p><strong>Acquisition de la nationalit\u00e9 italienne par b\u00e9n\u00e9fice de loi pour les mineurs \u00e9trangers n\u00e9s \u00e0 l\u2019\u00e9tranger<\/strong><\/p>\n<p>La loi de conversion du d\u00e9cret-loi n\u00b0 36\/2025 a introduit la possibilit\u00e9 d\u2019acqu\u00e9rir la nationalit\u00e9 italienne par <strong>b\u00e9n\u00e9fice de loi<\/strong> pour les mineurs \u00e9trangers n\u00e9s \u00e0 l\u2019\u00e9tranger \u00e0 qui le parent, citoyen italien de naissance, n\u2019a pas automatiquement transmis la nationalit\u00e9 en raison des limites introduites par la r\u00e9cente modification l\u00e9gislative.<\/p>\n<p>Pour que l\u2019acquisition de la nationalit\u00e9 par le mineur soit effective, les conditions suivantes doivent \u00eatre remplies <strong>conjointement<\/strong> :<\/p>\n<ul>\n<li><strong>L\u2019un des deux parents doit \u00eatre citoyen italien de naissance.<\/strong><br \/>\nCette possibilit\u00e9 n\u2019est donc pas applicable aux enfants de citoyens italiens par naturalisation (art. 9 de la loi n\u00b0 91\/1992), par b\u00e9n\u00e9fice de loi (art. 4 de la loi n\u00b0 91\/1992), ou par mariage (art. 5 de la loi n\u00b0 91\/1992 ou art. 10 de la loi n\u00b0 555\/1912).<\/li>\n<li><strong>Les deux parents (y compris le parent \u00e9tranger) ou le tuteur doivent pr\u00e9senter une d\u00e9claration de volont\u00e9 d\u2019acquisition de la nationalit\u00e9 pour l\u2019enfant dans un d\u00e9lai de TROIS ANS<\/strong><strong>\u00a0\u00c0 COMPTER DE LA NAISSANCE<\/strong> (ou de la date ult\u00e9rieure \u00e0 laquelle la filiation avec le citoyen italien est \u00e9tablie, ou de la d\u00e9cision d\u2019adoption par un citoyen italien durant la minorit\u00e9 de l\u2019enfant).<\/li>\n<\/ul>\n<p>La d\u00e9claration de volont\u00e9 d\u2019acquisition de la nationalit\u00e9 doit \u00eatre <strong>formelle et pr\u00e9sent\u00e9e en personne<\/strong>, en pr\u00e9sence d\u2019un fonctionnaire public habilit\u00e9 aux fonctions d\u2019\u00e9tat civil.<br \/>\nSi les parents ne pr\u00e9sentent pas la d\u00e9claration ensemble, la date de pr\u00e9sentation du second parent est celle prise en compte.<br \/>\nSi la filiation (m\u00eame adoptive) est \u00e9tablie envers une seule personne (ou si l\u2019autre parent est d\u00e9c\u00e9d\u00e9), la d\u00e9claration d\u2019un seul parent est suffisante.<\/p>\n<p>La d\u00e9claration d\u2019acquisition se fait <strong>aupr\u00e8s du Consulat<\/strong>, <strong>sur rendez-vous<\/strong> \u00e0 demander par mail \u00e0 l\u2019adresse suivante\u00a0: <a href=\"mailto:cittadinanza.marsiglia@esteri.it\"><strong>cittadinanza.marsiglia@esteri.it<\/strong><\/a><br \/>\n(indiquez dans l\u2019objet : <strong>\u00ab\u00a0Demande de rendez-vous \u2013 d\u00e9claration de nationalit\u00e9 pour enfant dans l\u2019ann\u00e9e suivant la naissance (ou reconnaissance)\u00a0\u00bb<\/strong><\/p>\n<p>\u00c0 la demande de rendez-vous, il faut joindre :<\/p>\n<ul>\n<li>le document d\u2019identit\u00e9 des parents,<\/li>\n<li><a href=\"https:\/\/consmarsiglia.esteri.it\/wp-content\/uploads\/2026\/01\/Rich.-acquisto-citt.-figli-art.-4-c.-1bis-2026.pdf\">le formulaire de demande<\/a>,<\/li>\n<li>une copie de l\u2019acte de naissance (voir rubrique \u00ab <a href=\"https:\/\/consmarsiglia.esteri.it\/fr\/servizi-consolari-e-visti\/servizi-per-il-cittadino-italiano\/stato-civile\/nascita\/\">NAISSANCE \u2013 QUEL TYPE D\u2019ACTE DE NAISSANCE DOIS-JE FOURNIR ?<\/a> \u00bb),<\/li>\n<li>un certificat de nationalit\u00e9 de l&rsquo;enfant et la copie de son document d&rsquo;identit\u00e9.<\/li>\n<\/ul>\n<p><strong>A partir du 1er janvier 2026,<\/strong> les d\u00e9clarations de nationalit\u00e9 ci mentionn\u00e9es ne sont plus soumises au r\u00e8glement de la contribution de 250\u20ac au profit du Minist\u00e8re de l&rsquo;Int\u00e9rieur. La loi de Finances de 2026 a en effet pr\u00e9vu avec l&rsquo;art. 1, alin\u00e9a 513 lettre b,<strong> la gratuit\u00e9<\/strong> pour toutes demandes pr\u00e9sent\u00e9es \u00e0 partir de cette date.<\/p>\n<p><strong>Si l\u2019enfant r\u00e9side l\u00e9galement en Italie, la d\u00e9claration peut \u00e9galement \u00eatre pr\u00e9sent\u00e9e apr\u00e8s un an suivant la naissance, \u00e0 condition que la r\u00e9sidence dure au moins deux ans cons\u00e9cutifs apr\u00e8s la d\u00e9claration de volont\u00e9.<\/strong><\/p>\n<p>Dans ce cas, la comp\u00e9tence rel\u00e8ve exclusivement des <strong>Mairies italiennes<\/strong> et non du Consulat.<\/p>\n<p><strong>NOUVEAUX CAS D\u2019ACQUISITION DE LA NATIONALIT\u00c9 \u00c0 L\u2019\u00c9TRANGER \u2013 DISPOSITION TRANSITOIRE<\/strong><\/p>\n<p>Une <strong>DISPOSITION TRANSITOIRE<\/strong> permet \u00e9galement d\u2019effectuer cette d\u00e9claration de volont\u00e9 en faveur d\u2019un mineur, enfant de citoyen(ne) italien(ne), auquel la nationalit\u00e9 <strong>n\u2019a pas \u00e9t\u00e9 transmise automatiquement<\/strong>, lorsque toutes les conditions suivantes sont r\u00e9unies :<\/p>\n<ul>\n<li>l\u2019enfant est <strong>mineur au 24 mai 2025<\/strong> (date d\u2019entr\u00e9e en vigueur de la loi de conversion du d\u00e9cret-loi n\u00b0 36\/2025) ;<\/li>\n<li>le parent est citoyen italien de naissance <strong>reconnu comme tel<\/strong> sur la base d\u2019une demande administrative ou judiciaire d\u00e9pos\u00e9e avant <strong>le 27 mars 2025 \u00e0 23h59 (heure de Rome)<\/strong>, ou sur la base d\u2019un rendez-vous communiqu\u00e9 par l\u2019office consulaire ou la commune avant cette m\u00eame date ;<\/li>\n<li>la d\u00e9claration des parents ou du tuteur est pr\u00e9sent\u00e9e au <strong>Consulat avant le 31 mai 2029<\/strong>.<\/li>\n<\/ul>\n<p><strong>ATTENTION<\/strong> : Si, entre le 24 mai 2025 et le 31 mai 2029, le mineur atteint la majorit\u00e9, <strong>la d\u00e9claration devra \u00eatre pr\u00e9sent\u00e9e directement par l\u2019int\u00e9ress\u00e9<\/strong> dans le m\u00eame d\u00e9lai.<\/p>\n<p>La d\u00e9claration d\u2019acquisition se fait <strong>sur rendez-vous<\/strong>, \u00e0 demander par mail \u00e0:<a href=\"mailto:cittadinanza.marsiglia@esteri.it\"> <strong>cittadinanza.marsiglia@esteri.it<\/strong><\/a><br \/>\n(indiquez dans l\u2019objet : <strong>\u00ab\u00a0Demande de rendez-vous \u2013 d\u00e9claration de nationalit\u00e9 pour enfant mineur au 24\/05\/2025\u00a0\u00bb<\/strong>)<\/p>\n<p>Elle est soumise \u00e0 la v\u00e9rification des conditions ci-dessus.<\/p>\n<p>\u00c0 la demande de rendez-vous, il faut joindre :<\/p>\n<ul>\n<li>le document d\u2019identit\u00e9 des parents,<\/li>\n<li><a href=\"https:\/\/consmarsiglia.esteri.it\/wp-content\/uploads\/2026\/01\/Rich.-acquisto-citt.-figli-art.-1-c.-1-ter.pdf\">le formulaire de demande<\/a>,<\/li>\n<li>la copie de l\u2019acte de naissance (voir rubrique \u00ab <a href=\"https:\/\/consmarsiglia.esteri.it\/fr\/servizi-consolari-e-visti\/servizi-per-il-cittadino-italiano\/stato-civile\/nascita\/\">NAISSANCE \u2013 QUEL TYPE D\u2019ACTE DE NAISSANCE DOIS-JE FOURNIR ?<\/a> \u00bb),<\/li>\n<li>un certificat de nationalit\u00e9 de l&rsquo;enfant et la copie de son document d&rsquo;identit\u00e9.<\/li>\n<\/ul>\n<p><strong>A partir du 1er janvier 2026,<\/strong> les d\u00e9clarations de nationalit\u00e9 ci mentionn\u00e9es ne sont plus soumises au r\u00e8glement de la contribution de 250\u20ac au profit du Minist\u00e8re de l&rsquo;Int\u00e9rieur. La loi de Finances de 2026 a en effet pr\u00e9vu avec l&rsquo;art. 1, alin\u00e9a 513 lettre b,<strong> la gratuit\u00e9<\/strong> pour toutes demandes pr\u00e9sent\u00e9es \u00e0 partir de cette date.<\/p>\n<p><strong>REMARQUE IMPORTANTE :<\/strong><br \/>\nDans les deux cas, s\u2019agissant d\u2019une acquisition de la nationalit\u00e9 par <strong>b\u00e9n\u00e9fice de loi<\/strong>, le mineur <strong>n\u2019acquiert pas la nationalit\u00e9 \u00e0 partir de la naissance<\/strong>, mais <strong>\u00e0 compter du jour suivant<\/strong> la d\u00e9claration faite par les parents au Consulat.<\/p>\n","protected":false},"excerpt":{"rendered":"Acquisition de la nationalit\u00e9 italienne par b\u00e9n\u00e9fice de loi pour les mineurs \u00e9trangers n\u00e9s \u00e0 l\u2019\u00e9tranger La loi de conversion du d\u00e9cret-loi n\u00b0 36\/2025 a introduit la possibilit\u00e9 d\u2019acqu\u00e9rir la nationalit\u00e9 italienne par b\u00e9n\u00e9fice de loi pour les mineurs \u00e9trangers n\u00e9s \u00e0 l\u2019\u00e9tranger \u00e0 qui le parent, citoyen italien de naissance, n\u2019a pas automatiquement transmis [&hellip;]","protected":false},"author":8,"featured_media":0,"parent":483,"menu_order":0,"comment_status":"closed","ping_status":"closed","template":"","meta":{"footnotes":""},"class_list":["post-3019","page","type-page","status-publish","hentry"],"_links":{"self":[{"href":"https:\/\/consmarsiglia.esteri.it\/fr\/wp-json\/wp\/v2\/pages\/3019","targetHints":{"allow":["GET"]}}],"collection":[{"href":"https:\/\/consmarsiglia.esteri.it\/fr\/wp-json\/wp\/v2\/pages"}],"about":[{"href":"https:\/\/consmarsiglia.esteri.it\/fr\/wp-json\/wp\/v2\/types\/page"}],"author":[{"embeddable":true,"href":"https:\/\/consmarsiglia.esteri.it\/fr\/wp-json\/wp\/v2\/users\/8"}],"replies":[{"embeddable":true,"href":"https:\/\/consmarsiglia.esteri.it\/fr\/wp-json\/wp\/v2\/comments?post=3019"}],"version-history":[{"count":6,"href":"https:\/\/consmarsiglia.esteri.it\/fr\/wp-json\/wp\/v2\/pages\/3019\/revisions"}],"predecessor-version":[{"id":4271,"href":"https:\/\/consmarsiglia.esteri.it\/fr\/wp-json\/wp\/v2\/pages\/3019\/revisions\/4271"}],"up":[{"embeddable":true,"href":"https:\/\/consmarsiglia.esteri.it\/fr\/wp-json\/wp\/v2\/pages\/483"}],"wp:attachment":[{"href":"https:\/\/consmarsiglia.esteri.it\/fr\/wp-json\/wp\/v2\/media?parent=3019"}],"curies":[{"name":"wp","href":"https:\/\/api.w.org\/{rel}","templated":true}]}}