{"id":3043,"date":"2025-06-26T15:30:56","date_gmt":"2025-06-26T13:30:56","guid":{"rendered":"https:\/\/consmarsiglia.esteri.it\/?page_id=3043"},"modified":"2025-06-26T15:32:57","modified_gmt":"2025-06-26T13:32:57","slug":"netiquette","status":"publish","type":"page","link":"https:\/\/consmarsiglia.esteri.it\/fr\/chi-siamo\/gli-uffici\/netiquette\/","title":{"rendered":"Netiquette"},"content":{"rendered":"<header class=\"entry-header\">\n<h1 class=\"entry-title h3\"><strong style=\"font-size: 16px;\">Netiquette du Consulat G\u00e9n\u00e9ral d&rsquo;Italia \u00e0 Marseille sur les r\u00e9seaux sociaux<\/strong><\/h1>\n<\/header>\n<div class=\"entry-content\">\n<p>Le Consulat G\u00e9n\u00e9ral d&rsquo;Italie \u00e0 Marseille utilise les r\u00e9seaux sociaux \u00e0 des fins institutionnelles pour am\u00e9liorer la transparence et informer le public sur ses activit\u00e9s : elle informe, communique, re\u00e7oit et publie des contenus de nature institutionnelle.<\/p>\n<p>Le contenu publi\u00e9 comporte des photographies, des vid\u00e9os institutionnelles, des communiqu\u00e9s de presse, des informations sur les services, des nouvelles sur les activit\u00e9s de cette institution et des opportunit\u00e9s d\u2019emploi et d\u2019engagement pour le public. Les donn\u00e9es personnelles sont trait\u00e9es conform\u00e9ment \u00e0 la l\u00e9gislation en vigueur.<\/p>\n<p>Par le biais de ses canaux de r\u00e9seaux sociaux, cette institution peut partager et republier des contenus et messages d\u2019int\u00e9r\u00eat public ou de service publi\u00e9s par d\u2019autres utilisateurs.<\/p>\n<p>Le Consulat G\u00e9n\u00e9ral d&rsquo;Italie \u00e0 Marseille s\u2019engage \u00e0 g\u00e9rer ses espaces de communication et de dialogue via ses comptes sur les r\u00e9seaux sociaux et demande \u00e0 ses utilisateurs de respecter quelques r\u00e8gles simples :<\/p>\n<ol>\n<li>Soyez respectueux dans l\u2019expression de votre opinion, assurez-vous que votre ton est toujours correct et poli.<\/li>\n<li>Dans les r\u00e9seaux sociaux, chacun est responsable du contenu publi\u00e9 et des opinions exprim\u00e9es. Les insultes, les propos obsc\u00e8nes, les insultes, les menaces et plus g\u00e9n\u00e9ralement les comportements violents ou diffamatoires ne sont pas tol\u00e9r\u00e9s.<\/li>\n<li>Le contenu publi\u00e9 doit toujours respecter la vie priv\u00e9e des personnes. Toute r\u00e9f\u00e9rence \u00e0 des faits ou d\u00e9tails qui n\u2019ont pas de signification publique et qui portent atteinte \u00e0 la sph\u00e8re personnelle d\u2019autrui doit \u00eatre \u00e9vit\u00e9e.<\/li>\n<li>Il est indispensable de s\u2019int\u00e9resser aux questions et aux activit\u00e9s de cette institution\u00a0: il n\u2019est en aucun cas admissible d\u2019utiliser ses espaces \u00e0 des fins autres qu\u2019exclusivement institutionnelles.<\/li>\n<li>Chaque d\u00e9bat est li\u00e9 \u00e0 un th\u00e8me sp\u00e9cifique\u00a0: tous les participants sont invit\u00e9s \u00e0 s\u2019y tenir, en \u00e9vitant d\u2019\u00e9largir le d\u00e9bat de mani\u00e8re g\u00e9n\u00e9rale et sans discrimination.<\/li>\n<li>Les formes de publicit\u00e9, de spam, de promotion d\u2019int\u00e9r\u00eats priv\u00e9s et d\u2019activit\u00e9s ill\u00e9gales ne sont pas autoris\u00e9es.<\/li>\n<li>Les contenus qui violent les lois sur le droit d\u2019auteur ou l\u2019utilisation non autoris\u00e9e de marques d\u00e9pos\u00e9es ne sont pas autoris\u00e9s.<\/li>\n<\/ol>\n<p>Dans tous les cas, si les r\u00e9seaux sociaux le permettent, le personnel du Minist\u00e8re devra supprimer tous les messages, commentaires ou documents audio\/vid\u00e9o qui :<\/p>\n<p>\u2013 expriment un langage inappropri\u00e9 et\/ou un ton mena\u00e7ant, violent, vulgaire ou irrespectueux ;<\/p>\n<p>\u2013 pr\u00e9sentent un contenu ill\u00e9gal ou incitent \u00e0 des activit\u00e9s ill\u00e9gales ;<\/p>\n<p>\u2013 contiennent des contenus offensants, trompeurs, alarmistes ou qui violent les droits d\u2019autres personnes ;<\/p>\n<p>\u2013 divulguent des donn\u00e9es et informations personnelles qui peuvent porter pr\u00e9judice ou nuire \u00e0 la r\u00e9putation d\u2019autres personnes ;<\/p>\n<p>\u2013 contiennent des contenus ind\u00e9cents, pornographiques ou p\u00e9dophiles ou susceptibles d\u2019offenser la sensibilit\u00e9 des utilisateurs ;<\/p>\n<p>\u2013 contiennent des contenus discriminatoires \u00e0 l\u2019\u00e9gard du sexe, de la race, de l\u2019ethnie, de la langue, de la religion, des opinions politiques, des pr\u00e9f\u00e9rences sexuelles, de l\u2019\u00e2ge, du statut personnel et social ;<\/p>\n<p>\u2013 promouvoir et soutenir des activit\u00e9s ill\u00e9gales, en violation des lois sur le droit d\u2019auteur ou en utilisant de mani\u00e8re abusive une marque d\u00e9pos\u00e9e.<\/p>\n<p>Cette institution, conform\u00e9ment \u00e0 la politique des r\u00e9seaux sociaux du Minist\u00e8re des Affaires \u00e9trang\u00e8res et de la Coop\u00e9ration internationale, se r\u00e9serve le droit d\u2019utiliser la fonction de bannissement ou de blocage (si possible apr\u00e8s un premier avertissement) \u00e0 l\u2019encontre de quiconque enfreint de mani\u00e8re r\u00e9p\u00e9t\u00e9e ces conditions ou celles contenues dans les politiques des plateformes utilis\u00e9es pour \u00e9viter d\u2019autres actions, et de signaler l\u2019utilisateur au webmaster et \u00e9ventuellement aux forces de l\u2019ordre.<\/p>\n<p>Ce Service n\u2019interagit pas avec les utilisateurs par le biais de ses profils sur les r\u00e9seaux sociaux, qui ne remplacent pas les canaux habituels d\u2019acc\u00e8s du public aux services d\u2019information et d\u2019assistance. Le Service peut \u00eatre contact\u00e9 \u00e0 l\u2019adresse e-mail segreteria.marsiglia@esteri.it<\/p>\n<\/div>\n","protected":false},"excerpt":{"rendered":"Netiquette du Consulat G\u00e9n\u00e9ral d&rsquo;Italia \u00e0 Marseille sur les r\u00e9seaux sociaux Le Consulat G\u00e9n\u00e9ral d&rsquo;Italie \u00e0 Marseille utilise les r\u00e9seaux sociaux \u00e0 des fins institutionnelles pour am\u00e9liorer la transparence et informer le public sur ses activit\u00e9s : elle informe, communique, re\u00e7oit et publie des contenus de nature institutionnelle. Le contenu publi\u00e9 comporte des photographies, des [&hellip;]","protected":false},"author":14,"featured_media":0,"parent":145,"menu_order":0,"comment_status":"closed","ping_status":"closed","template":"","meta":{"footnotes":""},"class_list":["post-3043","page","type-page","status-publish","hentry"],"_links":{"self":[{"href":"https:\/\/consmarsiglia.esteri.it\/fr\/wp-json\/wp\/v2\/pages\/3043","targetHints":{"allow":["GET"]}}],"collection":[{"href":"https:\/\/consmarsiglia.esteri.it\/fr\/wp-json\/wp\/v2\/pages"}],"about":[{"href":"https:\/\/consmarsiglia.esteri.it\/fr\/wp-json\/wp\/v2\/types\/page"}],"author":[{"embeddable":true,"href":"https:\/\/consmarsiglia.esteri.it\/fr\/wp-json\/wp\/v2\/users\/14"}],"replies":[{"embeddable":true,"href":"https:\/\/consmarsiglia.esteri.it\/fr\/wp-json\/wp\/v2\/comments?post=3043"}],"version-history":[{"count":1,"href":"https:\/\/consmarsiglia.esteri.it\/fr\/wp-json\/wp\/v2\/pages\/3043\/revisions"}],"predecessor-version":[{"id":3044,"href":"https:\/\/consmarsiglia.esteri.it\/fr\/wp-json\/wp\/v2\/pages\/3043\/revisions\/3044"}],"up":[{"embeddable":true,"href":"https:\/\/consmarsiglia.esteri.it\/fr\/wp-json\/wp\/v2\/pages\/145"}],"wp:attachment":[{"href":"https:\/\/consmarsiglia.esteri.it\/fr\/wp-json\/wp\/v2\/media?parent=3043"}],"curies":[{"name":"wp","href":"https:\/\/api.w.org\/{rel}","templated":true}]}}