{"id":3192,"date":"2025-06-27T15:18:07","date_gmt":"2025-06-27T13:18:07","guid":{"rendered":"https:\/\/consmarsiglia.esteri.it\/?page_id=3192"},"modified":"2025-09-03T14:58:32","modified_gmt":"2025-09-03T12:58:32","slug":"deces-a-letranger","status":"publish","type":"page","link":"https:\/\/consmarsiglia.esteri.it\/fr\/servizi-consolari-e-visti\/servizi-per-il-cittadino-italiano\/assistance-aux-ressortissants-italiens-a-letranger\/deces-a-letranger\/","title":{"rendered":"D\u00e9c\u00e8s \u00e0 l&rsquo;\u00e9tranger"},"content":{"rendered":"<p>En cas de d\u00e9c\u00e8s de citoyens italiens en France, les proc\u00e9dures de rapatriement des d\u00e9pouilles sont effectu\u00e9es aupr\u00e8s de la pr\u00e9fecture fran\u00e7aise directement par les pompes fun\u00e8bres mandat\u00e9es.<br \/>\nLe certificat de d\u00e9c\u00e8s, r\u00e9dig\u00e9 sur un formulaire multilingue par la mairie fran\u00e7aise, doit \u00eatre transmis au consulat pour \u00eatre ensuite transcrit \u00e0 la mairie italienne.<br \/>\nEn cas de rapatriement du corps en Italie et si la r\u00e9glementation r\u00e9gionale italienne le pr\u00e9voit, le membre de la famille qui a pris en charge les frais fun\u00e9raires peut demander un remboursement \u00e0 la mairie italienne d&rsquo;origine.<\/p>\n","protected":false},"excerpt":{"rendered":"En cas de d\u00e9c\u00e8s de citoyens italiens en France, les proc\u00e9dures de rapatriement des d\u00e9pouilles sont effectu\u00e9es aupr\u00e8s de la pr\u00e9fecture fran\u00e7aise directement par les pompes fun\u00e8bres mandat\u00e9es. Le certificat de d\u00e9c\u00e8s, r\u00e9dig\u00e9 sur un formulaire multilingue par la mairie fran\u00e7aise, doit \u00eatre transmis au consulat pour \u00eatre ensuite transcrit \u00e0 la mairie italienne. En [&hellip;]","protected":false},"author":6,"featured_media":0,"parent":465,"menu_order":0,"comment_status":"closed","ping_status":"closed","template":"","meta":{"footnotes":""},"class_list":["post-3192","page","type-page","status-publish","hentry"],"_links":{"self":[{"href":"https:\/\/consmarsiglia.esteri.it\/fr\/wp-json\/wp\/v2\/pages\/3192","targetHints":{"allow":["GET"]}}],"collection":[{"href":"https:\/\/consmarsiglia.esteri.it\/fr\/wp-json\/wp\/v2\/pages"}],"about":[{"href":"https:\/\/consmarsiglia.esteri.it\/fr\/wp-json\/wp\/v2\/types\/page"}],"author":[{"embeddable":true,"href":"https:\/\/consmarsiglia.esteri.it\/fr\/wp-json\/wp\/v2\/users\/6"}],"replies":[{"embeddable":true,"href":"https:\/\/consmarsiglia.esteri.it\/fr\/wp-json\/wp\/v2\/comments?post=3192"}],"version-history":[{"count":1,"href":"https:\/\/consmarsiglia.esteri.it\/fr\/wp-json\/wp\/v2\/pages\/3192\/revisions"}],"predecessor-version":[{"id":3198,"href":"https:\/\/consmarsiglia.esteri.it\/fr\/wp-json\/wp\/v2\/pages\/3192\/revisions\/3198"}],"up":[{"embeddable":true,"href":"https:\/\/consmarsiglia.esteri.it\/fr\/wp-json\/wp\/v2\/pages\/465"}],"wp:attachment":[{"href":"https:\/\/consmarsiglia.esteri.it\/fr\/wp-json\/wp\/v2\/media?parent=3192"}],"curies":[{"name":"wp","href":"https:\/\/api.w.org\/{rel}","templated":true}]}}