{"id":3205,"date":"2024-02-13T15:10:29","date_gmt":"2024-02-13T14:10:29","guid":{"rendered":"https:\/\/consmarsiglia.esteri.it\/?page_id=3205"},"modified":"2025-09-03T15:08:19","modified_gmt":"2025-09-03T13:08:19","slug":"comitato-degli-italiani-residenti-allestero-comites","status":"publish","type":"page","link":"https:\/\/consmarsiglia.esteri.it\/fr\/servizi-consolari-e-visti\/servizi-per-il-cittadino-italiano\/comitato-degli-italiani-residenti-allestero-comites\/","title":{"rendered":"Comitato degli Italiani residenti all\u2019estero (COMITES)"},"content":{"rendered":"<p data-start=\"56\" data-end=\"242\"><strong data-start=\"56\" data-end=\"242\">Cr\u00e9\u00e9s en 1985, le Comites est \u00e9lu directement par les compatriotes r\u00e9sidant \u00e0 l\u2019\u00e9tranger dans chaque circonscription consulaire dans lequel r\u00e9sident au moins trois mille citoyens italiens.<\/strong><\/p>\n<p data-start=\"244\" data-end=\"1066\">Les Comites sont des instances de repr\u00e9sentation des Italiens \u00e0 l\u2019\u00e9tranger dans leurs relations avec les repr\u00e9sentations diplomatiques et consulaires. Ils contribuent \u00e9galement, par le biais d\u2019\u00e9tudes et de recherches, \u00e0 identifier les besoins en mati\u00e8re de d\u00e9veloppement social, culturel et civique de la communaut\u00e9 de r\u00e9f\u00e9rence.<br data-start=\"571\" data-end=\"574\" \/>Ils promeuvent, en collaboration avec l\u2019autorit\u00e9 consulaire, les r\u00e9gions et les collectivit\u00e9s locales, ainsi qu\u2019avec les organismes, associations et comit\u00e9s op\u00e9rant dans la circonscription consulaire, des initiatives appropri\u00e9es dans les domaines concernant la vie sociale et culturelle. Une attention particuli\u00e8re est accord\u00e9e \u00e0 la participation des jeunes, \u00e0 l\u2019\u00e9galit\u00e9 des chances, \u00e0 l\u2019aide sociale et scolaire, \u00e0 la formation professionnelle, au secteur r\u00e9cr\u00e9atif, au sport et aux loisirs.<\/p>\n<p data-start=\"1068\" data-end=\"1314\">\u00c0 la suite des \u00e9lections de d\u00e9cembre 2021, dans la circonscription du Consulat G\u00e9n\u00e9ral d\u2019Italie \u00e0 Marseille, le Comites de Marseille est op\u00e9rationnel. Il est compos\u00e9 de 12 membres, plus 1 membre coopt\u00e9. Son Pr\u00e9sident est le Dr Francesco Attademo.<\/p>\n<p data-start=\"1316\" data-end=\"1392\">L\u2019adresse e-mail du Comit\u00e9 est la suivante : <strong data-start=\"1361\" data-end=\"1392\"><a class=\"decorated-link cursor-pointer\" rel=\"noopener\" data-start=\"1363\" data-end=\"1390\">marsiglia.comites@gmail.com<\/a><\/strong><\/p>\n<p data-start=\"1316\" data-end=\"1392\">Pour plus d\u2019informations, veuillez visiter le site web : <a href=\"https:\/\/comitesmarsiglia.fr\/\"><strong data-start=\"1451\" data-end=\"1474\">comitesmarsiglia.fr<\/strong><\/a><\/p>\n","protected":false},"excerpt":{"rendered":"Cr\u00e9\u00e9s en 1985, le Comites est \u00e9lu directement par les compatriotes r\u00e9sidant \u00e0 l\u2019\u00e9tranger dans chaque circonscription consulaire dans lequel r\u00e9sident au moins trois mille citoyens italiens. Les Comites sont des instances de repr\u00e9sentation des Italiens \u00e0 l\u2019\u00e9tranger dans leurs relations avec les repr\u00e9sentations diplomatiques et consulaires. Ils contribuent \u00e9galement, par le biais d\u2019\u00e9tudes et [&hellip;]","protected":false},"author":14,"featured_media":0,"parent":163,"menu_order":0,"comment_status":"closed","ping_status":"closed","template":"","meta":{"footnotes":""},"class_list":["post-3205","page","type-page","status-publish","hentry"],"_links":{"self":[{"href":"https:\/\/consmarsiglia.esteri.it\/fr\/wp-json\/wp\/v2\/pages\/3205","targetHints":{"allow":["GET"]}}],"collection":[{"href":"https:\/\/consmarsiglia.esteri.it\/fr\/wp-json\/wp\/v2\/pages"}],"about":[{"href":"https:\/\/consmarsiglia.esteri.it\/fr\/wp-json\/wp\/v2\/types\/page"}],"author":[{"embeddable":true,"href":"https:\/\/consmarsiglia.esteri.it\/fr\/wp-json\/wp\/v2\/users\/14"}],"replies":[{"embeddable":true,"href":"https:\/\/consmarsiglia.esteri.it\/fr\/wp-json\/wp\/v2\/comments?post=3205"}],"version-history":[{"count":1,"href":"https:\/\/consmarsiglia.esteri.it\/fr\/wp-json\/wp\/v2\/pages\/3205\/revisions"}],"predecessor-version":[{"id":3207,"href":"https:\/\/consmarsiglia.esteri.it\/fr\/wp-json\/wp\/v2\/pages\/3205\/revisions\/3207"}],"up":[{"embeddable":true,"href":"https:\/\/consmarsiglia.esteri.it\/fr\/wp-json\/wp\/v2\/pages\/163"}],"wp:attachment":[{"href":"https:\/\/consmarsiglia.esteri.it\/fr\/wp-json\/wp\/v2\/media?parent=3205"}],"curies":[{"name":"wp","href":"https:\/\/api.w.org\/{rel}","templated":true}]}}