{"id":359,"date":"2023-01-27T11:06:25","date_gmt":"2023-01-27T10:06:25","guid":{"rendered":"https:\/\/consmarsiglia.esteri.it\/servizi-consolari-e-visti\/servizi-per-il-cittadino-straniero\/cittadinanza\/"},"modified":"2025-08-04T10:58:21","modified_gmt":"2025-08-04T08:58:21","slug":"cittadinanza","status":"publish","type":"page","link":"https:\/\/consmarsiglia.esteri.it\/fr\/servizi-consolari-e-visti\/servizi-per-il-cittadino-straniero\/cittadinanza\/","title":{"rendered":"Nationalit\u00e9"},"content":{"rendered":"<p>La nationalit\u00e9 italienne est r\u00e9gie par la loi n\u00b0 91 du 5 f\u00e9vrier 1992, entr\u00e9e en vigueur le 16 ao\u00fbt 1992, et repose sur le principe du <em>ius sanguinis<\/em> (droit du sang), selon lequel une personne n\u00e9e d\u2019un p\u00e8re ou d\u2019une m\u00e8re italiens est citoyenne italienne.<\/p>\n<p>Le d\u00e9cret-loi n\u00b0 36 du 28 mars 2025 a \u00e9t\u00e9 converti, avec modifications, en la loi n\u00b0 74 du 23 mai 2025, en vigueur depuis le 24 mai 2025.<\/p>\n<p>Cette loi de conversion r\u00e9forme la <u>loi n\u00b0 91 du 5 f\u00e9vrier 1992<\/u> <strong>en introduisant des limitations \u00e0 la transmission de la nationalit\u00e9 d\u2019une g\u00e9n\u00e9ration \u00e0 l\u2019autre pour les personnes n\u00e9es \u00e0 l\u2019\u00e9tranger<\/strong>, conform\u00e9ment \u00e0 l\u2019article 3-bis de la loi du 5 f\u00e9vrier 1992, n\u00b0 91.<\/p>\n<p>En particulier, <strong>la transmission de la nationalit\u00e9 italienne par filiation \u00e0 une personne n\u00e9e \u00e0 l\u2019\u00e9tranger et poss\u00e9dant une autre nationalit\u00e9 ne peut avoir lieu que si l\u2019une des conditions<\/strong> pr\u00e9vues \u00e0 l\u2019article 3-bis de la loi n\u00b0 91\/1992 est remplie :<\/p>\n<ul>\n<li>\nun ascendant de premier ou de deuxi\u00e8me degr\u00e9 (parents ou grands-parents) poss\u00e8de \u2013 ou poss\u00e9dait au moment du d\u00e9c\u00e8s \u2013 <strong>exclusivement<\/strong> la citoyennet\u00e9 italienne;<br \/>\n\u2022 un parent ou adoptant <strong>a r\u00e9sid\u00e9 en Italie<\/strong> pendant au moins <strong>deux ann\u00e9es cons\u00e9cutives apr\u00e8s avoir acquis la nationalit\u00e9 italienne et avant la date de naissance<\/strong> (ou d\u2019adoption) de l\u2019enfant demandeur.<\/li>\n<\/ul>\n<p>Il est recommand\u00e9 de lire attentivement les dispositions l\u00e9gislatives ainsi que les pages du menu \u00e0 droite, qui contiennent toutes les informations relatives aux proc\u00e9dures et \u00e0 la documentation requise pour d\u00e9poser une demande de nationalit\u00e9. Aucune suite ne sera donn\u00e9e aux demandes d\u2019information d\u00e9j\u00e0 disponibles dans cette section du site, lorsqu\u2019elles sont envoy\u00e9es par e-mail ou par t\u00e9l\u00e9phone. Pour toute demande <u>d\u2019information non pr\u00e9sente dans cette section<\/u>, il est possible de contacter le Bureau de la Citoyennet\u00e9 \u00e0 l\u2019adresse e-mail suivante : <a href=\"mailto:cittadinanza.marsiglia@esteri.it\"><u>cittadinanza.marsiglia@esteri.it<\/u><\/a>.<\/p>\n<p>Il est rappel\u00e9 que toutes les communications avec les demandeurs <a href=\"https:\/\/consmarsiglia.esteri.it\/it\/servizi-consolari-e-visti\/servizi-per-il-cittadino-straniero\/cittadinanza\/cittadinanza-per-matrimonio-o-unione-civile\/\"><u>de nationalit\u00e9 italienne par mariage<\/u><\/a> (art. 5 de la loi 91\/1992) se font exclusivement via <strong>le portail du Minist\u00e8re de l\u2019Int\u00e9rieur ALI\/CIVES<\/strong>, <u>et non par e-mail ni par d\u2019autres moyens<\/u>.<\/p>\n<p><strong>Qui peut s\u2019adresser au Consulat G\u00e9n\u00e9ral d\u2019Italie \u00e0 Marseille ?<\/strong><br \/>\nSeuls les r\u00e9sidents des d\u00e9partements suivants peuvent s\u2019adresser au Consulat G\u00e9n\u00e9ral d\u2019Italie \u00e0 Marseille : 09 Ari\u00e8ge \u2013 11 Aude \u2013 12 Aveyron \u2013 13 Bouches-du-Rh\u00f4ne \u2013 16 Charente \u2013 17 Charente-Maritime \u2013 20 Corse du Sud (2A) \u2013 20 Haute-Corse (2B) \u2013 24 Dordogne \u2013 30 Gard \u2013 31 Haute-Garonne \u2013 32 Gers \u2013 33 Gironde \u2013 34 H\u00e9rault \u2013 40 Landes \u2013 46 Lot \u2013 47 Lot-et-Garonne \u2013 48 Loz\u00e8re \u2013 64 Pyr\u00e9n\u00e9es-Atlantiques \u2013 65 Hautes-Pyr\u00e9n\u00e9es \u2013 66 Pyr\u00e9n\u00e9es-Orientales \u2013 79 Deux-S\u00e8vres \u2013 81 Tarn \u2013 82 Tarn-et-Garonne \u2013 83 Var \u2013 84 Vaucluse \u2013 86 Vienne.<\/p>\n<p>&nbsp;<\/p>\n<p>&nbsp;<\/p>\n<p>&nbsp;<\/p>\n<p>&nbsp;<\/p>\n<p>&nbsp;<\/p>\n<p>&nbsp;<\/p>\n<p>&nbsp;<\/p>\n<p>&nbsp;<\/p>\n","protected":false},"excerpt":{"rendered":"La nationalit\u00e9 italienne est r\u00e9gie par la loi n\u00b0 91 du 5 f\u00e9vrier 1992, entr\u00e9e en vigueur le 16 ao\u00fbt 1992, et repose sur le principe du ius sanguinis (droit du sang), selon lequel une personne n\u00e9e d\u2019un p\u00e8re ou d\u2019une m\u00e8re italiens est citoyenne italienne. Le d\u00e9cret-loi n\u00b0 36 du 28 mars 2025 a [&hellip;]","protected":false},"author":2,"featured_media":0,"parent":161,"menu_order":1,"comment_status":"closed","ping_status":"closed","template":"","meta":{"footnotes":""},"class_list":["post-359","page","type-page","status-publish","hentry"],"_links":{"self":[{"href":"https:\/\/consmarsiglia.esteri.it\/fr\/wp-json\/wp\/v2\/pages\/359","targetHints":{"allow":["GET"]}}],"collection":[{"href":"https:\/\/consmarsiglia.esteri.it\/fr\/wp-json\/wp\/v2\/pages"}],"about":[{"href":"https:\/\/consmarsiglia.esteri.it\/fr\/wp-json\/wp\/v2\/types\/page"}],"author":[{"embeddable":true,"href":"https:\/\/consmarsiglia.esteri.it\/fr\/wp-json\/wp\/v2\/users\/2"}],"replies":[{"embeddable":true,"href":"https:\/\/consmarsiglia.esteri.it\/fr\/wp-json\/wp\/v2\/comments?post=359"}],"version-history":[{"count":6,"href":"https:\/\/consmarsiglia.esteri.it\/fr\/wp-json\/wp\/v2\/pages\/359\/revisions"}],"predecessor-version":[{"id":3151,"href":"https:\/\/consmarsiglia.esteri.it\/fr\/wp-json\/wp\/v2\/pages\/359\/revisions\/3151"}],"up":[{"embeddable":true,"href":"https:\/\/consmarsiglia.esteri.it\/fr\/wp-json\/wp\/v2\/pages\/161"}],"wp:attachment":[{"href":"https:\/\/consmarsiglia.esteri.it\/fr\/wp-json\/wp\/v2\/media?parent=359"}],"curies":[{"name":"wp","href":"https:\/\/api.w.org\/{rel}","templated":true}]}}