{"id":3592,"date":"2024-07-05T10:56:55","date_gmt":"2024-07-05T08:56:55","guid":{"rendered":"https:\/\/consmarsiglia.esteri.it\/servizi-consolari-e-visti\/servizi-per-il-cittadino-straniero\/cittadinanza\/casi-particolari\/"},"modified":"2025-11-04T12:07:31","modified_gmt":"2025-11-04T11:07:31","slug":"casi-particolari","status":"publish","type":"page","link":"https:\/\/consmarsiglia.esteri.it\/fr\/servizi-consolari-e-visti\/servizi-per-il-cittadino-straniero\/cittadinanza\/casi-particolari\/","title":{"rendered":"Maintien de la nationalit\u00e9 italienne pour les femmes mari\u00e9es a des citoyens fran\u00e7ais et leurs descendants"},"content":{"rendered":"<p><strong>La Loi n\u00b0 555\/1912 sur la nationalit\u00e9 italienne<\/strong> (abrog\u00e9e en 1992) pr\u00e9voyait la perte de la nationalit\u00e9 italienne en cas d\u2019acquisition d\u2019une nationalit\u00e9 \u00e9trang\u00e8re par mariage. Cette disposition a \u00e9t\u00e9 abrog\u00e9e en 1975, permettant aux femmes concern\u00e9es de demander la r\u00e9acquisition de la nationalit\u00e9 italienne. La jurisprudence la plus r\u00e9cente a reconnu la possibilit\u00e9 de conserver une possession ininterrompue de la nationalit\u00e9 italienne pour les femmes ayant perdu la nationalit\u00e9 italienne par mariage ou naturalisation du mari.<\/p>\n<p>Toutefois, il convient de distinguer certains cas en fonction de la p\u00e9riode \u00e0 laquelle le mariage avec le citoyen fran\u00e7ais a eu lieu\u00a0:<\/p>\n<ol>\n<li><strong> Nationalit\u00e9 des femmes italiennes mari\u00e9es \u00e0 des citoyens fran\u00e7ais entre le 01\/01\/1948 et le 11\/01\/1973 :<\/strong><\/li>\n<\/ol>\n<p>Les femmes italiennes mari\u00e9es \u00e0 des citoyens fran\u00e7ais entre le 1er janvier 1948 et le 11 janvier 1973, qui ont acquis automatiquement la nationalit\u00e9 fran\u00e7aise par effet du mariage en vertu de l\u2019article 37 du Code de la Nationalit\u00e9 fran\u00e7aise de 1945, peuvent <a href=\"https:\/\/consmarsiglia.esteri.it\/wp-content\/uploads\/2025\/07\/modulo_2_possesso_ininterrotto_donna_viva30.06.25.pdf\">demander<\/a> la reconnaissance de la possession ininterrompue de la nationalit\u00e9 italienne.<\/p>\n<p>Documents requis :<\/p>\n<ul>\n<li>Certificat de naissance d\u00e9livr\u00e9 par la municipalit\u00e9 italienne, avec annotation du mariage et de la perte de la nationalit\u00e9\u00a0;<\/li>\n<li>Certificat de nationalit\u00e9 fran\u00e7aise\u00a0;<\/li>\n<li>Re\u00e7u de paiement de 600\u20ac pour la proc\u00e9dure.<\/li>\n<\/ul>\n<p><strong>Important<\/strong> : En cas de d\u00e9c\u00e8s de la femme italienne, la<a href=\"https:\/\/consmarsiglia.esteri.it\/wp-content\/uploads\/2025\/07\/modulo_3_possesso_ininterrotto_donna_deceduta30.06.25.pdf\"> <u>demande<\/u><\/a> peut \u00eatre pr\u00e9sent\u00e9e par les enfants majeurs.<\/p>\n<p>Cette reconnaissance permet de transmettre la nationalit\u00e9 aux enfants, qui seront \u00e9galement consid\u00e9r\u00e9s comme italiens d\u00e8s la naissance. Les enfants majeurs, s&rsquo;ils souhaitent b\u00e9n\u00e9ficier de cette disposition, doivent toutefois faire une <u>d\u00e9claration<\/u> similaire et sont \u00e9galement soumis au paiement des frais consulaires de 600\u20ac. Les demandes mentionn\u00e9es ci-dessus, accompagn\u00e9es de la documentation requise, doivent \u00eatre envoy\u00e9es au Bureau de la Nationalit\u00e9 \u00e0 l&rsquo;adresse suivante :<\/p>\n<p>Consolato Generale d\u2019Italia<\/p>\n<p>Ufficio Cittadinanza<\/p>\n<p>56, Rue d\u2019Alger, 13005 Marseille<\/p>\n<ol start=\"2\">\n<li><strong> Nationalit\u00e9 des femmes italiennes mari\u00e9es \u00e0 des citoyens fran\u00e7ais entre le 12\/01\/1973 et le 23\/03\/1995 :<\/strong><\/li>\n<\/ol>\n<p>\u00c0 partir du 12 janvier 1973, la r\u00e9forme du Code de la Nationalit\u00e9 fran\u00e7aise a abrog\u00e9 l\u2019automatisme d\u2019acquisition de la nationalit\u00e9 fran\u00e7aise par effet du mariage. Les femmes italiennes mari\u00e9es apr\u00e8s cette date ont perdu automatiquement leur nationalit\u00e9 italienne, mais elles peuvent la r\u00e9acqu\u00e9rir sous certaines conditions. Pour plus d\u2019informations vous pouvez vous rendre sur la page <u><a href=\"https:\/\/consmarsiglia.esteri.it\/fr\/servizi-consolari-e-visti\/servizi-per-il-cittadino-straniero\/cittadinanza\/perdita-e-riacquisto\/\">Perte et r\u00e9acquisition<\/a>\u00a0<\/u>.<\/p>\n<ol start=\"3\">\n<li><strong> Nationalit\u00e9 des femmes italiennes mari\u00e9es \u00e0 des citoyens fran\u00e7ais apr\u00e8s le 24\/03\/1995 :<\/strong><\/li>\n<\/ol>\n<p>En application du Deuxi\u00e8me Protocole de la Convention de Strasbourg, entr\u00e9 en vigueur le 24 mars 1995, les femmes italiennes devenues fran\u00e7aises par mariage conservent automatiquement leur nationalit\u00e9 italienne.<\/p>\n<p><strong>Co\u00fbts et modalit\u00e9s de paiement :<\/strong><\/p>\n<p>\u00c0 partir du 1er janvier 2025, une taxe consulaire de <strong>600\u20ac<\/strong> s&rsquo;applique pour le traitement des demandes de reconnaissance de la nationalit\u00e9 italienne pr\u00e9sent\u00e9es par des personnes majeures de plus de 18 ans.<\/p>\n<p>Le paiement doit \u00eatre effectu\u00e9 par virement bancaire sur le compte du Consulat G\u00e9n\u00e9ral d\u2019Italie \u00e0 Marseille, et ce, avant la pr\u00e9sentation de la demande, ind\u00e9pendamment de l\u2019issue de la proc\u00e9dure.<\/p>\n<p>Coordonn\u00e9es bancaires :<\/p>\n<ul>\n<li>IBAN : FR7630478000020138947200535<\/li>\n<li>BIC\/SWIFT : MONTFRPPXXX<\/li>\n<\/ul>\n<ul>\n<li>Le libell\u00e9 du virement devra indiquer : \u00ab\u00a0Pr\u00e9nom Nom, Reconnaissance de la .<\/li>\n<\/ul>\n<p>&nbsp;<\/p>\n<p>&nbsp;<\/p>\n<p>&nbsp;<\/p>\n","protected":false},"excerpt":{"rendered":"La Loi n\u00b0 555\/1912 sur la nationalit\u00e9 italienne (abrog\u00e9e en 1992) pr\u00e9voyait la perte de la nationalit\u00e9 italienne en cas d\u2019acquisition d\u2019une nationalit\u00e9 \u00e9trang\u00e8re par mariage. Cette disposition a \u00e9t\u00e9 abrog\u00e9e en 1975, permettant aux femmes concern\u00e9es de demander la r\u00e9acquisition de la nationalit\u00e9 italienne. La jurisprudence la plus r\u00e9cente a reconnu la possibilit\u00e9 de [&hellip;]","protected":false},"author":8,"featured_media":0,"parent":359,"menu_order":7,"comment_status":"closed","ping_status":"closed","template":"","meta":{"footnotes":""},"class_list":["post-3592","page","type-page","status-publish","hentry"],"_links":{"self":[{"href":"https:\/\/consmarsiglia.esteri.it\/fr\/wp-json\/wp\/v2\/pages\/3592","targetHints":{"allow":["GET"]}}],"collection":[{"href":"https:\/\/consmarsiglia.esteri.it\/fr\/wp-json\/wp\/v2\/pages"}],"about":[{"href":"https:\/\/consmarsiglia.esteri.it\/fr\/wp-json\/wp\/v2\/types\/page"}],"author":[{"embeddable":true,"href":"https:\/\/consmarsiglia.esteri.it\/fr\/wp-json\/wp\/v2\/users\/8"}],"replies":[{"embeddable":true,"href":"https:\/\/consmarsiglia.esteri.it\/fr\/wp-json\/wp\/v2\/comments?post=3592"}],"version-history":[{"count":2,"href":"https:\/\/consmarsiglia.esteri.it\/fr\/wp-json\/wp\/v2\/pages\/3592\/revisions"}],"predecessor-version":[{"id":3598,"href":"https:\/\/consmarsiglia.esteri.it\/fr\/wp-json\/wp\/v2\/pages\/3592\/revisions\/3598"}],"up":[{"embeddable":true,"href":"https:\/\/consmarsiglia.esteri.it\/fr\/wp-json\/wp\/v2\/pages\/359"}],"wp:attachment":[{"href":"https:\/\/consmarsiglia.esteri.it\/fr\/wp-json\/wp\/v2\/media?parent=3592"}],"curies":[{"name":"wp","href":"https:\/\/api.w.org\/{rel}","templated":true}]}}