{"id":369,"date":"2023-03-06T16:05:25","date_gmt":"2023-03-06T15:05:25","guid":{"rendered":"https:\/\/consmarsiglia.esteri.it\/?page_id=369"},"modified":"2026-01-06T11:40:17","modified_gmt":"2026-01-06T10:40:17","slug":"pour-ceux-qui-viennent-de-litalie","status":"publish","type":"page","link":"https:\/\/consmarsiglia.esteri.it\/fr\/servizi-consolari-e-visti\/servizi-per-il-cittadino-italiano\/registre-des-italiens-residant-a-letranger-aire\/pour-ceux-qui-viennent-de-litalie\/","title":{"rendered":"Pour ceux qui viennent de l&rsquo;Italie"},"content":{"rendered":"<div>\n<p style=\"text-align: left;\">V\u00e9rifiez d&rsquo;abord quel est le consulat comp\u00e9tent en fonction de votre adresse de r\u00e9sidence: <a href=\"https:\/\/serviziconsolari.esteri.it\/ScoFE\/services\/consulate\/find-consulate.sco\">ici le lien au service en ligne<\/a><\/p>\n<p><strong>Comment faire une demande d&rsquo;inscription ?<\/strong><\/p>\n<ul>\n<li>connectez-vous au site <a href=\"https:\/\/serviziconsolari.esteri.it\/ScoFE\/index.sco;jsessionid=AD9965A384F2084DBED0201125BC609E\">Fast It &#8211; Servizi Consolari Online<\/a>: une fois que vous avez cr\u00e9\u00e9 et activ\u00e9 votre compte personnel, vous pouvez proc\u00e9der \u00e0 la soumission de votre candidature.<br \/>\nSi vous avez besoin d&rsquo;aide, vous pouvez t\u00e9l\u00e9charger le guide pratique \u00e0<a href=\"https:\/\/consmarsiglia.esteri.it\/wp-content\/uploads\/2023\/03\/guida-iscrizione-AIRE-1.pdf\"> ce lien<\/a> ou regarder le tutoriel vid\u00e9o \u00e0 <a href=\"https:\/\/www.youtube.com\/watch?v=zIfldViKqyY&amp;t=532s\">ce lien<\/a><\/li>\n<\/ul>\n<p>L&rsquo;avancement de votre demande peut \u00eatre consult\u00e9 \u00e0 partir de votre compte en cliquant sur \u00ab\u00a0Anagrafe Consolare e AIRE\u00a0\u00bb et ensuite sur \u00ab\u00a0Verifica scheda anagrafica\u00a0\u00bb.<\/p>\n<p><strong>ATTENTION !<\/strong> Les demandes envoy\u00e9es par la<strong> poste<\/strong> ou par <strong>courriel<\/strong> ne sont <strong>PAS<\/strong> prises en consid\u00e9ration.<\/p>\n<p><strong>ATTENTION !<\/strong> Vous n&rsquo;avez pas la citoyennet\u00e9 italienne, mais vous devez inscrire <strong>un mineur<\/strong> ayant la citoyennet\u00e9 italienne ? Dans ce cas, vous ne pourrez pas utiliser le service en ligne, \u00e9crivez \u00e0 \u00a0<a href=\"mailto:statocivile.marsiglia@esteri.it\">anagrafe.marsiglia@esteri.it<\/a><\/p>\n<p>Le d\u00e9lai de traitement des demandes ne d\u00e9passe pas <strong>180 jours.<\/strong><\/p>\n<\/div>\n","protected":false},"excerpt":{"rendered":"V\u00e9rifiez d&rsquo;abord quel est le consulat comp\u00e9tent en fonction de votre adresse de r\u00e9sidence: ici le lien au service en ligne Comment faire une demande d&rsquo;inscription ? connectez-vous au site Fast It &#8211; Servizi Consolari Online: une fois que vous avez cr\u00e9\u00e9 et activ\u00e9 votre compte personnel, vous pouvez proc\u00e9der \u00e0 la soumission de votre [&hellip;]","protected":false},"author":6,"featured_media":0,"parent":339,"menu_order":1,"comment_status":"closed","ping_status":"closed","template":"","meta":{"footnotes":""},"class_list":["post-369","page","type-page","status-publish","hentry"],"_links":{"self":[{"href":"https:\/\/consmarsiglia.esteri.it\/fr\/wp-json\/wp\/v2\/pages\/369","targetHints":{"allow":["GET"]}}],"collection":[{"href":"https:\/\/consmarsiglia.esteri.it\/fr\/wp-json\/wp\/v2\/pages"}],"about":[{"href":"https:\/\/consmarsiglia.esteri.it\/fr\/wp-json\/wp\/v2\/types\/page"}],"author":[{"embeddable":true,"href":"https:\/\/consmarsiglia.esteri.it\/fr\/wp-json\/wp\/v2\/users\/6"}],"replies":[{"embeddable":true,"href":"https:\/\/consmarsiglia.esteri.it\/fr\/wp-json\/wp\/v2\/comments?post=369"}],"version-history":[{"count":3,"href":"https:\/\/consmarsiglia.esteri.it\/fr\/wp-json\/wp\/v2\/pages\/369\/revisions"}],"predecessor-version":[{"id":3902,"href":"https:\/\/consmarsiglia.esteri.it\/fr\/wp-json\/wp\/v2\/pages\/369\/revisions\/3902"}],"up":[{"embeddable":true,"href":"https:\/\/consmarsiglia.esteri.it\/fr\/wp-json\/wp\/v2\/pages\/339"}],"wp:attachment":[{"href":"https:\/\/consmarsiglia.esteri.it\/fr\/wp-json\/wp\/v2\/media?parent=369"}],"curies":[{"name":"wp","href":"https:\/\/api.w.org\/{rel}","templated":true}]}}