{"id":372,"date":"2023-03-06T15:20:37","date_gmt":"2023-03-06T14:20:37","guid":{"rendered":"https:\/\/consmarsiglia.esteri.it\/servizi-consolari-e-visti\/servizi-per-il-cittadino-straniero\/cittadinanza\/modulistica\/"},"modified":"2025-11-04T12:12:17","modified_gmt":"2025-11-04T11:12:17","slug":"modulistica","status":"publish","type":"page","link":"https:\/\/consmarsiglia.esteri.it\/fr\/servizi-consolari-e-visti\/servizi-per-il-cittadino-straniero\/cittadinanza\/modulistica\/","title":{"rendered":"Formulaires"},"content":{"rendered":"<ol>\n<li><a href=\"https:\/\/consmarsiglia.esteri.it\/wp-content\/uploads\/2025\/07\/modulo_1_istanza_iure_sanguinis_11_07_2025.pdf\">Demande de nationalit\u00e9 par descendance<\/a><\/li>\n<li><a href=\"https:\/\/consmarsiglia.esteri.it\/wp-content\/uploads\/2025\/07\/modulo_2_possesso_ininterrotto_donna_viva30.06.25.pdf\">Maintien de la nationalit\u00e9 italienne par la femme mari\u00e9e (en vie)<\/a><\/li>\n<li><a href=\"https:\/\/consmarsiglia.esteri.it\/wp-content\/uploads\/2025\/07\/modulo_3_possesso_ininterrotto_donna_deceduta30.06.25.pdf\">Maintien de la nationalit\u00e9 italienne par la femme mari\u00e9e (d\u00e9c\u00e9d\u00e9e)<\/a><\/li>\n<\/ol>\n","protected":false},"excerpt":{"rendered":"Demande de nationalit\u00e9 par descendance Maintien de la nationalit\u00e9 italienne par la femme mari\u00e9e (en vie) Maintien de la nationalit\u00e9 italienne par la femme mari\u00e9e (d\u00e9c\u00e9d\u00e9e)","protected":false},"author":8,"featured_media":0,"parent":359,"menu_order":8,"comment_status":"closed","ping_status":"closed","template":"","meta":{"footnotes":""},"class_list":["post-372","page","type-page","status-publish","hentry"],"_links":{"self":[{"href":"https:\/\/consmarsiglia.esteri.it\/fr\/wp-json\/wp\/v2\/pages\/372","targetHints":{"allow":["GET"]}}],"collection":[{"href":"https:\/\/consmarsiglia.esteri.it\/fr\/wp-json\/wp\/v2\/pages"}],"about":[{"href":"https:\/\/consmarsiglia.esteri.it\/fr\/wp-json\/wp\/v2\/types\/page"}],"author":[{"embeddable":true,"href":"https:\/\/consmarsiglia.esteri.it\/fr\/wp-json\/wp\/v2\/users\/8"}],"replies":[{"embeddable":true,"href":"https:\/\/consmarsiglia.esteri.it\/fr\/wp-json\/wp\/v2\/comments?post=372"}],"version-history":[{"count":4,"href":"https:\/\/consmarsiglia.esteri.it\/fr\/wp-json\/wp\/v2\/pages\/372\/revisions"}],"predecessor-version":[{"id":3601,"href":"https:\/\/consmarsiglia.esteri.it\/fr\/wp-json\/wp\/v2\/pages\/372\/revisions\/3601"}],"up":[{"embeddable":true,"href":"https:\/\/consmarsiglia.esteri.it\/fr\/wp-json\/wp\/v2\/pages\/359"}],"wp:attachment":[{"href":"https:\/\/consmarsiglia.esteri.it\/fr\/wp-json\/wp\/v2\/media?parent=372"}],"curies":[{"name":"wp","href":"https:\/\/api.w.org\/{rel}","templated":true}]}}