{"id":393,"date":"2023-03-07T11:14:03","date_gmt":"2023-03-07T10:14:03","guid":{"rendered":"https:\/\/consmarsiglia.esteri.it\/?page_id=393"},"modified":"2025-02-06T14:53:09","modified_gmt":"2025-02-06T13:53:09","slug":"pour-ceux-qui-arrivent-dun-autre-consulat","status":"publish","type":"page","link":"https:\/\/consmarsiglia.esteri.it\/fr\/servizi-consolari-e-visti\/servizi-per-il-cittadino-italiano\/registre-des-italiens-residant-a-letranger-aire\/pour-ceux-qui-arrivent-dun-autre-consulat\/","title":{"rendered":"Pour ceux qui arrivent d&rsquo;un autre consulat"},"content":{"rendered":"<div>\n<p><strong>Comment d\u00e9clarer un changement de circonscription consulaire ?<\/strong><\/p>\n<ul>\n<li><strong>\u00a0Avez-vous d\u00e9j\u00e0 un profil actif sur Fast It ?<br \/>\n<\/strong>Acc\u00e9dez au <a href=\"https:\/\/serviziconsolarionline.esteri.it\/ScoFE\/index.sco\">site<\/a>, cliquez sur \u201cverifica scheda anagrafica\u201d et puis sur \u201c comunicare la variazione della propria residenza\u201d, si vous avez besoin d&rsquo;aide cliquez<a href=\"https:\/\/www.youtube.com\/watch?v=1RziVs_dgeA&amp;t=460s\"> ici<\/a> pour regarder le vid\u00e9o tutoriel<\/li>\n<li><strong>Vous n&rsquo;avez pas de profil Fast It ?<br \/>\n<\/strong>Cr\u00e9ez votre profil sur le <a href=\"https:\/\/serviziconsolarionline.esteri.it\/ScoFE\/index.sco\">site <\/a>puis cliquez sur \u201cAnagrafe consolare e AIRE\u201d et \u201cverifica scheda anagrafica\u201d.<br \/>\nProc\u00e9dez ensuite \u00e0 la d\u00e9claration de changement de r\u00e9sidence. Cliquez <a href=\"https:\/\/www.youtube.com\/watch?v=1RziVs_dgeA&amp;t=460s\">ici<\/a> pour regarder le vid\u00e9o tutoriel<\/li>\n<\/ul>\n<\/div>\n<p>Si vous n&rsquo;\u00eates pas citoyen italien et que vous devez d\u00e9clarer le changement de adresse pour un<strong> mineur<\/strong> qui a la nationalit\u00e9 italienne, \u00e9crivez \u00e0 <strong>marsiglia.fastit@esteri.it<\/strong><\/p>\n<p>Le d\u00e9lai de traitement des demandes ne d\u00e9passe pas <strong>180 jours.<\/strong><\/p>\n<p>&nbsp;<\/p>\n<p>&nbsp;<\/p>\n","protected":false},"excerpt":{"rendered":"Comment d\u00e9clarer un changement de circonscription consulaire ? \u00a0Avez-vous d\u00e9j\u00e0 un profil actif sur Fast It ? Acc\u00e9dez au site, cliquez sur \u201cverifica scheda anagrafica\u201d et puis sur \u201c comunicare la variazione della propria residenza\u201d, si vous avez besoin d&rsquo;aide cliquez ici pour regarder le vid\u00e9o tutoriel Vous n&rsquo;avez pas de profil Fast It ? [&hellip;]","protected":false},"author":6,"featured_media":0,"parent":339,"menu_order":2,"comment_status":"closed","ping_status":"closed","template":"","meta":{"footnotes":""},"class_list":["post-393","page","type-page","status-publish","hentry"],"_links":{"self":[{"href":"https:\/\/consmarsiglia.esteri.it\/fr\/wp-json\/wp\/v2\/pages\/393","targetHints":{"allow":["GET"]}}],"collection":[{"href":"https:\/\/consmarsiglia.esteri.it\/fr\/wp-json\/wp\/v2\/pages"}],"about":[{"href":"https:\/\/consmarsiglia.esteri.it\/fr\/wp-json\/wp\/v2\/types\/page"}],"author":[{"embeddable":true,"href":"https:\/\/consmarsiglia.esteri.it\/fr\/wp-json\/wp\/v2\/users\/6"}],"replies":[{"embeddable":true,"href":"https:\/\/consmarsiglia.esteri.it\/fr\/wp-json\/wp\/v2\/comments?post=393"}],"version-history":[{"count":1,"href":"https:\/\/consmarsiglia.esteri.it\/fr\/wp-json\/wp\/v2\/pages\/393\/revisions"}],"predecessor-version":[{"id":2548,"href":"https:\/\/consmarsiglia.esteri.it\/fr\/wp-json\/wp\/v2\/pages\/393\/revisions\/2548"}],"up":[{"embeddable":true,"href":"https:\/\/consmarsiglia.esteri.it\/fr\/wp-json\/wp\/v2\/pages\/339"}],"wp:attachment":[{"href":"https:\/\/consmarsiglia.esteri.it\/fr\/wp-json\/wp\/v2\/media?parent=393"}],"curies":[{"name":"wp","href":"https:\/\/api.w.org\/{rel}","templated":true}]}}