{"id":408,"date":"2023-03-07T15:45:56","date_gmt":"2023-03-07T14:45:56","guid":{"rendered":"https:\/\/consmarsiglia.esteri.it\/?page_id=408"},"modified":"2026-01-06T11:40:58","modified_gmt":"2026-01-06T10:40:58","slug":"pour-ceux-qui-sont-deja-inscrits-au-consulat-de-marseille-et-qui-changent-de-residence-dans-la-meme-circonscription-consulaire","status":"publish","type":"page","link":"https:\/\/consmarsiglia.esteri.it\/fr\/servizi-consolari-e-visti\/servizi-per-il-cittadino-italiano\/registre-des-italiens-residant-a-letranger-aire\/pour-ceux-qui-sont-deja-inscrits-au-consulat-de-marseille-et-qui-changent-de-residence-dans-la-meme-circonscription-consulaire\/","title":{"rendered":"Pour ceux qui sont d\u00e9j\u00e0 inscrits au Consulat de Marseille et qui changent de r\u00e9sidence dans la m\u00eame circonscription consulaire"},"content":{"rendered":"<p><strong>Comment d\u00e9clarer le changement d&rsquo;adresse ?<\/strong><\/p>\n<ul>\n<li><strong>Avez-vous un profil actif sur Fast It ?<\/strong><br \/>\nConnectez-vous \u00e0 <a href=\"https:\/\/serviziconsolarionline.esteri.it\/ScoFE\/index.sco\">Fast It<\/a> : cliquez sur \u00ab\u00a0Anagrafe Consolare e AIRE\u00a0\u00bb et s\u00e9lectionnez \u00ab\u00a0Comunicare la variazione della propria residenza\u00a0\u00bb<\/li>\n<li><strong>N&rsquo;avez-vous pas un profil Fast It ?<br \/>\n<\/strong>Connectez-vous au<a href=\"https:\/\/serviziconsolarionline.esteri.it\/ScoFE\/index.sco\"> site<\/a> et cr\u00e9ez un profil, puis cliquez sur \u00ab\u00a0Anagrafe Consolare e AIRE\u00a0\u00bb et ensuite sur \u00ab\u00a0comunicare la variazione della propria residenza\u00a0\u00bb. \u00c0 ce stade, le syst\u00e8me vous demandera de t\u00e9l\u00e9charger un document d&rsquo;identit\u00e9 qui sera consult\u00e9 par un op\u00e9rateur consulaire afin d&rsquo;associer votre profil Fast It \u00e0 votre fiche consulaire d\u00e9j\u00e0 existante. Une fois cette op\u00e9ration effectu\u00e9e, vous pourrez proc\u00e9der \u00e0 la communication de votre changement de r\u00e9sidence<\/li>\n<\/ul>\n<p>L&rsquo;\u00e9tat de votre demande peut \u00eatre consult\u00e9 \u00e0 partir de votre compte en cliquant sur \u00ab\u00a0Anagrafe Consolare e AIRE\u00a0\u00bb et ensuite sur \u00ab\u00a0verifica scheda anagrafica\u00a0\u00bb.<\/p>\n<p>Si vous <strong>n&rsquo;\u00eates pas<\/strong> citoyen italien et que vous devez communiquer le changement de r\u00e9sidence d&rsquo;un <strong>mineur<\/strong> de nationalit\u00e9 italienne, \u00e9crivez \u00e0 \u00a0<a href=\"mailto:statocivile.marsiglia@esteri.it\">anagrafe.marsiglia@esteri.it<\/a><\/p>\n<p>Le d\u00e9lai de traitement des demandes ne d\u00e9passe pas <strong>180 jours.<\/strong><\/p>\n<p>&nbsp;<\/p>\n","protected":false},"excerpt":{"rendered":"Comment d\u00e9clarer le changement d&rsquo;adresse ? Avez-vous un profil actif sur Fast It ? Connectez-vous \u00e0 Fast It : cliquez sur \u00ab\u00a0Anagrafe Consolare e AIRE\u00a0\u00bb et s\u00e9lectionnez \u00ab\u00a0Comunicare la variazione della propria residenza\u00a0\u00bb N&rsquo;avez-vous pas un profil Fast It ? Connectez-vous au site et cr\u00e9ez un profil, puis cliquez sur \u00ab\u00a0Anagrafe Consolare e AIRE\u00a0\u00bb et [&hellip;]","protected":false},"author":6,"featured_media":0,"parent":339,"menu_order":3,"comment_status":"closed","ping_status":"closed","template":"","meta":{"footnotes":""},"class_list":["post-408","page","type-page","status-publish","hentry"],"_links":{"self":[{"href":"https:\/\/consmarsiglia.esteri.it\/fr\/wp-json\/wp\/v2\/pages\/408","targetHints":{"allow":["GET"]}}],"collection":[{"href":"https:\/\/consmarsiglia.esteri.it\/fr\/wp-json\/wp\/v2\/pages"}],"about":[{"href":"https:\/\/consmarsiglia.esteri.it\/fr\/wp-json\/wp\/v2\/types\/page"}],"author":[{"embeddable":true,"href":"https:\/\/consmarsiglia.esteri.it\/fr\/wp-json\/wp\/v2\/users\/6"}],"replies":[{"embeddable":true,"href":"https:\/\/consmarsiglia.esteri.it\/fr\/wp-json\/wp\/v2\/comments?post=408"}],"version-history":[{"count":4,"href":"https:\/\/consmarsiglia.esteri.it\/fr\/wp-json\/wp\/v2\/pages\/408\/revisions"}],"predecessor-version":[{"id":3905,"href":"https:\/\/consmarsiglia.esteri.it\/fr\/wp-json\/wp\/v2\/pages\/408\/revisions\/3905"}],"up":[{"embeddable":true,"href":"https:\/\/consmarsiglia.esteri.it\/fr\/wp-json\/wp\/v2\/pages\/339"}],"wp:attachment":[{"href":"https:\/\/consmarsiglia.esteri.it\/fr\/wp-json\/wp\/v2\/media?parent=408"}],"curies":[{"name":"wp","href":"https:\/\/api.w.org\/{rel}","templated":true}]}}