{"id":413,"date":"2023-03-07T16:20:55","date_gmt":"2023-03-07T15:20:55","guid":{"rendered":"https:\/\/consmarsiglia.esteri.it\/?page_id=413"},"modified":"2023-03-07T16:39:21","modified_gmt":"2023-03-07T15:39:21","slug":"pour-ceux-qui-retournent-en-italie","status":"publish","type":"page","link":"https:\/\/consmarsiglia.esteri.it\/fr\/servizi-consolari-e-visti\/servizi-per-il-cittadino-italiano\/registre-des-italiens-residant-a-letranger-aire\/pour-ceux-qui-retournent-en-italie\/","title":{"rendered":"Pour ceux qui retournent en Italie"},"content":{"rendered":"<p><strong>Comment communiquer le rapatriement ?<\/strong><\/p>\n<p>Les citoyens inscrits \u00e0 l&rsquo;AIRE qui retournent d\u00e9finitivement en Italie doivent se pr\u00e9senter \u00e0 la <strong>Mairie Italienne<\/strong> o\u00f9 ils ont d\u00e9cid\u00e9 de s&rsquo;installer pour d\u00e9clarer leur nouvelle adresse de r\u00e9sidence.<br \/>\nIl sera de la responsabilit\u00e9 de la Mairie de communiquer officiellement la date effective du rapatriement au Consulat de Marseille, qui l&rsquo;enregistrera dans ses fichiers consulaires.<br \/>\nA la m\u00eame date, <strong>la Mairie proc\u00e8dera \u00e0 la radiation de l&rsquo;AIRE<\/strong><\/p>\n","protected":false},"excerpt":{"rendered":"Comment communiquer le rapatriement ? Les citoyens inscrits \u00e0 l&rsquo;AIRE qui retournent d\u00e9finitivement en Italie doivent se pr\u00e9senter \u00e0 la Mairie Italienne o\u00f9 ils ont d\u00e9cid\u00e9 de s&rsquo;installer pour d\u00e9clarer leur nouvelle adresse de r\u00e9sidence. Il sera de la responsabilit\u00e9 de la Mairie de communiquer officiellement la date effective du rapatriement au Consulat de Marseille, [&hellip;]","protected":false},"author":6,"featured_media":0,"parent":339,"menu_order":4,"comment_status":"closed","ping_status":"closed","template":"","meta":{"footnotes":""},"class_list":["post-413","page","type-page","status-publish","hentry"],"_links":{"self":[{"href":"https:\/\/consmarsiglia.esteri.it\/fr\/wp-json\/wp\/v2\/pages\/413","targetHints":{"allow":["GET"]}}],"collection":[{"href":"https:\/\/consmarsiglia.esteri.it\/fr\/wp-json\/wp\/v2\/pages"}],"about":[{"href":"https:\/\/consmarsiglia.esteri.it\/fr\/wp-json\/wp\/v2\/types\/page"}],"author":[{"embeddable":true,"href":"https:\/\/consmarsiglia.esteri.it\/fr\/wp-json\/wp\/v2\/users\/6"}],"replies":[{"embeddable":true,"href":"https:\/\/consmarsiglia.esteri.it\/fr\/wp-json\/wp\/v2\/comments?post=413"}],"version-history":[{"count":0,"href":"https:\/\/consmarsiglia.esteri.it\/fr\/wp-json\/wp\/v2\/pages\/413\/revisions"}],"up":[{"embeddable":true,"href":"https:\/\/consmarsiglia.esteri.it\/fr\/wp-json\/wp\/v2\/pages\/339"}],"wp:attachment":[{"href":"https:\/\/consmarsiglia.esteri.it\/fr\/wp-json\/wp\/v2\/media?parent=413"}],"curies":[{"name":"wp","href":"https:\/\/api.w.org\/{rel}","templated":true}]}}