{"id":426,"date":"2023-03-08T12:34:13","date_gmt":"2023-03-08T11:34:13","guid":{"rendered":"https:\/\/consmarsiglia.esteri.it\/chi-siamo\/la-rete-consolare\/uffici-consolari-onorari\/"},"modified":"2025-09-12T15:31:00","modified_gmt":"2025-09-12T13:31:00","slug":"uffici-consolari-onorari","status":"publish","type":"page","link":"https:\/\/consmarsiglia.esteri.it\/fr\/chi-siamo\/la-rete-consolare\/uffici-consolari-onorari\/","title":{"rendered":"Bureaux Consulaires Honoraires"},"content":{"rendered":"<p><strong>Lourdes Consulat Honoraire<br \/>\n<\/strong><\/p>\n<p>M. Franco SANTI \u2013 Consul Honoraire<\/p>\n<p>Hotel Biarritz<\/p>\n<p>7, Place Jeanne d\u2019Arc<\/p>\n<p>Tel.\u00a0: 06 88 54 71 98 \u00a0\u2013 email:\u00a0<a title=\"francosanti@wanadoo.fr\" href=\"mailto:francosanti@wanadoo.fr\">lourdes.onorario@esteri.it<\/a><\/p>\n<p><a href=\"https:\/\/consmarsiglia.esteri.it\/wp-content\/uploads\/2023\/07\/ESTRATTO_AGG_DLF_SANTI_CO_LOURDES_FRANCIA.pdf\">Decreto di Limitazione delle Funzioni del Console Onorario d&rsquo;Italia in LOURDES<\/a><\/p>\n<p>Le Consul Honoraire re\u00e7oit le public pour le pr\u00e9l\u00e8vement des donn\u00e9es biom\u00e9triques afin de demander le passeport au Consulat G\u00e9n\u00e9ral d&rsquo;Italie \u00e0 Marseille, le MERCREDI de 14h00 \u00e0 18h00 sur rdv \u00e0 fixer en appelant le 06 88 54 71 98.<\/p>\n<p>&nbsp;<\/p>\n<p><strong>Bordeaux Vice Consulat Honoraire<\/strong><\/p>\n<p>Sig. Bruno Felici<br \/>\n36, Cours du Mar\u00e9chal Foch<\/p>\n<p>33000 Bordeaux<\/p>\n<p>Tel. 07.63.11.03.96 \u2013\u00a0 @mail <a href=\"mailto:bordeaux.onorario@esteri.it\">bordeaux.onorario@esteri.it<\/a><\/p>\n<p>Sur rendez-vous uniquement<\/p>\n<p>Jeudi de 08h30 \u00e0 13h<\/p>\n<p><a href=\"https:\/\/consmarsiglia.esteri.it\/wp-content\/uploads\/2025\/03\/decreto-limitazione-funzioni-Felici_001917.pdf\">Decreto di limtazione delle funzioni del Vice Console Onorario in BORDEAUX<\/a><\/p>\n<p>&nbsp;<\/p>\n<p><strong>Montpellier Vice Consulat Honoraire<br \/>\n<\/strong><\/p>\n<p>Prof.ssa Stefania GIODA<\/p>\n<p>Maison des Relations Internationales<br \/>\n14, Rue Descente en Barrat<br \/>\n34000 Montpellier<\/p>\n<p>E-mail:\u00a0<a href=\"mailto:montpellier.onorario@esteri.it\">montpellier.onorario@esteri.it<\/a><\/p>\n<p>Permanence: vendredi de 09h00 \u00e0 11h00<br \/>\nSur rendez-vous uniquement: <a href=\"mailto:montpellier.onorario@esteri.it\">montpellier.onorario@esteri.it<\/a><\/p>\n<p><a href=\"https:\/\/consmarsiglia.esteri.it\/wp-content\/uploads\/2023\/03\/estratto_dlf_mellace_vco_montpellier_francia-1.pdf\">Decreto di limitazione delle Funzioni del Vice Console Onorario in MONTPELLIER<\/a><\/p>\n","protected":false},"excerpt":{"rendered":"Lourdes Consulat Honoraire M. Franco SANTI \u2013 Consul Honoraire Hotel Biarritz 7, Place Jeanne d\u2019Arc Tel.\u00a0: 06 88 54 71 98 \u00a0\u2013 email:\u00a0lourdes.onorario@esteri.it Decreto di Limitazione delle Funzioni del Console Onorario d&rsquo;Italia in LOURDES Le Consul Honoraire re\u00e7oit le public pour le pr\u00e9l\u00e8vement des donn\u00e9es biom\u00e9triques afin de demander le passeport au Consulat G\u00e9n\u00e9ral d&rsquo;Italie [&hellip;]","protected":false},"author":8,"featured_media":0,"parent":147,"menu_order":1,"comment_status":"closed","ping_status":"closed","template":"","meta":{"footnotes":""},"class_list":["post-426","page","type-page","status-publish","hentry"],"_links":{"self":[{"href":"https:\/\/consmarsiglia.esteri.it\/fr\/wp-json\/wp\/v2\/pages\/426","targetHints":{"allow":["GET"]}}],"collection":[{"href":"https:\/\/consmarsiglia.esteri.it\/fr\/wp-json\/wp\/v2\/pages"}],"about":[{"href":"https:\/\/consmarsiglia.esteri.it\/fr\/wp-json\/wp\/v2\/types\/page"}],"author":[{"embeddable":true,"href":"https:\/\/consmarsiglia.esteri.it\/fr\/wp-json\/wp\/v2\/users\/8"}],"replies":[{"embeddable":true,"href":"https:\/\/consmarsiglia.esteri.it\/fr\/wp-json\/wp\/v2\/comments?post=426"}],"version-history":[{"count":2,"href":"https:\/\/consmarsiglia.esteri.it\/fr\/wp-json\/wp\/v2\/pages\/426\/revisions"}],"predecessor-version":[{"id":3257,"href":"https:\/\/consmarsiglia.esteri.it\/fr\/wp-json\/wp\/v2\/pages\/426\/revisions\/3257"}],"up":[{"embeddable":true,"href":"https:\/\/consmarsiglia.esteri.it\/fr\/wp-json\/wp\/v2\/pages\/147"}],"wp:attachment":[{"href":"https:\/\/consmarsiglia.esteri.it\/fr\/wp-json\/wp\/v2\/media?parent=426"}],"curies":[{"name":"wp","href":"https:\/\/api.w.org\/{rel}","templated":true}]}}