{"id":451,"date":"2023-03-08T15:38:11","date_gmt":"2023-03-08T14:38:11","guid":{"rendered":"https:\/\/consmarsiglia.esteri.it\/?page_id=451"},"modified":"2023-03-08T15:44:46","modified_gmt":"2023-03-08T14:44:46","slug":"deplacement-vers-une-autre-circonscription-consulaire","status":"publish","type":"page","link":"https:\/\/consmarsiglia.esteri.it\/fr\/servizi-consolari-e-visti\/servizi-per-il-cittadino-italiano\/registre-des-italiens-residant-a-letranger-aire\/deplacement-vers-une-autre-circonscription-consulaire\/","title":{"rendered":"D\u00e9placement vers une autre circonscription consulaire"},"content":{"rendered":"<div>\n<p><strong>Communiquer votre deplacement<br \/>\n<\/strong><\/p>\n<p>Les citoyens d\u00e9j\u00e0 enregistr\u00e9s aupr\u00e8s de l&rsquo;AIRE et r\u00e9sidant dans la circonscription du Consulat de Marseille qui d\u00e9m\u00e9nagent ailleurs doivent communiquer leur changement de r\u00e9sidence via<a href=\"https:\/\/serviziconsolari.esteri.it\/ScoFE\/index.sco\"> FAST IT.<\/a><\/p>\n<p>Il est conseill\u00e9 de <strong>consulter le site web du nouveau Consulat comp\u00e9tent<\/strong>.<\/p>\n<p>Il appartiendra au nouveau Consulat d&rsquo;informer le Consulat de Marseille et la Mairie d&rsquo;inscription AIRE du changement de r\u00e9sidence.<\/p>\n<\/div>\n","protected":false},"excerpt":{"rendered":"Communiquer votre deplacement Les citoyens d\u00e9j\u00e0 enregistr\u00e9s aupr\u00e8s de l&rsquo;AIRE et r\u00e9sidant dans la circonscription du Consulat de Marseille qui d\u00e9m\u00e9nagent ailleurs doivent communiquer leur changement de r\u00e9sidence via FAST IT. Il est conseill\u00e9 de consulter le site web du nouveau Consulat comp\u00e9tent. Il appartiendra au nouveau Consulat d&rsquo;informer le Consulat de Marseille et la [&hellip;]","protected":false},"author":6,"featured_media":0,"parent":339,"menu_order":5,"comment_status":"closed","ping_status":"closed","template":"","meta":{"footnotes":""},"class_list":["post-451","page","type-page","status-publish","hentry"],"_links":{"self":[{"href":"https:\/\/consmarsiglia.esteri.it\/fr\/wp-json\/wp\/v2\/pages\/451","targetHints":{"allow":["GET"]}}],"collection":[{"href":"https:\/\/consmarsiglia.esteri.it\/fr\/wp-json\/wp\/v2\/pages"}],"about":[{"href":"https:\/\/consmarsiglia.esteri.it\/fr\/wp-json\/wp\/v2\/types\/page"}],"author":[{"embeddable":true,"href":"https:\/\/consmarsiglia.esteri.it\/fr\/wp-json\/wp\/v2\/users\/6"}],"replies":[{"embeddable":true,"href":"https:\/\/consmarsiglia.esteri.it\/fr\/wp-json\/wp\/v2\/comments?post=451"}],"version-history":[{"count":0,"href":"https:\/\/consmarsiglia.esteri.it\/fr\/wp-json\/wp\/v2\/pages\/451\/revisions"}],"up":[{"embeddable":true,"href":"https:\/\/consmarsiglia.esteri.it\/fr\/wp-json\/wp\/v2\/pages\/339"}],"wp:attachment":[{"href":"https:\/\/consmarsiglia.esteri.it\/fr\/wp-json\/wp\/v2\/media?parent=451"}],"curies":[{"name":"wp","href":"https:\/\/api.w.org\/{rel}","templated":true}]}}