{"id":536,"date":"2023-03-10T14:05:51","date_gmt":"2023-03-10T13:05:51","guid":{"rendered":"https:\/\/consmarsiglia.esteri.it\/servizi-consolari-e-visti\/servizi-per-il-cittadino-italiano\/stato-civile\/matrimonio\/"},"modified":"2023-03-10T14:34:10","modified_gmt":"2023-03-10T13:34:10","slug":"matrimonio","status":"publish","type":"page","link":"https:\/\/consmarsiglia.esteri.it\/fr\/servizi-consolari-e-visti\/servizi-per-il-cittadino-italiano\/stato-civile\/matrimonio\/","title":{"rendered":"Mariage"},"content":{"rendered":"<p>Les citoyens italiens r\u00e9sidant en France peuvent se marier<\/p>\n<ul>\n<li>aupr\u00e8s d&rsquo;une Mairie fran\u00e7aise<\/li>\n<li>aupr\u00e8s d&rsquo;une Mairie\/paroisse italienne<\/li>\n<li>dans un autre Pays<\/li>\n<li>aupr\u00e8s du Consulat g\u00e9n\u00e9ral d&rsquo;Italie en France (mariage consulaire)<\/li>\n<\/ul>\n","protected":false},"excerpt":{"rendered":"Les citoyens italiens r\u00e9sidant en France peuvent se marier aupr\u00e8s d&rsquo;une Mairie fran\u00e7aise aupr\u00e8s d&rsquo;une Mairie\/paroisse italienne dans un autre Pays aupr\u00e8s du Consulat g\u00e9n\u00e9ral d&rsquo;Italie en France (mariage consulaire)","protected":false},"author":8,"featured_media":0,"parent":476,"menu_order":2,"comment_status":"closed","ping_status":"closed","template":"","meta":{"footnotes":""},"class_list":["post-536","page","type-page","status-publish","hentry"],"_links":{"self":[{"href":"https:\/\/consmarsiglia.esteri.it\/fr\/wp-json\/wp\/v2\/pages\/536","targetHints":{"allow":["GET"]}}],"collection":[{"href":"https:\/\/consmarsiglia.esteri.it\/fr\/wp-json\/wp\/v2\/pages"}],"about":[{"href":"https:\/\/consmarsiglia.esteri.it\/fr\/wp-json\/wp\/v2\/types\/page"}],"author":[{"embeddable":true,"href":"https:\/\/consmarsiglia.esteri.it\/fr\/wp-json\/wp\/v2\/users\/8"}],"replies":[{"embeddable":true,"href":"https:\/\/consmarsiglia.esteri.it\/fr\/wp-json\/wp\/v2\/comments?post=536"}],"version-history":[{"count":0,"href":"https:\/\/consmarsiglia.esteri.it\/fr\/wp-json\/wp\/v2\/pages\/536\/revisions"}],"up":[{"embeddable":true,"href":"https:\/\/consmarsiglia.esteri.it\/fr\/wp-json\/wp\/v2\/pages\/476"}],"wp:attachment":[{"href":"https:\/\/consmarsiglia.esteri.it\/fr\/wp-json\/wp\/v2\/media?parent=536"}],"curies":[{"name":"wp","href":"https:\/\/api.w.org\/{rel}","templated":true}]}}