{"id":545,"date":"2023-03-10T15:19:07","date_gmt":"2023-03-10T14:19:07","guid":{"rendered":"https:\/\/consmarsiglia.esteri.it\/servizi-consolari-e-visti\/servizi-per-il-cittadino-italiano\/stato-civile\/matrimonio\/matrimonio-presso-un-comune-francese\/"},"modified":"2026-04-03T12:30:31","modified_gmt":"2026-04-03T10:30:31","slug":"matrimonio-presso-un-comune-francese","status":"publish","type":"page","link":"https:\/\/consmarsiglia.esteri.it\/fr\/servizi-consolari-e-visti\/servizi-per-il-cittadino-italiano\/stato-civile\/matrimonio\/matrimonio-presso-un-comune-francese\/","title":{"rendered":"Mariage ou PACS aupr\u00e8s d&rsquo;une Mairie fran\u00e7aise"},"content":{"rendered":"<p>Les citoyens italiens qui veulent se marier en France ne sont pas oblig\u00e9s de proc\u00e9der \u00e0 la publication des bans de mariage en Italie.<\/p>\n<p>Pour la constitution du dossier, veuillez consulter la Mairie du lieu de c\u00e9l\u00e9bration du mariage.<\/p>\n<p>Le Consulat d\u00e9livre uniquement<\/p>\n<p>Certificat de c\u00e9libat <strong>uniquement pour les inscrits \u00e0 l&rsquo;AIRE<\/strong> aupr\u00e8s du Consulat G\u00e9n\u00e9ral \u00e0 Marseille<\/p>\n<p>Certificat de l\u00e9gislation et coutume pour tous les ressortissants italiens qui ont l&rsquo;intention de se marier <strong>sur le territoire de la juridiction de ce Consulat.<\/strong><\/p>\n<p><strong>DEMANDE DE CERTIFICAT DE COUTUME\/CELIBAT<\/strong><\/p>\n<p>Avant de demander les certificats de c\u00e9libat et de coutume, veuillez v\u00e9rifier que votre \u00e9tat civil est \u00e0 jour aupr\u00e8s de ce Consulat.<\/p>\n<p>Pour obtenir des certificats de c\u00e9libat et de coutume, veuillez vous adresser exclusivement par <strong>courrier ordinaire ou recommand\u00e9 <\/strong>en envoyant (56 rue d&rsquo;Alger, 13005 Marseille) les documents suivants<\/p>\n<p>&#8211;<a href=\"https:\/\/consmarsiglia.esteri.it\/wp-content\/uploads\/2023\/03\/richiesta_di_certificati_per_contrarre_matrimonio_2.pdf\">auto d\u00e9claration<\/a><\/p>\n<p>&#8211; copie des pi\u00e8ces d&rsquo;identit\u00e9 de l&rsquo;\u00e9poux et de l&rsquo;\u00e9pouse<\/p>\n<p>&#8211; <a href=\"https:\/\/consmarsiglia.esteri.it\/wp-content\/uploads\/2023\/03\/35286_f_cons97RIBCONSULATGENERALDITALIEMONTEPASCHIBANQUECopy2-1.pdf\">re\u00e7u de virement bancaire en faveur de ce Consulat<\/a> avec le motif de paiement suivant : nom et pr\u00e9nom du demandeur et document demand\u00e9<\/p>\n<p>&#8211; enveloppe pour l&rsquo;envoi des certificats.<\/p>\n<p>Veuillez noter que le droit de timbre pour le certificat de c\u00e9libat est de 6 euros, le certificat de l\u00e9gislation et coutume est de 66 euros. Les modes de paiement autres que le virement bancaire ne sont pas accept\u00e9s.<\/p>\n<p>Apr\u00e8s la c\u00e9l\u00e9bration, les mari\u00e9s doivent envoyer au consulat l&rsquo;extrait original de l&rsquo;acte de mariage sur un formulaire multilingue pour transcription aupr\u00e8s de la Mairie comp\u00e9tente.<\/p>\n<p>Les demandes incompl\u00e8tes seront renvoy\u00e9es<\/p>\n<p>Les demandes de certificats de c\u00e9libat et de l\u00e9gislation et coutume ont un d\u00e9lai de traitement de <strong>trente jours maximum.<\/strong><\/p>\n<p>contacts : anagrafe.marsiglia@esteri.it<\/p>\n<p>&nbsp;<\/p>\n","protected":false},"excerpt":{"rendered":"Les citoyens italiens qui veulent se marier en France ne sont pas oblig\u00e9s de proc\u00e9der \u00e0 la publication des bans de mariage en Italie. Pour la constitution du dossier, veuillez consulter la Mairie du lieu de c\u00e9l\u00e9bration du mariage. Le Consulat d\u00e9livre uniquement Certificat de c\u00e9libat uniquement pour les inscrits \u00e0 l&rsquo;AIRE aupr\u00e8s du Consulat [&hellip;]","protected":false},"author":8,"featured_media":0,"parent":536,"menu_order":1,"comment_status":"closed","ping_status":"closed","template":"","meta":{"footnotes":""},"class_list":["post-545","page","type-page","status-publish","hentry"],"_links":{"self":[{"href":"https:\/\/consmarsiglia.esteri.it\/fr\/wp-json\/wp\/v2\/pages\/545","targetHints":{"allow":["GET"]}}],"collection":[{"href":"https:\/\/consmarsiglia.esteri.it\/fr\/wp-json\/wp\/v2\/pages"}],"about":[{"href":"https:\/\/consmarsiglia.esteri.it\/fr\/wp-json\/wp\/v2\/types\/page"}],"author":[{"embeddable":true,"href":"https:\/\/consmarsiglia.esteri.it\/fr\/wp-json\/wp\/v2\/users\/8"}],"replies":[{"embeddable":true,"href":"https:\/\/consmarsiglia.esteri.it\/fr\/wp-json\/wp\/v2\/comments?post=545"}],"version-history":[{"count":3,"href":"https:\/\/consmarsiglia.esteri.it\/fr\/wp-json\/wp\/v2\/pages\/545\/revisions"}],"predecessor-version":[{"id":4406,"href":"https:\/\/consmarsiglia.esteri.it\/fr\/wp-json\/wp\/v2\/pages\/545\/revisions\/4406"}],"up":[{"embeddable":true,"href":"https:\/\/consmarsiglia.esteri.it\/fr\/wp-json\/wp\/v2\/pages\/536"}],"wp:attachment":[{"href":"https:\/\/consmarsiglia.esteri.it\/fr\/wp-json\/wp\/v2\/media?parent=545"}],"curies":[{"name":"wp","href":"https:\/\/api.w.org\/{rel}","templated":true}]}}