{"id":551,"date":"2023-03-10T15:39:03","date_gmt":"2023-03-10T14:39:03","guid":{"rendered":"https:\/\/consmarsiglia.esteri.it\/servizi-consolari-e-visti\/servizi-per-il-cittadino-italiano\/stato-civile\/matrimonio\/matrimonio-consolare\/"},"modified":"2026-01-06T11:34:57","modified_gmt":"2026-01-06T10:34:57","slug":"matrimonio-consolare","status":"publish","type":"page","link":"https:\/\/consmarsiglia.esteri.it\/fr\/servizi-consolari-e-visti\/servizi-per-il-cittadino-italiano\/stato-civile\/matrimonio\/matrimonio-consolare\/","title":{"rendered":"Mariage consulaire"},"content":{"rendered":"<p>La convention consulaire entre l&rsquo;Italie et la France pr\u00e9voit que les mariages consulaires ne peuvent \u00eatre c\u00e9l\u00e9br\u00e9s <strong>qu&rsquo;entre ressortissants italiens<\/strong>. Les doubles nationaux italo-fran\u00e7ais sont exclus.<\/p>\n<p>Il est conseill\u00e9 aux citoyens italiens qui souhaitent c\u00e9l\u00e9brer leur mariage dans ce Consulat de s&rsquo;adresser au bureau de l&rsquo;\u00e9tat civil <a href=\"mailto:statocivile.marsiglia@esteri.it\">anagrafe.marsiglia@esteri.it<\/a><\/p>\n<p>&nbsp;<\/p>\n<p>&nbsp;<\/p>\n<p>&nbsp;<\/p>\n","protected":false},"excerpt":{"rendered":"La convention consulaire entre l&rsquo;Italie et la France pr\u00e9voit que les mariages consulaires ne peuvent \u00eatre c\u00e9l\u00e9br\u00e9s qu&rsquo;entre ressortissants italiens. Les doubles nationaux italo-fran\u00e7ais sont exclus. Il est conseill\u00e9 aux citoyens italiens qui souhaitent c\u00e9l\u00e9brer leur mariage dans ce Consulat de s&rsquo;adresser au bureau de l&rsquo;\u00e9tat civil anagrafe.marsiglia@esteri.it &nbsp; &nbsp; &nbsp;","protected":false},"author":8,"featured_media":0,"parent":536,"menu_order":4,"comment_status":"closed","ping_status":"closed","template":"","meta":{"footnotes":""},"class_list":["post-551","page","type-page","status-publish","hentry"],"_links":{"self":[{"href":"https:\/\/consmarsiglia.esteri.it\/fr\/wp-json\/wp\/v2\/pages\/551","targetHints":{"allow":["GET"]}}],"collection":[{"href":"https:\/\/consmarsiglia.esteri.it\/fr\/wp-json\/wp\/v2\/pages"}],"about":[{"href":"https:\/\/consmarsiglia.esteri.it\/fr\/wp-json\/wp\/v2\/types\/page"}],"author":[{"embeddable":true,"href":"https:\/\/consmarsiglia.esteri.it\/fr\/wp-json\/wp\/v2\/users\/8"}],"replies":[{"embeddable":true,"href":"https:\/\/consmarsiglia.esteri.it\/fr\/wp-json\/wp\/v2\/comments?post=551"}],"version-history":[{"count":1,"href":"https:\/\/consmarsiglia.esteri.it\/fr\/wp-json\/wp\/v2\/pages\/551\/revisions"}],"predecessor-version":[{"id":3894,"href":"https:\/\/consmarsiglia.esteri.it\/fr\/wp-json\/wp\/v2\/pages\/551\/revisions\/3894"}],"up":[{"embeddable":true,"href":"https:\/\/consmarsiglia.esteri.it\/fr\/wp-json\/wp\/v2\/pages\/536"}],"wp:attachment":[{"href":"https:\/\/consmarsiglia.esteri.it\/fr\/wp-json\/wp\/v2\/media?parent=551"}],"curies":[{"name":"wp","href":"https:\/\/api.w.org\/{rel}","templated":true}]}}