{"id":560,"date":"2023-03-13T10:52:56","date_gmt":"2023-03-13T09:52:56","guid":{"rendered":"https:\/\/consmarsiglia.esteri.it\/servizi-consolari-e-visti\/servizi-per-il-cittadino-italiano\/stato-civile\/matrimonio\/matrimonio-in-italia\/"},"modified":"2026-02-18T08:59:20","modified_gmt":"2026-02-18T07:59:20","slug":"matrimonio-in-italia","status":"publish","type":"page","link":"https:\/\/consmarsiglia.esteri.it\/fr\/servizi-consolari-e-visti\/servizi-per-il-cittadino-italiano\/stato-civile\/matrimonio\/matrimonio-in-italia\/","title":{"rendered":"Mariage en Italie"},"content":{"rendered":"<p>Les citoyens italiens r\u00e9sidant \u00e0 l&rsquo;\u00e9tranger et inscrits aupr\u00e8s de l&rsquo;AIRE peuvent, s&rsquo;ils le souhaitent, contracter en Italie un mariage civil ou religieux avec effets civils (concordat de rite catholique ou d&rsquo;autres confessions ayant conclu des accords avec l&rsquo;\u00c9tat italien).<\/p>\n<p>La c\u00e9l\u00e9bration du mariage doit toujours \u00eatre pr\u00e9c\u00e9d\u00e9e de publications.<\/p>\n<p>Les publications doivent \u00eatre demand\u00e9es :<\/p>\n<p>&#8211; <strong>En Italie<\/strong>, si les mari\u00e9s sont tous deux citoyens italiens et qu&rsquo;au moins l&rsquo;un d&rsquo;entre eux r\u00e9side en Italie ou si un des mari\u00e9 est italien et r\u00e9sident en Italie. Dans ces cas, la demande de publication des bans doit \u00eatre pr\u00e9sent\u00e9e directement \u00e0 l&rsquo;officier de l&rsquo;\u00e9tat civil de la commune de r\u00e9sidence en Italie.<\/p>\n<p>&#8211; <strong>Au Consulat G\u00e9n\u00e9ral de Marseille<\/strong> si les deux mari\u00e9s sont des citoyens italiens r\u00e9sidant \u00e0 l&rsquo;\u00e9tranger, et qu&rsquo;au moins l&rsquo;un d&rsquo;entre eux r\u00e9side dans la circonscription de ce Consulat G\u00e9n\u00e9ral, ou si un des mari\u00e9s est un citoyen italien r\u00e9sidant dans la circonscription de ce Consulat G\u00e9n\u00e9ral et l&rsquo;autre mari\u00e9 est \u00e9tranger.<\/p>\n<p>&nbsp;<\/p>\n<p><strong>Comment demander les bans au Consulat G\u00e9n\u00e9ral de Marseille ?<\/strong><\/p>\n<p>Pour demander les bans de mariage, vous devez <strong>envoyer \u00e0 ce Consulat G\u00e9n\u00e9ral par voie postale les documents ci-dessous,<\/strong> d\u00fbment compl\u00e9t\u00e9s et sign\u00e9s :<\/p>\n<p>&#8211; <a href=\"https:\/\/consmarsiglia.esteri.it\/wp-content\/uploads\/2023\/03\/modulo_richiesta_pubblicazioni_matrimonio_in_italia.pdf\">formulaire de demande de publications<\/a><\/p>\n<p>&#8211; <a href=\"https:\/\/consmarsiglia.esteri.it\/wp-content\/uploads\/2023\/03\/richiesta_di_certificato_di_nulla_osta_alla_celebrazione_del_matrimonio_in_italia.pdf\">auto d\u00e9claration\u00a0 sign\u00e9e par les int\u00e9ress\u00e9s datant de moins de six mois<\/a><\/p>\n<p>&#8211; <a href=\"https:\/\/consmarsiglia.esteri.it\/wp-content\/uploads\/2023\/03\/modulo_richiesta_pubblicazioni_parroco_italiano.pdf\">demande de bans de mariage d\u00e9livr\u00e9s par la paroisse italienne<\/a> o\u00f9 le mariage sera c\u00e9l\u00e9br\u00e9 ou par un autre ministre du culte admis (UNIQUEMENT dans le cas d&rsquo;un mariage religieux de rite concordataire)<\/p>\n<p>&#8211; photocopie des documents d&rsquo;identit\u00e9 en cours de validit\u00e9 des deux fianc\u00e9s<\/p>\n<p>&#8211; si l&rsquo;un des fianc\u00e9s est \u00e9tranger, l&rsquo;autorisation de l&rsquo;autorit\u00e9 du pays dont il est ressortissant (si vous n&rsquo;etes pas encore en possession de ce document merci de l&rsquo;indiquer dans le formulaire; vous devrez obligatoirement l&rsquo;amener le jour du rendez-vous pour les bans).<\/p>\n<p>Il est conseill\u00e9 de demander les bans<strong> au moins trois mois avant<\/strong> la date pr\u00e9vue du mariage.<\/p>\n<p>&nbsp;<\/p>\n<p>Une fois les v\u00e9rifications n\u00e9cessaires effectu\u00e9es,<strong> les futurs \u00e9poux seront convoqu\u00e9s pour signer l&rsquo;acte de publication au Consulat G\u00e9n\u00e9ral de Marseille<\/strong>. Lors du rendez-vous, ils doivent se pr\u00e9senter avec une pi\u00e8ce d&rsquo;identit\u00e9 en cours de validit\u00e9.<\/p>\n<p>A l&rsquo;issue du d\u00e9lai de publication (8 jours + 3 jours), l&rsquo;Office consulaire enverra \u00e0 l&rsquo;Officier de l&rsquo;\u00e9tat civil de la Commune o\u00f9 sera c\u00e9l\u00e9br\u00e9 le mariage ou, dans le cas d&rsquo;un mariage religieux, \u00e0 la Paroisse\/Minist\u00e8re du culte qui a \u00e9t\u00e9 admise, le Certificat d&rsquo;ex\u00e9cution des bans et l&rsquo;\u00e9ventuelle Procuration pour la c\u00e9l\u00e9bration du mariage (veuillez indiquer le nom, le num\u00e9ro de t\u00e9l\u00e9phone et l&rsquo;adresse \u00e9lectronique de la Paroisse ou du Minist\u00e8re du culte).<\/p>\n<p>Le mariage doit \u00eatre c\u00e9l\u00e9br\u00e9 dans les 180 jours suivant la publication (ce qui signifie que le rdv <strong>peut \u00eatre donn\u00e9 au maximum 6 mois avant le mariage<\/strong>).<\/p>\n<p><strong>La taxe consulaire<\/strong> pour la publication du mariage est de 12 \u20ac sur pr\u00e9sentation du re\u00e7u du virement effectu\u00e9 au moins huit jours avant la convocation sur le <a href=\"https:\/\/consmarsiglia.esteri.it\/wp-content\/uploads\/2023\/03\/35286_f_cons97RIBCONSULATGENERALDITALIEMONTEPASCHIBANQUECopy2.pdf\">compte bancaire<\/a> du Consulat G\u00e9n\u00e9ral d&rsquo;Italie \u00e0 Marseille, \u00e0 pr\u00e9senter le jour de la convocation :<\/p>\n<p>&#8211; publications de mariage \u20ac 6.00<\/p>\n<p>&#8211; certificat de publications \u20ac6.00<\/p>\n<p>Contacts : <a href=\"mailto:statocivile.marsiglia@esteri.it\">anagrafe.marsiglia@esteri.it<\/a><\/p>\n<p>&nbsp;<\/p>\n<p>&nbsp;<\/p>\n<p>&nbsp;<\/p>\n","protected":false},"excerpt":{"rendered":"Les citoyens italiens r\u00e9sidant \u00e0 l&rsquo;\u00e9tranger et inscrits aupr\u00e8s de l&rsquo;AIRE peuvent, s&rsquo;ils le souhaitent, contracter en Italie un mariage civil ou religieux avec effets civils (concordat de rite catholique ou d&rsquo;autres confessions ayant conclu des accords avec l&rsquo;\u00c9tat italien). La c\u00e9l\u00e9bration du mariage doit toujours \u00eatre pr\u00e9c\u00e9d\u00e9e de publications. Les publications doivent \u00eatre demand\u00e9es [&hellip;]","protected":false},"author":8,"featured_media":0,"parent":536,"menu_order":2,"comment_status":"closed","ping_status":"closed","template":"","meta":{"footnotes":""},"class_list":["post-560","page","type-page","status-publish","hentry"],"_links":{"self":[{"href":"https:\/\/consmarsiglia.esteri.it\/fr\/wp-json\/wp\/v2\/pages\/560","targetHints":{"allow":["GET"]}}],"collection":[{"href":"https:\/\/consmarsiglia.esteri.it\/fr\/wp-json\/wp\/v2\/pages"}],"about":[{"href":"https:\/\/consmarsiglia.esteri.it\/fr\/wp-json\/wp\/v2\/types\/page"}],"author":[{"embeddable":true,"href":"https:\/\/consmarsiglia.esteri.it\/fr\/wp-json\/wp\/v2\/users\/8"}],"replies":[{"embeddable":true,"href":"https:\/\/consmarsiglia.esteri.it\/fr\/wp-json\/wp\/v2\/comments?post=560"}],"version-history":[{"count":5,"href":"https:\/\/consmarsiglia.esteri.it\/fr\/wp-json\/wp\/v2\/pages\/560\/revisions"}],"predecessor-version":[{"id":4163,"href":"https:\/\/consmarsiglia.esteri.it\/fr\/wp-json\/wp\/v2\/pages\/560\/revisions\/4163"}],"up":[{"embeddable":true,"href":"https:\/\/consmarsiglia.esteri.it\/fr\/wp-json\/wp\/v2\/pages\/536"}],"wp:attachment":[{"href":"https:\/\/consmarsiglia.esteri.it\/fr\/wp-json\/wp\/v2\/media?parent=560"}],"curies":[{"name":"wp","href":"https:\/\/api.w.org\/{rel}","templated":true}]}}