{"id":597,"date":"2023-03-14T10:47:13","date_gmt":"2023-03-14T09:47:13","guid":{"rendered":"https:\/\/consmarsiglia.esteri.it\/servizi-consolari-e-visti\/servizi-per-il-cittadino-italiano\/stato-civile\/divorzio\/"},"modified":"2023-03-14T14:31:04","modified_gmt":"2023-03-14T13:31:04","slug":"divorzio","status":"publish","type":"page","link":"https:\/\/consmarsiglia.esteri.it\/fr\/servizi-consolari-e-visti\/servizi-per-il-cittadino-italiano\/stato-civile\/divorzio\/","title":{"rendered":"Divorce"},"content":{"rendered":"<p>La demande de transcription d&rsquo;un divorce peut \u00eatre pr\u00e9sent\u00e9e\u00a0 par toute personne int\u00e9ress\u00e9e (ex-conjoint et\/ou enfants) \u00e0 la Mairie italienne o\u00f9 est inscrit ou transcrit l&rsquo;acte de mariage.<\/p>\n<p>En alternative, les citoyens italiens r\u00e9sidant dans cette circonscription consulaire et inscrits \u00e0 l&rsquo;AIRE peuvent pr\u00e9senter la demande susmentionn\u00e9e \u00e0 ce Consulat (bureau de l&rsquo;\u00e9tat civil) pour qu&rsquo;il la transmette \u00e0 la Mairie comp\u00e9tente.<\/p>\n<p><b>Le d\u00e9lai de traitement est d&rsquo;environ <\/b><strong>trois mois<\/strong><\/p>\n<p><b>Attention! Les dossiers incomplets seront retourn\u00e9s \u00e0 l&rsquo;exp\u00e9diteur\u00a0<\/b><\/p>\n","protected":false},"excerpt":{"rendered":"La demande de transcription d&rsquo;un divorce peut \u00eatre pr\u00e9sent\u00e9e\u00a0 par toute personne int\u00e9ress\u00e9e (ex-conjoint et\/ou enfants) \u00e0 la Mairie italienne o\u00f9 est inscrit ou transcrit l&rsquo;acte de mariage. En alternative, les citoyens italiens r\u00e9sidant dans cette circonscription consulaire et inscrits \u00e0 l&rsquo;AIRE peuvent pr\u00e9senter la demande susmentionn\u00e9e \u00e0 ce Consulat (bureau de l&rsquo;\u00e9tat civil) pour [&hellip;]","protected":false},"author":8,"featured_media":0,"parent":476,"menu_order":5,"comment_status":"closed","ping_status":"closed","template":"","meta":{"footnotes":""},"class_list":["post-597","page","type-page","status-publish","hentry"],"_links":{"self":[{"href":"https:\/\/consmarsiglia.esteri.it\/fr\/wp-json\/wp\/v2\/pages\/597","targetHints":{"allow":["GET"]}}],"collection":[{"href":"https:\/\/consmarsiglia.esteri.it\/fr\/wp-json\/wp\/v2\/pages"}],"about":[{"href":"https:\/\/consmarsiglia.esteri.it\/fr\/wp-json\/wp\/v2\/types\/page"}],"author":[{"embeddable":true,"href":"https:\/\/consmarsiglia.esteri.it\/fr\/wp-json\/wp\/v2\/users\/8"}],"replies":[{"embeddable":true,"href":"https:\/\/consmarsiglia.esteri.it\/fr\/wp-json\/wp\/v2\/comments?post=597"}],"version-history":[{"count":0,"href":"https:\/\/consmarsiglia.esteri.it\/fr\/wp-json\/wp\/v2\/pages\/597\/revisions"}],"up":[{"embeddable":true,"href":"https:\/\/consmarsiglia.esteri.it\/fr\/wp-json\/wp\/v2\/pages\/476"}],"wp:attachment":[{"href":"https:\/\/consmarsiglia.esteri.it\/fr\/wp-json\/wp\/v2\/media?parent=597"}],"curies":[{"name":"wp","href":"https:\/\/api.w.org\/{rel}","templated":true}]}}