{"id":613,"date":"2023-03-14T12:51:54","date_gmt":"2023-03-14T11:51:54","guid":{"rendered":"https:\/\/consmarsiglia.esteri.it\/servizi-consolari-e-visti\/servizi-per-il-cittadino-italiano\/stato-civile\/divorzio\/sentenze-pronunciate-in-francia-dal-01-03-2001-al-31-07-2022\/"},"modified":"2026-01-05T16:24:04","modified_gmt":"2026-01-05T15:24:04","slug":"sentenze-pronunciate-in-francia-dal-01-03-2001-al-31-07-2022","status":"publish","type":"page","link":"https:\/\/consmarsiglia.esteri.it\/fr\/servizi-consolari-e-visti\/servizi-per-il-cittadino-italiano\/stato-civile\/divorzio\/sentenze-pronunciate-in-francia-dal-01-03-2001-al-31-07-2022\/","title":{"rendered":"Jugements prononc\u00e9s en France entre le 01\/03\/2001 et le 31\/07\/2022"},"content":{"rendered":"<p>Envoyer au 56 rue d&rsquo;Alger, 13005 Marseille:<\/p>\n<ul>\n<li>Certificat vis\u00e9 \u00e0 l&rsquo;Art. 39 Annexe I (jugements en mati\u00e8re matrimoniale) du R\u00e8glement CE n\u00b0 2201\/2003 du 27 novembre 2003 d\u00e9livr\u00e9 par le Tribunal qui a prononc\u00e9 le jugement<\/li>\n<li><strong>En pr\u00e9sence d&rsquo;enfants mineurs<\/strong>, \u00e9galement le Certificat vis\u00e9 \u00e0 l&rsquo;art. 39 annexe ll (d\u00e9cisions relatives \u00e0 la responsabilit\u00e9 parentale) du r\u00e8glement (CE) n\u00b0 2201\/2003 du 27 novembre 2003, d\u00e9livr\u00e9 par le Tribunal qui a rendu la d\u00e9cision<\/li>\n<li>Extrait de l&rsquo;acte de mariage \u00e9tabli sur un formulaire multilingue, avec mention du divorce si le mariage a \u00e9t\u00e9 contract\u00e9 en France<\/li>\n<li>Photocopie d&rsquo;une pi\u00e8ce d&rsquo;identit\u00e9 en cours de validit\u00e9<\/li>\n<li>Demande de transcription\u00a0 (\u25ba\u00a0<a href=\"https:\/\/consmarsiglia.esteri.it\/wp-content\/uploads\/2023\/03\/sentenza_di_divorzio_dal_01-03-2001_al_31-07-2022.pdf\">formulaire<\/a>)<\/li>\n<\/ul>\n<p><strong>Le d\u00e9lai de traitement est d&rsquo;environ trois mois<\/strong><\/p>\n<p><strong>contacts:<\/strong><br \/>\n<a href=\"mailto:anagrafe.marsiglia@esteri.it\">\u00a0anagrafe.marsiglia@esteri.it<\/a><\/p>\n","protected":false},"excerpt":{"rendered":"Envoyer au 56 rue d&rsquo;Alger, 13005 Marseille: Certificat vis\u00e9 \u00e0 l&rsquo;Art. 39 Annexe I (jugements en mati\u00e8re matrimoniale) du R\u00e8glement CE n\u00b0 2201\/2003 du 27 novembre 2003 d\u00e9livr\u00e9 par le Tribunal qui a prononc\u00e9 le jugement En pr\u00e9sence d&rsquo;enfants mineurs, \u00e9galement le Certificat vis\u00e9 \u00e0 l&rsquo;art. 39 annexe ll (d\u00e9cisions relatives \u00e0 la responsabilit\u00e9 parentale) [&hellip;]","protected":false},"author":8,"featured_media":0,"parent":597,"menu_order":2,"comment_status":"closed","ping_status":"closed","template":"","meta":{"footnotes":""},"class_list":["post-613","page","type-page","status-publish","hentry"],"_links":{"self":[{"href":"https:\/\/consmarsiglia.esteri.it\/fr\/wp-json\/wp\/v2\/pages\/613","targetHints":{"allow":["GET"]}}],"collection":[{"href":"https:\/\/consmarsiglia.esteri.it\/fr\/wp-json\/wp\/v2\/pages"}],"about":[{"href":"https:\/\/consmarsiglia.esteri.it\/fr\/wp-json\/wp\/v2\/types\/page"}],"author":[{"embeddable":true,"href":"https:\/\/consmarsiglia.esteri.it\/fr\/wp-json\/wp\/v2\/users\/8"}],"replies":[{"embeddable":true,"href":"https:\/\/consmarsiglia.esteri.it\/fr\/wp-json\/wp\/v2\/comments?post=613"}],"version-history":[{"count":1,"href":"https:\/\/consmarsiglia.esteri.it\/fr\/wp-json\/wp\/v2\/pages\/613\/revisions"}],"predecessor-version":[{"id":3847,"href":"https:\/\/consmarsiglia.esteri.it\/fr\/wp-json\/wp\/v2\/pages\/613\/revisions\/3847"}],"up":[{"embeddable":true,"href":"https:\/\/consmarsiglia.esteri.it\/fr\/wp-json\/wp\/v2\/pages\/597"}],"wp:attachment":[{"href":"https:\/\/consmarsiglia.esteri.it\/fr\/wp-json\/wp\/v2\/media?parent=613"}],"curies":[{"name":"wp","href":"https:\/\/api.w.org\/{rel}","templated":true}]}}