{"id":623,"date":"2023-03-14T14:50:14","date_gmt":"2023-03-14T13:50:14","guid":{"rendered":"https:\/\/consmarsiglia.esteri.it\/servizi-consolari-e-visti\/servizi-per-il-cittadino-italiano\/stato-civile\/divorzio\/divorzio-consensuale-pronunciato-dal-notaio-in-francia-dal-1-01-2017-al-31-07-2022\/"},"modified":"2026-01-05T16:24:23","modified_gmt":"2026-01-05T15:24:23","slug":"divorzio-consensuale-pronunciato-dal-notaio-in-francia-dal-1-01-2017-al-31-07-2022","status":"publish","type":"page","link":"https:\/\/consmarsiglia.esteri.it\/fr\/servizi-consolari-e-visti\/servizi-per-il-cittadino-italiano\/stato-civile\/divorzio\/divorzio-consensuale-pronunciato-dal-notaio-in-francia-dal-1-01-2017-al-31-07-2022\/","title":{"rendered":"Divorce par consentement mutuel prononc\u00e9 par un notaire en France entre le 1\/01\/2017 et le 31\/07\/2022"},"content":{"rendered":"<p>Envoyer au 56 rue d&rsquo;Alger, 13005 Marseille:<\/p>\n<ul>\n<li>Certificat vis\u00e9 \u00e0 l&rsquo;art. 39, annexe I (D\u00e9cisions en mati\u00e8re matrimoniale) du R\u00e8glement CE n\u00b0 2201\/2003 du 27 novembre 2003 d\u00e9livr\u00e9 par le notaire qui a prononc\u00e9 le divorce<\/li>\n<li>en pr\u00e9sence d&rsquo;enfants mineurs, \u00e9galement le Certificat vis\u00e9 \u00e0 l&rsquo;art. 39, annexe II (D\u00e9cisions concernant la responsabilit\u00e9 parentale) du R\u00e8glement CE n\u00b0 2201\/2003 du 27 novembre 2003 d\u00e9livr\u00e9 par le Notaire qui a prononc\u00e9 le divorce<\/li>\n<li>extrait de l&rsquo;acte de mariage \u00e9tabli sur un formulaire multilingue, compl\u00e9t\u00e9 par l&rsquo;acte de divorce si le mariage a \u00e9t\u00e9 contract\u00e9 en France<\/li>\n<li>demande de transcription\u00a0 (\u25ba <a href=\"https:\/\/consmarsiglia.esteri.it\/wp-content\/uploads\/2023\/03\/divorzio_consensuale_pronunciato_dal__notaio_in_francia_dal_1_gennaio_2017_al_31_luglio_2022.pdf\">formulaire<\/a>)<\/li>\n<\/ul>\n<p>Le d\u00e9lai de traitement est d&rsquo;environ trois moi<\/p>\n<p><strong>contacts:\u00a0<\/strong><br \/>\n<a href=\"mailto:anagrafe.marsiglia@esteri.it\">anagrafe.marsiglia@esteri.it<\/a><\/p>\n","protected":false},"excerpt":{"rendered":"Envoyer au 56 rue d&rsquo;Alger, 13005 Marseille: Certificat vis\u00e9 \u00e0 l&rsquo;art. 39, annexe I (D\u00e9cisions en mati\u00e8re matrimoniale) du R\u00e8glement CE n\u00b0 2201\/2003 du 27 novembre 2003 d\u00e9livr\u00e9 par le notaire qui a prononc\u00e9 le divorce en pr\u00e9sence d&rsquo;enfants mineurs, \u00e9galement le Certificat vis\u00e9 \u00e0 l&rsquo;art. 39, annexe II (D\u00e9cisions concernant la responsabilit\u00e9 parentale) du [&hellip;]","protected":false},"author":8,"featured_media":0,"parent":597,"menu_order":3,"comment_status":"closed","ping_status":"closed","template":"","meta":{"footnotes":""},"class_list":["post-623","page","type-page","status-publish","hentry"],"_links":{"self":[{"href":"https:\/\/consmarsiglia.esteri.it\/fr\/wp-json\/wp\/v2\/pages\/623","targetHints":{"allow":["GET"]}}],"collection":[{"href":"https:\/\/consmarsiglia.esteri.it\/fr\/wp-json\/wp\/v2\/pages"}],"about":[{"href":"https:\/\/consmarsiglia.esteri.it\/fr\/wp-json\/wp\/v2\/types\/page"}],"author":[{"embeddable":true,"href":"https:\/\/consmarsiglia.esteri.it\/fr\/wp-json\/wp\/v2\/users\/8"}],"replies":[{"embeddable":true,"href":"https:\/\/consmarsiglia.esteri.it\/fr\/wp-json\/wp\/v2\/comments?post=623"}],"version-history":[{"count":1,"href":"https:\/\/consmarsiglia.esteri.it\/fr\/wp-json\/wp\/v2\/pages\/623\/revisions"}],"predecessor-version":[{"id":3850,"href":"https:\/\/consmarsiglia.esteri.it\/fr\/wp-json\/wp\/v2\/pages\/623\/revisions\/3850"}],"up":[{"embeddable":true,"href":"https:\/\/consmarsiglia.esteri.it\/fr\/wp-json\/wp\/v2\/pages\/597"}],"wp:attachment":[{"href":"https:\/\/consmarsiglia.esteri.it\/fr\/wp-json\/wp\/v2\/media?parent=623"}],"curies":[{"name":"wp","href":"https:\/\/api.w.org\/{rel}","templated":true}]}}