{"id":631,"date":"2023-03-14T15:27:43","date_gmt":"2023-03-14T14:27:43","guid":{"rendered":"https:\/\/consmarsiglia.esteri.it\/servizi-consolari-e-visti\/servizi-per-il-cittadino-italiano\/stato-civile\/divorzio\/sentenze-di-divorzio-pronunciate-in-francia-dal-01-08-2022-regolamento-ue-n-1111-2019-2\/"},"modified":"2026-04-13T12:24:49","modified_gmt":"2026-04-13T10:24:49","slug":"sentenze-di-divorzio-pronunciate-in-francia-dal-01-08-2022-regolamento-ue-n-1111-2019","status":"publish","type":"page","link":"https:\/\/consmarsiglia.esteri.it\/fr\/servizi-consolari-e-visti\/servizi-per-il-cittadino-italiano\/stato-civile\/divorzio\/sentenze-di-divorzio-pronunciate-in-francia-dal-01-08-2022-regolamento-ue-n-1111-2019\/","title":{"rendered":"Divorce prononc\u00e9 en France apr\u00e8s le 01\/08\/2022 (R\u00e8glement UE n\u00b0 1111\/2019):"},"content":{"rendered":"<p>\u00c0 compter du 1er ao\u00fbt 2022, le nouveau R\u00e8glement UE n\u00b0 1111 du 25 juin 2019 relatif \u00e0 la comp\u00e9tence, la reconnaissance et l&rsquo;ex\u00e9cution des d\u00e9cisions en mati\u00e8re matrimoniale et en mati\u00e8re de responsabilit\u00e9 parentale , et \u00e0 l&rsquo;enl\u00e8vement international d&rsquo;enfants s&rsquo;applique.<\/p>\n<p>Cette l\u00e9gislation r\u00e9glementaire pr\u00e9voit deux annexes diff\u00e9rentes :<\/p>\n<p>le certificat Art. 36 Annexe II \u00e0 l&rsquo;Annexe III pour les d\u00e9cisions de justice<\/p>\n<p>le certificat art. 66 annexe VIII et IX pour les s\u00e9parations ou divorces conclus dans un acte public ou une convention enregistr\u00e9e (consensuel)<\/p>\n<p>Pour un divorce prononc\u00e9 au Tribunal, envoyer donc au 56 rue d&rsquo;Alger, 13005\u00a0 Marseille:<\/p>\n<ul>\n<li>Le certificat vis\u00e9 \u00e0 l&rsquo;art. 36(1)(a), ANNEXE II (certificat concernant les d\u00e9cisions en mati\u00e8re matrimoniale) du r\u00e8glement UE n\u00b0 1111\/2019 du 25 juin 2019, d\u00e9livr\u00e9 par la juridiction qui a rendu la d\u00e9cision<\/li>\n<li>Lorsqu&rsquo;il y a des enfants mineurs Le certificat vis\u00e9 \u00e0 l&rsquo;art. 36 (1) (b), ANNEXE III (Certificat concernant les d\u00e9cisions en mati\u00e8re de responsabilit\u00e9 parentale) du r\u00e8glement (UE) n\u00b0 1111\/2019 du 25 juin 2019, d\u00e9livr\u00e9 par la juridiction qui a rendu la d\u00e9cision<\/li>\n<li>Extrait de l&rsquo;acte de mariage \u00e9tabli sur un formulaire multilingue avec l&rsquo;annotation du divorce si le mariage a \u00e9t\u00e9 contract\u00e9 en France<\/li>\n<li>Photocopie d&rsquo;une pi\u00e8ce d&rsquo;identit\u00e9 en cours de validit\u00e9<\/li>\n<li>Demande de transcription\u00a0 (\u25ba <a href=\"https:\/\/consmarsiglia.esteri.it\/wp-content\/uploads\/2023\/03\/sentenze_di_divorzio__in_francia_dal_1_agosto_2022.pdf\">formulaire<\/a>)<\/li>\n<\/ul>\n<p>Le d\u00e9lai de traitement est d&rsquo;environ trois mois<\/p>\n<p><strong>contatti:\u00a0<\/strong><br \/>\n<a href=\"mailto:anagrafe.marsiglia@esteri.it\">anagrafe.marsiglia@esteri.it<\/a><\/p>\n","protected":false},"excerpt":{"rendered":"\u00c0 compter du 1er ao\u00fbt 2022, le nouveau R\u00e8glement UE n\u00b0 1111 du 25 juin 2019 relatif \u00e0 la comp\u00e9tence, la reconnaissance et l&rsquo;ex\u00e9cution des d\u00e9cisions en mati\u00e8re matrimoniale et en mati\u00e8re de responsabilit\u00e9 parentale , et \u00e0 l&rsquo;enl\u00e8vement international d&rsquo;enfants s&rsquo;applique. Cette l\u00e9gislation r\u00e9glementaire pr\u00e9voit deux annexes diff\u00e9rentes : le certificat Art. 36 Annexe [&hellip;]","protected":false},"author":8,"featured_media":0,"parent":597,"menu_order":4,"comment_status":"closed","ping_status":"closed","template":"","meta":{"footnotes":""},"class_list":["post-631","page","type-page","status-publish","hentry"],"_links":{"self":[{"href":"https:\/\/consmarsiglia.esteri.it\/fr\/wp-json\/wp\/v2\/pages\/631","targetHints":{"allow":["GET"]}}],"collection":[{"href":"https:\/\/consmarsiglia.esteri.it\/fr\/wp-json\/wp\/v2\/pages"}],"about":[{"href":"https:\/\/consmarsiglia.esteri.it\/fr\/wp-json\/wp\/v2\/types\/page"}],"author":[{"embeddable":true,"href":"https:\/\/consmarsiglia.esteri.it\/fr\/wp-json\/wp\/v2\/users\/8"}],"replies":[{"embeddable":true,"href":"https:\/\/consmarsiglia.esteri.it\/fr\/wp-json\/wp\/v2\/comments?post=631"}],"version-history":[{"count":3,"href":"https:\/\/consmarsiglia.esteri.it\/fr\/wp-json\/wp\/v2\/pages\/631\/revisions"}],"predecessor-version":[{"id":4419,"href":"https:\/\/consmarsiglia.esteri.it\/fr\/wp-json\/wp\/v2\/pages\/631\/revisions\/4419"}],"up":[{"embeddable":true,"href":"https:\/\/consmarsiglia.esteri.it\/fr\/wp-json\/wp\/v2\/pages\/597"}],"wp:attachment":[{"href":"https:\/\/consmarsiglia.esteri.it\/fr\/wp-json\/wp\/v2\/media?parent=631"}],"curies":[{"name":"wp","href":"https:\/\/api.w.org\/{rel}","templated":true}]}}