{"id":640,"date":"2023-03-14T15:40:32","date_gmt":"2023-03-14T14:40:32","guid":{"rendered":"https:\/\/consmarsiglia.esteri.it\/servizi-consolari-e-visti\/servizi-per-il-cittadino-italiano\/stato-civile\/divorzio\/divorzio-consensuale-pronunciato-in-francia-dal-notaio-dal-01-08-2022-regolamento-ue-n-1111-2019\/"},"modified":"2026-01-05T16:29:23","modified_gmt":"2026-01-05T15:29:23","slug":"divorzio-consensuale-pronunciato-in-francia-dal-notaio-dal-01-08-2022-regolamento-ue-n-1111-2019","status":"publish","type":"page","link":"https:\/\/consmarsiglia.esteri.it\/fr\/servizi-consolari-e-visti\/servizi-per-il-cittadino-italiano\/stato-civile\/divorzio\/divorzio-consensuale-pronunciato-in-francia-dal-notaio-dal-01-08-2022-regolamento-ue-n-1111-2019\/","title":{"rendered":"Divorce par consentement mutuel prononc\u00e9 par un notaire en France \u00e0 compter du 01\/08\/2022 (R\u00e8glement UE n\u00b01111\/2019) (Regolamento UE N. 1111\/2019)"},"content":{"rendered":"<p>Envoyer au 56 rue d&rsquo;Alger 13005 Marseille:<\/p>\n<ul>\n<li>Certificat vis\u00e9 \u00e0 l&rsquo;art. 66(1)(a), annexe VIII ( certificat concernant un acte authentique ou un accord sur le divorce ou la s\u00e9paration de corps) du r\u00e8glement UE n\u00b0 1111\/2019 du 25 juin 2019<\/li>\n<li>En pr\u00e9sence d&rsquo;enfants mineurs \u00e9galement le certificat vis\u00e9 \u00e0 l&rsquo;art. 66 (1) (b) annexe IX (certificat concernant un acte authentique ou un accord relatif \u00e0 la responsabilit\u00e9 parentale) du r\u00e8glement (UE) n\u00b0 1111\/2019 du 25 juin 2019<\/li>\n<li>Extrait de l&rsquo;acte de mariage \u00e9tabli sur un formulaire multilingue avec mention du divorce si le mariage a \u00e9t\u00e9 contract\u00e9 en France<\/li>\n<li>Photocopie d&rsquo;une pi\u00e8ce d&rsquo;identit\u00e9 en cours de validit\u00e9<\/li>\n<li>Demande de transcription (\u25ba <a href=\"https:\/\/consmarsiglia.esteri.it\/wp-content\/uploads\/2023\/03\/divorzio_consensuale_pronunciato_dal__notaio_in_francia_dal_1_agosto_2022.pdf\"><strong>formulaire<\/strong><\/a>)<\/li>\n<\/ul>\n<p>Le d\u00e9lai de traitement est d&rsquo;environ trois mois<\/p>\n<p><strong>contatti:<\/strong><br \/>\n<a href=\"mailto:anagrafe.marsiglia@esteri.it\">anagrafe.marsiglia@esteri.it<\/a><\/p>\n<p>&nbsp;<\/p>\n","protected":false},"excerpt":{"rendered":"Envoyer au 56 rue d&rsquo;Alger 13005 Marseille: Certificat vis\u00e9 \u00e0 l&rsquo;art. 66(1)(a), annexe VIII ( certificat concernant un acte authentique ou un accord sur le divorce ou la s\u00e9paration de corps) du r\u00e8glement UE n\u00b0 1111\/2019 du 25 juin 2019 En pr\u00e9sence d&rsquo;enfants mineurs \u00e9galement le certificat vis\u00e9 \u00e0 l&rsquo;art. 66 (1) (b) annexe IX [&hellip;]","protected":false},"author":8,"featured_media":0,"parent":597,"menu_order":5,"comment_status":"closed","ping_status":"closed","template":"","meta":{"footnotes":""},"class_list":["post-640","page","type-page","status-publish","hentry"],"_links":{"self":[{"href":"https:\/\/consmarsiglia.esteri.it\/fr\/wp-json\/wp\/v2\/pages\/640","targetHints":{"allow":["GET"]}}],"collection":[{"href":"https:\/\/consmarsiglia.esteri.it\/fr\/wp-json\/wp\/v2\/pages"}],"about":[{"href":"https:\/\/consmarsiglia.esteri.it\/fr\/wp-json\/wp\/v2\/types\/page"}],"author":[{"embeddable":true,"href":"https:\/\/consmarsiglia.esteri.it\/fr\/wp-json\/wp\/v2\/users\/8"}],"replies":[{"embeddable":true,"href":"https:\/\/consmarsiglia.esteri.it\/fr\/wp-json\/wp\/v2\/comments?post=640"}],"version-history":[{"count":1,"href":"https:\/\/consmarsiglia.esteri.it\/fr\/wp-json\/wp\/v2\/pages\/640\/revisions"}],"predecessor-version":[{"id":3857,"href":"https:\/\/consmarsiglia.esteri.it\/fr\/wp-json\/wp\/v2\/pages\/640\/revisions\/3857"}],"up":[{"embeddable":true,"href":"https:\/\/consmarsiglia.esteri.it\/fr\/wp-json\/wp\/v2\/pages\/597"}],"wp:attachment":[{"href":"https:\/\/consmarsiglia.esteri.it\/fr\/wp-json\/wp\/v2\/media?parent=640"}],"curies":[{"name":"wp","href":"https:\/\/api.w.org\/{rel}","templated":true}]}}