{"id":645,"date":"2023-03-14T15:47:29","date_gmt":"2023-03-14T14:47:29","guid":{"rendered":"https:\/\/consmarsiglia.esteri.it\/servizi-consolari-e-visti\/servizi-per-il-cittadino-italiano\/stato-civile\/divorzio\/divorzio-pronunciato-in-un-paese-terzo\/"},"modified":"2026-01-06T11:38:23","modified_gmt":"2026-01-06T10:38:23","slug":"divorzio-pronunciato-in-un-paese-terzo","status":"publish","type":"page","link":"https:\/\/consmarsiglia.esteri.it\/fr\/servizi-consolari-e-visti\/servizi-per-il-cittadino-italiano\/stato-civile\/divorzio\/divorzio-pronunciato-in-un-paese-terzo\/","title":{"rendered":"Divorce prononc\u00e9 dans un Pays tiers"},"content":{"rendered":"<p>Veuillez consulter le site web du Consulat italien du Pays o\u00f9 le jugement a \u00e9t\u00e9 prononc\u00e9 et suivre les instructions donn\u00e9es pour la transcription. La documentation recueillie peut \u00eatre envoy\u00e9e au Consulat de Marseille, qui ne la transmettra en Italie pour transcription que si elle correspond exactement \u00e0 ce qui est demand\u00e9.<\/p>\n<p>Le d\u00e9lai de traitement est d&rsquo;\u00a0environ trois mois<\/p>\n<p><strong>contacts:<\/strong><br \/>\n<a href=\"mailto:anagrafe.marsiglia@esteri.it\">anagrafe.marsiglia@esteri.it<\/a><\/p>\n","protected":false},"excerpt":{"rendered":"Veuillez consulter le site web du Consulat italien du Pays o\u00f9 le jugement a \u00e9t\u00e9 prononc\u00e9 et suivre les instructions donn\u00e9es pour la transcription. La documentation recueillie peut \u00eatre envoy\u00e9e au Consulat de Marseille, qui ne la transmettra en Italie pour transcription que si elle correspond exactement \u00e0 ce qui est demand\u00e9. Le d\u00e9lai de [&hellip;]","protected":false},"author":8,"featured_media":0,"parent":597,"menu_order":6,"comment_status":"closed","ping_status":"closed","template":"","meta":{"footnotes":""},"class_list":["post-645","page","type-page","status-publish","hentry"],"_links":{"self":[{"href":"https:\/\/consmarsiglia.esteri.it\/fr\/wp-json\/wp\/v2\/pages\/645","targetHints":{"allow":["GET"]}}],"collection":[{"href":"https:\/\/consmarsiglia.esteri.it\/fr\/wp-json\/wp\/v2\/pages"}],"about":[{"href":"https:\/\/consmarsiglia.esteri.it\/fr\/wp-json\/wp\/v2\/types\/page"}],"author":[{"embeddable":true,"href":"https:\/\/consmarsiglia.esteri.it\/fr\/wp-json\/wp\/v2\/users\/8"}],"replies":[{"embeddable":true,"href":"https:\/\/consmarsiglia.esteri.it\/fr\/wp-json\/wp\/v2\/comments?post=645"}],"version-history":[{"count":1,"href":"https:\/\/consmarsiglia.esteri.it\/fr\/wp-json\/wp\/v2\/pages\/645\/revisions"}],"predecessor-version":[{"id":3900,"href":"https:\/\/consmarsiglia.esteri.it\/fr\/wp-json\/wp\/v2\/pages\/645\/revisions\/3900"}],"up":[{"embeddable":true,"href":"https:\/\/consmarsiglia.esteri.it\/fr\/wp-json\/wp\/v2\/pages\/597"}],"wp:attachment":[{"href":"https:\/\/consmarsiglia.esteri.it\/fr\/wp-json\/wp\/v2\/media?parent=645"}],"curies":[{"name":"wp","href":"https:\/\/api.w.org\/{rel}","templated":true}]}}