{"id":653,"date":"2023-03-14T16:07:15","date_gmt":"2023-03-14T15:07:15","guid":{"rendered":"https:\/\/consmarsiglia.esteri.it\/servizi-consolari-e-visti\/servizi-per-il-cittadino-italiano\/stato-civile\/comunicare-un-decesso-e-richiederne-la-trascrizione-in-italia\/"},"modified":"2026-01-05T16:21:52","modified_gmt":"2026-01-05T15:21:52","slug":"comunicare-un-decesso-e-richiederne-la-trascrizione-in-italia","status":"publish","type":"page","link":"https:\/\/consmarsiglia.esteri.it\/fr\/servizi-consolari-e-visti\/servizi-per-il-cittadino-italiano\/stato-civile\/comunicare-un-decesso-e-richiederne-la-trascrizione-in-italia\/","title":{"rendered":"Communiquer un d\u00e9c\u00e8s et demander sa transcription en Italie"},"content":{"rendered":"<p>En cas de d\u00e9c\u00e8s d&rsquo;un citoyen italien \u00e0 l&rsquo;\u00e9tranger, les membres de la famille doivent envoyer au Consulat, par courrier (56 rue d&rsquo;Alger, 13005 Marseille) :<\/p>\n<p>&#8211; Extrait de l&rsquo;acte de d\u00e9c\u00e8s sur un FORMULAIRE ORIGINAL MULTILINGUE (\u00e0 demander \u00e0 la Mairie fran\u00e7aise)<\/p>\n<p><a href=\"https:\/\/consmarsiglia.esteri.it\/wp-content\/uploads\/2025\/09\/richiesta_di_trascrizione_di_atto_di_decesso.pdf\">&#8211;\u00a0Formulaire de demande de transcription<\/a><\/p>\n<p>Le d\u00e9lai de traitement est d&rsquo;environ 3 mois<\/p>\n<p><strong>contacts:<\/strong><br \/>\n<a href=\"mailto:anagrafe.marsiglia@esteri.it\">anagrafe.marsiglia@esteri.it<\/a><\/p>\n","protected":false},"excerpt":{"rendered":"En cas de d\u00e9c\u00e8s d&rsquo;un citoyen italien \u00e0 l&rsquo;\u00e9tranger, les membres de la famille doivent envoyer au Consulat, par courrier (56 rue d&rsquo;Alger, 13005 Marseille) : &#8211; Extrait de l&rsquo;acte de d\u00e9c\u00e8s sur un FORMULAIRE ORIGINAL MULTILINGUE (\u00e0 demander \u00e0 la Mairie fran\u00e7aise) &#8211;\u00a0Formulaire de demande de transcription Le d\u00e9lai de traitement est d&rsquo;environ 3 [&hellip;]","protected":false},"author":8,"featured_media":0,"parent":476,"menu_order":6,"comment_status":"closed","ping_status":"closed","template":"","meta":{"footnotes":""},"class_list":["post-653","page","type-page","status-publish","hentry"],"_links":{"self":[{"href":"https:\/\/consmarsiglia.esteri.it\/fr\/wp-json\/wp\/v2\/pages\/653","targetHints":{"allow":["GET"]}}],"collection":[{"href":"https:\/\/consmarsiglia.esteri.it\/fr\/wp-json\/wp\/v2\/pages"}],"about":[{"href":"https:\/\/consmarsiglia.esteri.it\/fr\/wp-json\/wp\/v2\/types\/page"}],"author":[{"embeddable":true,"href":"https:\/\/consmarsiglia.esteri.it\/fr\/wp-json\/wp\/v2\/users\/8"}],"replies":[{"embeddable":true,"href":"https:\/\/consmarsiglia.esteri.it\/fr\/wp-json\/wp\/v2\/comments?post=653"}],"version-history":[{"count":2,"href":"https:\/\/consmarsiglia.esteri.it\/fr\/wp-json\/wp\/v2\/pages\/653\/revisions"}],"predecessor-version":[{"id":3841,"href":"https:\/\/consmarsiglia.esteri.it\/fr\/wp-json\/wp\/v2\/pages\/653\/revisions\/3841"}],"up":[{"embeddable":true,"href":"https:\/\/consmarsiglia.esteri.it\/fr\/wp-json\/wp\/v2\/pages\/476"}],"wp:attachment":[{"href":"https:\/\/consmarsiglia.esteri.it\/fr\/wp-json\/wp\/v2\/media?parent=653"}],"curies":[{"name":"wp","href":"https:\/\/api.w.org\/{rel}","templated":true}]}}