{"id":848,"date":"2023-01-27T11:00:49","date_gmt":"2023-01-27T10:00:49","guid":{"rendered":"https:\/\/consmarsiglia.esteri.it\/?page_id=848"},"modified":"2026-03-23T10:34:20","modified_gmt":"2026-03-23T09:34:20","slug":"848-2","status":"publish","type":"page","link":"https:\/\/consmarsiglia.esteri.it\/fr\/servizi-consolari-e-visti\/servizi-per-il-cittadino-italiano\/848-2\/","title":{"rendered":"Traduction et l\u00e9galisation de documents"},"content":{"rendered":"<p>En vertu de la Convention de Bruxelles du 25 mai 1987 (ratifi\u00e9e par l&rsquo;Italie avec la loi n\u00b0 106 du 24 avril 1990), toute forme de l\u00e9galisation ou autre formalit\u00e9 \u00e9quivalente a \u00e9t\u00e9 supprim\u00e9e entre la France et l&rsquo;Italie.<\/p>\n<p>Le Consulat g\u00e9n\u00e9ral d&rsquo;Italie \u00e0 Marseille n&rsquo;exerce pas d&rsquo;activit\u00e9 de traduction. <strong><a href=\"https:\/\/consmarsiglia.esteri.it\/wp-content\/uploads\/2026\/03\/lista_traduttori-converti-1.docx\">Cliquez ici<\/a> <\/strong>pour consulter la liste des traducteurs asserment\u00e9s op\u00e9rant dans l&rsquo;arrondissement de Marseille.<\/p>\n<p><strong><a href=\"https:\/\/www.esteri.it\/en\/servizi-consolari-e-visti\/italiani-all-estero\/traduzione-e-legalizzazione-documenti\/\">Lien<\/a> <\/strong>aux informations g\u00e9n\u00e9rales sur le site de Farnesina<\/p>\n","protected":false},"excerpt":{"rendered":"En vertu de la Convention de Bruxelles du 25 mai 1987 (ratifi\u00e9e par l&rsquo;Italie avec la loi n\u00b0 106 du 24 avril 1990), toute forme de l\u00e9galisation ou autre formalit\u00e9 \u00e9quivalente a \u00e9t\u00e9 supprim\u00e9e entre la France et l&rsquo;Italie. Le Consulat g\u00e9n\u00e9ral d&rsquo;Italie \u00e0 Marseille n&rsquo;exerce pas d&rsquo;activit\u00e9 de traduction. Cliquez ici pour consulter la [&hellip;]","protected":false},"author":6,"featured_media":0,"parent":163,"menu_order":0,"comment_status":"closed","ping_status":"closed","template":"","meta":{"footnotes":""},"class_list":["post-848","page","type-page","status-publish","hentry"],"_links":{"self":[{"href":"https:\/\/consmarsiglia.esteri.it\/fr\/wp-json\/wp\/v2\/pages\/848","targetHints":{"allow":["GET"]}}],"collection":[{"href":"https:\/\/consmarsiglia.esteri.it\/fr\/wp-json\/wp\/v2\/pages"}],"about":[{"href":"https:\/\/consmarsiglia.esteri.it\/fr\/wp-json\/wp\/v2\/types\/page"}],"author":[{"embeddable":true,"href":"https:\/\/consmarsiglia.esteri.it\/fr\/wp-json\/wp\/v2\/users\/6"}],"replies":[{"embeddable":true,"href":"https:\/\/consmarsiglia.esteri.it\/fr\/wp-json\/wp\/v2\/comments?post=848"}],"version-history":[{"count":3,"href":"https:\/\/consmarsiglia.esteri.it\/fr\/wp-json\/wp\/v2\/pages\/848\/revisions"}],"predecessor-version":[{"id":4393,"href":"https:\/\/consmarsiglia.esteri.it\/fr\/wp-json\/wp\/v2\/pages\/848\/revisions\/4393"}],"up":[{"embeddable":true,"href":"https:\/\/consmarsiglia.esteri.it\/fr\/wp-json\/wp\/v2\/pages\/163"}],"wp:attachment":[{"href":"https:\/\/consmarsiglia.esteri.it\/fr\/wp-json\/wp\/v2\/media?parent=848"}],"curies":[{"name":"wp","href":"https:\/\/api.w.org\/{rel}","templated":true}]}}