{"id":1808,"date":"2024-03-06T12:29:38","date_gmt":"2024-03-06T11:29:38","guid":{"rendered":"https:\/\/consmarsiglia.esteri.it\/?page_id=1808"},"modified":"2024-03-06T12:29:38","modified_gmt":"2024-03-06T11:29:38","slug":"avviso-pubblico-di-sponsorizzazione-in-occasione-del-ricevimento-per-la-festa-nazionale-2024","status":"publish","type":"page","link":"https:\/\/consmarsiglia.esteri.it\/it\/amministrazione-trasparente\/bandi-di-gara-e-contratti-ex-art-37\/avviso-pubblico-di-sponsorizzazione-in-occasione-del-ricevimento-per-la-festa-nazionale-2024\/","title":{"rendered":"Avviso pubblico di sponsorizzazione in occasione del Ricevimento per la Festa Nazionale 2024"},"content":{"rendered":"<div class=\"entry-content\">\n<p class=\"x_MsoNormal\">In occasione del Ricevimento per la Festa della Repubblica, che avr\u00e0 luogo presso Villa Gaby a Marsiglia il giorno luned\u00ec 3 giugno 2024, \u00e8 pubblicato un avviso per i soggetti interessati a sponsorizzare la manifestazione.<\/p>\n<ul type=\"disc\">\n<li class=\"x_MsoNormal\"><a href=\"https:\/\/consmarsiglia.esteri.it\/wp-content\/uploads\/2024\/03\/AVVISO-DI-SPONSORIZZAZIONE-1.pdf\">Avviso di sponsorizzazione<\/a><\/li>\n<li class=\"x_MsoNormal\"><a href=\"https:\/\/consmarsiglia.esteri.it\/wp-content\/uploads\/2024\/03\/Modulo-di-offerta.pdf\">Modulo di offerta (pdf)<\/a><\/li>\n<\/ul>\n<p class=\"x_MsoNormal\">Termine di presentazione delle offerte: <b>30 aprile 2024<\/b><\/p>\n<\/div>\n","protected":false},"excerpt":{"rendered":"In occasione del Ricevimento per la Festa della Repubblica, che avr\u00e0 luogo presso Villa Gaby a Marsiglia il giorno luned\u00ec 3 giugno 2024, \u00e8 pubblicato un avviso per i soggetti interessati a sponsorizzare la manifestazione. Avviso di sponsorizzazione Modulo di offerta (pdf) Termine di presentazione delle offerte: 30 aprile 2024","protected":false},"author":6,"featured_media":0,"parent":1739,"menu_order":0,"comment_status":"closed","ping_status":"closed","template":"","meta":{"footnotes":""},"class_list":["post-1808","page","type-page","status-publish","hentry"],"_links":{"self":[{"href":"https:\/\/consmarsiglia.esteri.it\/it\/wp-json\/wp\/v2\/pages\/1808","targetHints":{"allow":["GET"]}}],"collection":[{"href":"https:\/\/consmarsiglia.esteri.it\/it\/wp-json\/wp\/v2\/pages"}],"about":[{"href":"https:\/\/consmarsiglia.esteri.it\/it\/wp-json\/wp\/v2\/types\/page"}],"author":[{"embeddable":true,"href":"https:\/\/consmarsiglia.esteri.it\/it\/wp-json\/wp\/v2\/users\/6"}],"replies":[{"embeddable":true,"href":"https:\/\/consmarsiglia.esteri.it\/it\/wp-json\/wp\/v2\/comments?post=1808"}],"version-history":[{"count":1,"href":"https:\/\/consmarsiglia.esteri.it\/it\/wp-json\/wp\/v2\/pages\/1808\/revisions"}],"predecessor-version":[{"id":1809,"href":"https:\/\/consmarsiglia.esteri.it\/it\/wp-json\/wp\/v2\/pages\/1808\/revisions\/1809"}],"up":[{"embeddable":true,"href":"https:\/\/consmarsiglia.esteri.it\/it\/wp-json\/wp\/v2\/pages\/1739"}],"wp:attachment":[{"href":"https:\/\/consmarsiglia.esteri.it\/it\/wp-json\/wp\/v2\/media?parent=1808"}],"curies":[{"name":"wp","href":"https:\/\/api.w.org\/{rel}","templated":true}]}}