{"id":1887,"date":"2024-03-18T10:10:16","date_gmt":"2024-03-18T09:10:16","guid":{"rendered":"https:\/\/consmarsiglia.esteri.it\/?page_id=1887"},"modified":"2024-03-18T10:17:27","modified_gmt":"2024-03-18T09:17:27","slug":"scuola-lingua-cultura","status":"publish","type":"page","link":"https:\/\/consmarsiglia.esteri.it\/it\/italia-e-francia\/diplomazia-culturale\/scuola-lingua-cultura\/","title":{"rendered":"Scuola &#8211; Lingua &#8211; Cultura"},"content":{"rendered":"<p>Per informazioni pi\u00f9 dettagliate su finalit\u00e0, obiettivi, programmazione e attivit\u00e0 formative realizzate nelle scuole di questa Circoscrizione in cui \u00e8 attivo l\u2019insegnamento della lingua e della cultura italiane, si prega di fare riferimento alle relative pagine dell\u2019Ufficio scolastico del Consolato Generale di Nizza, competente anche per Marsiglia.<br \/>\n<a href=\"https:\/\/consnizza.esteri.it\/it\/italia-e-francia\/diplomazia-culturale\/lingua-e-cultura-italiana\/\">Qui il link<\/a> alla pagina dedicata sul sito del Consolato Generale d\u2019Italia a Nizza.<\/p>\n<div><span style=\"font-family: Calibri,sans-serif; font-size: small;\">\u00a0<\/span><\/div>\n","protected":false},"excerpt":{"rendered":"Per informazioni pi\u00f9 dettagliate su finalit\u00e0, obiettivi, programmazione e attivit\u00e0 formative realizzate nelle scuole di questa Circoscrizione in cui \u00e8 attivo l\u2019insegnamento della lingua e della cultura italiane, si prega di fare riferimento alle relative pagine dell\u2019Ufficio scolastico del Consolato Generale di Nizza, competente anche per Marsiglia. Qui il link alla pagina dedicata sul sito [&hellip;]","protected":false},"author":6,"featured_media":0,"parent":78,"menu_order":0,"comment_status":"closed","ping_status":"closed","template":"","meta":{"footnotes":""},"class_list":["post-1887","page","type-page","status-publish","hentry"],"_links":{"self":[{"href":"https:\/\/consmarsiglia.esteri.it\/it\/wp-json\/wp\/v2\/pages\/1887","targetHints":{"allow":["GET"]}}],"collection":[{"href":"https:\/\/consmarsiglia.esteri.it\/it\/wp-json\/wp\/v2\/pages"}],"about":[{"href":"https:\/\/consmarsiglia.esteri.it\/it\/wp-json\/wp\/v2\/types\/page"}],"author":[{"embeddable":true,"href":"https:\/\/consmarsiglia.esteri.it\/it\/wp-json\/wp\/v2\/users\/6"}],"replies":[{"embeddable":true,"href":"https:\/\/consmarsiglia.esteri.it\/it\/wp-json\/wp\/v2\/comments?post=1887"}],"version-history":[{"count":3,"href":"https:\/\/consmarsiglia.esteri.it\/it\/wp-json\/wp\/v2\/pages\/1887\/revisions"}],"predecessor-version":[{"id":1902,"href":"https:\/\/consmarsiglia.esteri.it\/it\/wp-json\/wp\/v2\/pages\/1887\/revisions\/1902"}],"up":[{"embeddable":true,"href":"https:\/\/consmarsiglia.esteri.it\/it\/wp-json\/wp\/v2\/pages\/78"}],"wp:attachment":[{"href":"https:\/\/consmarsiglia.esteri.it\/it\/wp-json\/wp\/v2\/media?parent=1887"}],"curies":[{"name":"wp","href":"https:\/\/api.w.org\/{rel}","templated":true}]}}