{"id":2134,"date":"2024-07-05T10:56:55","date_gmt":"2024-07-05T08:56:55","guid":{"rendered":"https:\/\/consmarsiglia.esteri.it\/?page_id=2134"},"modified":"2025-11-21T10:31:56","modified_gmt":"2025-11-21T09:31:56","slug":"casi-particolari","status":"publish","type":"page","link":"https:\/\/consmarsiglia.esteri.it\/it\/servizi-consolari-e-visti\/servizi-per-il-cittadino-straniero\/cittadinanza\/casi-particolari\/","title":{"rendered":"Cittadinanza italiana per le donne sposate a cittadini francesi e per i loro discendenti"},"content":{"rendered":"<p>La legge sulla cittadinanza n.555\/1912 (abrogata nel 1992) prevedeva la perdita della cittadinanza italiana in caso di acquisizione di una cittadinanza straniera per matrimonio. Tale norma \u00e8 stata abrogata nel 1975 ed \u00e8 stata prevista la possibilit\u00e0 di riacquisto su domanda.<\/p>\n<p>La pi\u00f9 recente giurisprudenza ha ritenuto che alle donne che hanno perduto la cittadinanza per matrimonio o per naturalizzazione del marito possa essere riconosciuto un ininterrotto possesso della cittadinanza italiana.<\/p>\n<p>Vanno tuttavia distinti alcuni casi, secondo il periodo in cui \u00e8 stato contratto il matrimonio con il cittadino francese:<\/p>\n<p><strong>&#8211; CITTADINANZA DELLE DONNE ITALIANE SPOSATE CON CITTADINI FRANCESI TRA IL 01\/01\/1948 E L\u201911\/01\/1973<\/strong><\/p>\n<p>Le donne italiane sposate con cittadini francesi tra il 1\u00b0 gennaio 1948 e l\u201911 gennaio 1973 e che per effetto del matrimonio hanno acquisito automaticamente la cittadinanza francese, possono presentare apposita <a href=\"https:\/\/consmarsiglia.esteri.it\/wp-content\/uploads\/2025\/07\/modulo_2_possesso_ininterrotto_donna_viva30.06.25.pdf\">istanza<\/a> per ottenere il riconoscimento dell\u2019ininterrotto possesso della cittadinanza italiana allegando:<\/p>\n<ol>\n<li>certificato di nascita, rilasciato dal Comune italiano, con l\u2019annotazione del matrimonio e della perdita della cittadinanza;<\/li>\n<li>certificato di cittadinanza francese, <em>Certificat de Nationalit\u00e9 fran\u00e7aise<\/em>, da richiedere al <em>Tribunal d\u2019Instance <\/em>del luogo di residenza, accompagnato dalla sua traduzione in lingua italiana;<\/li>\n<li>Ricevuta del pagamento di 600\u20ac in favore del Consolato Generale d\u2019Italia a Marsiglia (vedere la voce COSTI)<\/li>\n<\/ol>\n<p>N.B.: Nel caso di decesso della donna italiana, <a href=\"https:\/\/consmarsiglia.esteri.it\/wp-content\/uploads\/2025\/07\/modulo_3_possesso_ininterrotto_donna_deceduta30.06.25.pdf\">l\u2019istanza<\/a> pu\u00f2 essere presentata dal\/dalla figlio\/a maggiorenne.<\/p>\n<p>Tale riconoscimento consente di trasmettere la cittadinanza ai figli che vengono considerati anch\u2019essi italiani dalla nascita, laddove ricorra uno dei presupposti introdotti dall\u2019articolo 3-bis della legge n. 91\/1992 (vedere la rubrica cittadinanza per discendenza).<\/p>\n<p>Le istanze di cui sopra, corredate dalla prescritta documentazione, devono essere spedite all\u2019Ufficio Cittadinanza al seguente indirizzo:<\/p>\n<p>Consolato Generale d\u2019Italia<\/p>\n<p>Ufficio Cittadinanza<\/p>\n<p>56, Rue d\u2019Alger<\/p>\n<p>13005 Marseille<\/p>\n<p>&nbsp;<\/p>\n<p><strong>&#8211; CITTADINANZA DELLE DONNE ITALIANE SPOSATE CON CITTADINI FRANCESI TRA IL 12\/01\/1973 E IL 24\/03\/1995<\/strong><\/p>\n<p>Le donne italiane che hanno richiesto e acquisito la cittadinanza francese per matrimonio dopo l\u201911\u00a0gennaio 1973 \u2013 data di entrata in vigore della nuova legge francese sulla cittadinanza che non prevede pi\u00f9 l\u2019attribuzione automatica della cittadinanza per effetto del matrimonio \u2013 hanno perso la cittadinanza italiana e possono eventualmente riacquistarla (si veda a tal proposito la pagina <a href=\"https:\/\/consmarsiglia.esteri.it\/it\/servizi-consolari-e-visti\/servizi-per-il-cittadino-straniero\/cittadinanza\/perdita-e-riacquisto\/\">\u201cPerdita e riacquisto\u201d<\/a>)<\/p>\n<p><strong>&#8211; CITTADINANZA DELLE DONNE ITALIANE CHE HANNO ACQUISITO PER MATRIMONIO LA CITTADINANZA FRANCESE DOPO IL 24\/03\/1995<\/strong><\/p>\n<p>In applicazione del Secondo Protocollo della Convenzione di Strasburgo, entrato in vigore il 24 marzo 1995, le donne italiane divenute francesi per matrimonio hanno conservato la cittadinanza italiana.<\/p>\n<p>COSTI<\/p>\n<p>A decorrere dal 1 gennaio 2025, il pagamento di una tassa consolare di 600\u20ac per la trattazione delle pratiche di riconoscimento della cittadinanza italiana presentate, a qualsiasi titolo, da soggetti maggiori di anni 18.<\/p>\n<p>Il pagamento deve essere effettuato prima della presentazione della domanda e a prescindere dall\u2019esito della pratica, ossia anche quando la cittadinanza non viene riconosciuta. Si raccomanda di non spedire assegni o contante, ma di effettuare esclusivamente un bonifico sul conto corrente bancario intestato a questo Consolato Generale d\u2019Italia in essere presso Monte Paschi Banque, le cui coordinate sono di seguito indicate:<\/p>\n<p>Codice IBAN: FR7630478000020138947200535<\/p>\n<p>Codice BIC\/SWIFT: MONTFRPPXXX<\/p>\n","protected":false},"excerpt":{"rendered":"La legge sulla cittadinanza n.555\/1912 (abrogata nel 1992) prevedeva la perdita della cittadinanza italiana in caso di acquisizione di una cittadinanza straniera per matrimonio. Tale norma \u00e8 stata abrogata nel 1975 ed \u00e8 stata prevista la possibilit\u00e0 di riacquisto su domanda. La pi\u00f9 recente giurisprudenza ha ritenuto che alle donne che hanno perduto la cittadinanza [&hellip;]","protected":false},"author":8,"featured_media":0,"parent":135,"menu_order":7,"comment_status":"closed","ping_status":"closed","template":"","meta":{"footnotes":""},"class_list":["post-2134","page","type-page","status-publish","hentry"],"_links":{"self":[{"href":"https:\/\/consmarsiglia.esteri.it\/it\/wp-json\/wp\/v2\/pages\/2134","targetHints":{"allow":["GET"]}}],"collection":[{"href":"https:\/\/consmarsiglia.esteri.it\/it\/wp-json\/wp\/v2\/pages"}],"about":[{"href":"https:\/\/consmarsiglia.esteri.it\/it\/wp-json\/wp\/v2\/types\/page"}],"author":[{"embeddable":true,"href":"https:\/\/consmarsiglia.esteri.it\/it\/wp-json\/wp\/v2\/users\/8"}],"replies":[{"embeddable":true,"href":"https:\/\/consmarsiglia.esteri.it\/it\/wp-json\/wp\/v2\/comments?post=2134"}],"version-history":[{"count":6,"href":"https:\/\/consmarsiglia.esteri.it\/it\/wp-json\/wp\/v2\/pages\/2134\/revisions"}],"predecessor-version":[{"id":3731,"href":"https:\/\/consmarsiglia.esteri.it\/it\/wp-json\/wp\/v2\/pages\/2134\/revisions\/3731"}],"up":[{"embeddable":true,"href":"https:\/\/consmarsiglia.esteri.it\/it\/wp-json\/wp\/v2\/pages\/135"}],"wp:attachment":[{"href":"https:\/\/consmarsiglia.esteri.it\/it\/wp-json\/wp\/v2\/media?parent=2134"}],"curies":[{"name":"wp","href":"https:\/\/api.w.org\/{rel}","templated":true}]}}