{"id":2577,"date":"2025-02-13T15:12:18","date_gmt":"2025-02-13T14:12:18","guid":{"rendered":"https:\/\/consmarsiglia.esteri.it\/?page_id=2577"},"modified":"2025-02-13T15:12:18","modified_gmt":"2025-02-13T14:12:18","slug":"avviso-pubblico-di-sponsorizzazione-in-occasione-del-ricevimento-per-la-festa-nazionale-2025","status":"publish","type":"page","link":"https:\/\/consmarsiglia.esteri.it\/it\/amministrazione-trasparente\/bandi-di-gara-e-contratti-ex-art-37\/avviso-pubblico-di-sponsorizzazione-in-occasione-del-ricevimento-per-la-festa-nazionale-2025\/","title":{"rendered":"Avviso pubblico di sponsorizzazione in occasione del Ricevimento per la Festa Nazionale 2025"},"content":{"rendered":"<div class=\"entry-content\">\n<div class=\"entry-content\">\n<p class=\"x_MsoNormal\">In occasione del Ricevimento per la Festa della Repubblica, che avr\u00e0 luogo presso Casa Delauze a Marsiglia il giorno luned\u00ec 3 giugno 2024, \u00e8 pubblicato un avviso per i soggetti interessati a sponsorizzare la manifestazione.<\/p>\n<ul type=\"disc\">\n<li class=\"x_MsoNormal\"><a href=\"https:\/\/consmarsiglia.esteri.it\/wp-content\/uploads\/2025\/02\/AVVISO-DI-SPONSORIZZAZIONE.pdf\">Avviso di sponsorizzazione<\/a><\/li>\n<li class=\"x_MsoNormal\"><a href=\"https:\/\/consmarsiglia.esteri.it\/wp-content\/uploads\/2025\/02\/Modulo_offerta_sponsor-2025.docx\">Modulo di offerta (pdf)<\/a><\/li>\n<\/ul>\n<p class=\"x_MsoNormal\">Termine di presentazione delle offerte: <b>30 aprile 2025<\/b><\/p>\n<\/div>\n<\/div>\n","protected":false},"excerpt":{"rendered":"In occasione del Ricevimento per la Festa della Repubblica, che avr\u00e0 luogo presso Casa Delauze a Marsiglia il giorno luned\u00ec 3 giugno 2024, \u00e8 pubblicato un avviso per i soggetti interessati a sponsorizzare la manifestazione. Avviso di sponsorizzazione Modulo di offerta (pdf) Termine di presentazione delle offerte: 30 aprile 2025","protected":false},"author":6,"featured_media":0,"parent":1739,"menu_order":0,"comment_status":"closed","ping_status":"closed","template":"","meta":{"footnotes":""},"class_list":["post-2577","page","type-page","status-publish","hentry"],"_links":{"self":[{"href":"https:\/\/consmarsiglia.esteri.it\/it\/wp-json\/wp\/v2\/pages\/2577","targetHints":{"allow":["GET"]}}],"collection":[{"href":"https:\/\/consmarsiglia.esteri.it\/it\/wp-json\/wp\/v2\/pages"}],"about":[{"href":"https:\/\/consmarsiglia.esteri.it\/it\/wp-json\/wp\/v2\/types\/page"}],"author":[{"embeddable":true,"href":"https:\/\/consmarsiglia.esteri.it\/it\/wp-json\/wp\/v2\/users\/6"}],"replies":[{"embeddable":true,"href":"https:\/\/consmarsiglia.esteri.it\/it\/wp-json\/wp\/v2\/comments?post=2577"}],"version-history":[{"count":1,"href":"https:\/\/consmarsiglia.esteri.it\/it\/wp-json\/wp\/v2\/pages\/2577\/revisions"}],"predecessor-version":[{"id":2583,"href":"https:\/\/consmarsiglia.esteri.it\/it\/wp-json\/wp\/v2\/pages\/2577\/revisions\/2583"}],"up":[{"embeddable":true,"href":"https:\/\/consmarsiglia.esteri.it\/it\/wp-json\/wp\/v2\/pages\/1739"}],"wp:attachment":[{"href":"https:\/\/consmarsiglia.esteri.it\/it\/wp-json\/wp\/v2\/media?parent=2577"}],"curies":[{"name":"wp","href":"https:\/\/api.w.org\/{rel}","templated":true}]}}