{"id":315,"date":"2023-02-28T15:10:59","date_gmt":"2023-02-28T14:10:59","guid":{"rendered":"https:\/\/consmarsiglia.esteri.it\/?page_id=315"},"modified":"2026-03-19T13:01:55","modified_gmt":"2026-03-19T12:01:55","slug":"carta-didentita-elettronica-c-i-e-per-minorenne-12-18-anni-non-compiuti","status":"publish","type":"page","link":"https:\/\/consmarsiglia.esteri.it\/it\/servizi-consolari-e-visti\/servizi-per-il-cittadino-italiano\/passaporti-e-carte-didentita\/carta-didentita-elettronica-c-i-e-per-minorenne-12-18-anni-non-compiuti\/","title":{"rendered":"Carta d&#8217;Identit\u00e0 Elettronica (C.I.E.) per minorenne: 12-18 anni non compiuti"},"content":{"rendered":"<p><strong>Dal 1\u00b0 giugno 2026<\/strong>\u00a0i cittadini iscritti all\u2019AIRE potranno presentare domanda di rilascio di Carta d\u2019Identit\u00e0 Elettronica, oltre che presso l\u2019Ufficio Consolare di appartenenza, presso\u00a0<strong>qualsiasi Comune italiano.<\/strong>\u00a0La carta d\u2019identit\u00e0 sar\u00e0 consegnata con le medesime modalit\u00e0 previste in caso di domanda presentata tramite l\u2019Ufficio consolare, con facolt\u00e0 per l\u2019interessato di ritirarla personalmente presso il Comune oppure di richiederne la spedizione all\u2019estero.<\/p>\n<p>&nbsp;<\/p>\n<p><strong>&#8211; Prendere <a href=\"https:\/\/prenotami.esteri.it\/\">appuntamento online<\/a> solo dopo essersi assicurati di essere iscritti all&#8217;AIRE.<\/strong> Un appuntamento per ciascun richiedente (possibilit\u00e0 di prenotazione multipla su Marsiglia). ATTENZIONE: confermare l&#8217;appuntamento tra i 10 e i 3 giorni precedenti tramite il portale <a href=\"https:\/\/prenotami.esteri.it\/\">Prenot@mi<\/a> nella sezione &#8220;i miei appuntamenti&#8221;.<\/p>\n<p><strong>&#8211; Assicurarsi di <a href=\"https:\/\/consmarsiglia.esteri.it\/it\/servizi-consolari-e-visti\/servizi-per-il-cittadino-italiano\/anagrafe-degli-italiani-residenti-allestero-aire\/\">essere iscritti all\u2019AIRE<\/a><\/strong> e che la situazione anagrafica (indirizzo, stato civile, nascita figli ecc.) sia aggiornata.<\/p>\n<p>&#8211; Si pu\u00f2 prendere appuntamento presso il Consolato Generale di Marsiglia o presso gli Sportelli consolari di Bastia o di Tolosa.<\/p>\n<p><strong>Le prenotazioni di coloro che non soddisfano le sopramenzionate condizioni\u00a0saranno annullate.<\/strong><\/p>\n<p><strong>La C.I.E. non viene rilasciata il giorno dell&#8217;appuntamento, in quanto viene stampata in Italia e spedita per raccomandata direttamente all&#8217;interessato circa un mese dopo il rilevamento delle impronte digitali.<\/strong><\/p>\n<p>Vi ricordiamo che \u00e8 necessaria la presenza del minore all&#8217;appuntamento. Il giorno dell\u2019appuntamento portare con s\u00e8:<\/p>\n<ul>\n<li>Se minorenne -pi\u00f9 di 12 anni- il <a href=\"https:\/\/consmarsiglia.esteri.it\/wp-content\/uploads\/2023\/02\/Formulario-CIE-Minori.pdf\">Formulario CIE per Minorenne<\/a>\u00a0debitamente compilato e firmato.<\/li>\n<\/ul>\n<p><strong>&#8211; Se uno dei genitori \u00e8 un cittadino extra-europeo<\/strong> \u00e8 necessario che provveda all\u2019autentica della firma apposta sul Formulario C presso la Mairie di residenza o un Notaio o presso gli uffici consolari.<\/p>\n<p><strong>&#8211; Nel caso in cui uno dei due genitori sia impossibilitato ad appore la firma<\/strong> sul Formulario CIE per Minorenne, \u00e8 invitato a riempire e sottoscrivere il <a href=\"https:\/\/consmarsiglia.esteri.it\/wp-content\/uploads\/2023\/06\/Form-B-Modulo-Assenso.pdf\">Formulario B<\/a>. Pu\u00f2 essere riempito presso una Rappresentanza Diplomatico-Consolare e\/o una Questura per la trasmissione ai nostri uffici. La firma del cittadino extra-UE dovr\u00e0 essere necessariamente autenticata.<\/p>\n<ul>\n<li>Insieme al <a href=\"https:\/\/consmarsiglia.esteri.it\/wp-content\/uploads\/2023\/02\/Formulario-CIE-Minori.pdf\">Formulario CIE per Minorenne<\/a> presentare la copia dei documenti d\u2019identit\u00e0 dei genitori.<\/li>\n<li>La vecchia carta di identit\u00e0 o in caso di furto o perdita la denuncia effettuata presso le autorit\u00e0 competenti;<\/li>\n<li>2 fototessere, in formato cartaceo dello stesso tipo di quelle utilizzate per il passaporto (criteri ICAO);<\/li>\n<li>Attestazione di residenza: bolletta ecc;<\/li>\n<li>\u20ac 21,95 da pagare <strong>con carta di credito il giorno dell&#8217;appuntamento.<\/strong><\/li>\n<\/ul>\n<p>&#8211; Se l\u2019appuntamento \u00e8 a <strong>Tolosa<\/strong> o <strong>Bastia<\/strong> il pagamento dovr\u00e0 essere effettuato tramite bonifico bancario (vedi <a href=\"https:\/\/consmarsiglia.esteri.it\/wp-content\/uploads\/2023\/02\/Rib-Cons-Mars.pdf\">RIB CONSOLATO GENERALE D&#8217;ITALIA A MARSIGLIA<\/a>) fornendo la ricevuta rilasciata dalla banca. <strong>Prevedere anche una busta &#8220;Lettre Suivie 100gr.&#8221;<\/strong><strong>\u00a0<\/strong><\/p>\n","protected":false},"excerpt":{"rendered":"Dal 1\u00b0 giugno 2026\u00a0i cittadini iscritti all\u2019AIRE potranno presentare domanda di rilascio di Carta d\u2019Identit\u00e0 Elettronica, oltre che presso l\u2019Ufficio Consolare di appartenenza, presso\u00a0qualsiasi Comune italiano.\u00a0La carta d\u2019identit\u00e0 sar\u00e0 consegnata con le medesime modalit\u00e0 previste in caso di domanda presentata tramite l\u2019Ufficio consolare, con facolt\u00e0 per l\u2019interessato di ritirarla personalmente presso il Comune oppure di [&hellip;]","protected":false},"author":7,"featured_media":0,"parent":105,"menu_order":5,"comment_status":"closed","ping_status":"closed","template":"","meta":{"footnotes":""},"class_list":["post-315","page","type-page","status-publish","hentry"],"_links":{"self":[{"href":"https:\/\/consmarsiglia.esteri.it\/it\/wp-json\/wp\/v2\/pages\/315","targetHints":{"allow":["GET"]}}],"collection":[{"href":"https:\/\/consmarsiglia.esteri.it\/it\/wp-json\/wp\/v2\/pages"}],"about":[{"href":"https:\/\/consmarsiglia.esteri.it\/it\/wp-json\/wp\/v2\/types\/page"}],"author":[{"embeddable":true,"href":"https:\/\/consmarsiglia.esteri.it\/it\/wp-json\/wp\/v2\/users\/7"}],"replies":[{"embeddable":true,"href":"https:\/\/consmarsiglia.esteri.it\/it\/wp-json\/wp\/v2\/comments?post=315"}],"version-history":[{"count":2,"href":"https:\/\/consmarsiglia.esteri.it\/it\/wp-json\/wp\/v2\/pages\/315\/revisions"}],"predecessor-version":[{"id":4376,"href":"https:\/\/consmarsiglia.esteri.it\/it\/wp-json\/wp\/v2\/pages\/315\/revisions\/4376"}],"up":[{"embeddable":true,"href":"https:\/\/consmarsiglia.esteri.it\/it\/wp-json\/wp\/v2\/pages\/105"}],"wp:attachment":[{"href":"https:\/\/consmarsiglia.esteri.it\/it\/wp-json\/wp\/v2\/media?parent=315"}],"curies":[{"name":"wp","href":"https:\/\/api.w.org\/{rel}","templated":true}]}}