{"id":402,"date":"2023-03-07T15:45:56","date_gmt":"2023-03-07T14:45:56","guid":{"rendered":"https:\/\/consmarsiglia.esteri.it\/?page_id=402"},"modified":"2026-01-06T11:46:08","modified_gmt":"2026-01-06T10:46:08","slug":"per-chi-e-gia-iscritto-al-consolato-di-marsiglia-e-cambia-residenza-allinterno-della-stessa-circoscrizione","status":"publish","type":"page","link":"https:\/\/consmarsiglia.esteri.it\/it\/servizi-consolari-e-visti\/servizi-per-il-cittadino-italiano\/anagrafe-degli-italiani-residenti-allestero-aire\/per-chi-e-gia-iscritto-al-consolato-di-marsiglia-e-cambia-residenza-allinterno-della-stessa-circoscrizione\/","title":{"rendered":"Per chi \u00e8 gi\u00e0 iscritto al Consolato di Marsiglia e cambia residenza all&#8217;interno della stessa circoscrizione"},"content":{"rendered":"<p><strong>Come comunicare la variazione di indirizzo?<br \/>\n<\/strong><\/p>\n<ul>\n<li><strong>Hai un profilo attivo su Fast It?<\/strong><br \/>\nconnettiti a <a href=\"https:\/\/serviziconsolari.esteri.it\/ScoFE\/index.sco\">Fast It<\/a>: cliccare su \u201cAnagrafe Consolare e AIRE\u201d e seleziona \u201cComunicare la variazione della propria residenza\u201d<\/li>\n<li><strong>Non hai un profilo Fast It?<br \/>\n<\/strong>Accedi al<a href=\"https:\/\/serviziconsolarionline.esteri.it\/ScoFE\/index.sco\"> portale<\/a> e crea un profilo, quindi clicca su \u201cAnagrafe Consolare e AIRE\u201d e poi su \u201ccomunicare la variazione della propria residenza\u201d. A questo punto il sistema ti richieder\u00e0 di caricare un documento di identit\u00e0 che sar\u00e0 visionato da un operatore consolare per associare il tuo profilo Fast It alla tua scheda consolare gi\u00e0 esistente. Una volta effettuata questa operazione sar\u00e0 possibile procedere alla comunicazione di variazione della residenza.<\/li>\n<\/ul>\n<ul>\n<li>Segnaliamo che sul portale FAST IT sono presenti <a href=\"https:\/\/serviziconsolari.esteri.it\/ScoFE\/static\/domande-frequenti.sco?cid=66852\">FAQ<\/a> per agevolare la navigazione<\/li>\n<li>Le domande pervenute per <strong>posta<\/strong> o per <strong>email<\/strong> non saranno prese in considerazione<\/li>\n<li>Se\u00a0<strong>non<\/strong> sei cittadino italiano e devi comunicare la variaizone di indirizzo di un <strong>minore<\/strong> in possesso della cittadinanza italiana scrivi ai contatti presenti in fondo alla pagina fornendo le informazioni utili ad identificare il tuo caso e ricevere assistenza<\/li>\n<\/ul>\n<p><strong>ATTENZIONE! <\/strong>Preghiamo i connazionali di registrare l&#8217;<span style=\"text-decoration: underline;\"><strong>indirizzo completo<\/strong><\/span> di tutti gli elementi utili per ricevere correttamente i plichi elettorali (residence, batiment, cognome sulla buca delle lettere, etc).<\/p>\n<p>A titolo indicativo, qui di seguito troverete alcuni esempi di giustificativi di domicilio accettati, tutti i documenti devono essere recenti (meno di tre mesi) : bollette di utenza fissa, prova di pagamento dell&#8217;affitto, attestato di <em>France Travail<\/em>, attestato dell&#8217;<em>assurance maladie<\/em>. Le\u00a0<em>attestation d&#8217;hebergement<\/em>\u00a0sono accettate se accompagnate da un giustificativo di domicilio e documento di identit\u00e0 della persona che l&#8217;ha redatta.<\/p>\n<p>Lo stato della propria domanda puo\u2019 essere consultato dal proprio account cliccando su \u201cAnagrafe Consolare e AIRE\u201d e successivamente su \u201cverifica scheda anagrafica\u201d.<\/p>\n<p>L\u2019anagrafe degli Italiani Residenti all\u2019Estero (A.I.R.E.) \u00e9 gestita dai Comuni sulla base dei dati e delle informazioni provenienti dalle Rappresentanze consolari all\u2019estero.<\/p>\n<p>Le domande hanno un tempo di trattazione da parte del Consolato\u00a0<strong>non superiore ai 180 giorni<\/strong><\/p>\n","protected":false},"excerpt":{"rendered":"Come comunicare la variazione di indirizzo? Hai un profilo attivo su Fast It? connettiti a Fast It: cliccare su \u201cAnagrafe Consolare e AIRE\u201d e seleziona \u201cComunicare la variazione della propria residenza\u201d Non hai un profilo Fast It? Accedi al portale e crea un profilo, quindi clicca su \u201cAnagrafe Consolare e AIRE\u201d e poi su \u201ccomunicare [&hellip;]","protected":false},"author":6,"featured_media":0,"parent":109,"menu_order":3,"comment_status":"closed","ping_status":"closed","template":"","meta":{"footnotes":""},"class_list":["post-402","page","type-page","status-publish","hentry"],"_links":{"self":[{"href":"https:\/\/consmarsiglia.esteri.it\/it\/wp-json\/wp\/v2\/pages\/402","targetHints":{"allow":["GET"]}}],"collection":[{"href":"https:\/\/consmarsiglia.esteri.it\/it\/wp-json\/wp\/v2\/pages"}],"about":[{"href":"https:\/\/consmarsiglia.esteri.it\/it\/wp-json\/wp\/v2\/types\/page"}],"author":[{"embeddable":true,"href":"https:\/\/consmarsiglia.esteri.it\/it\/wp-json\/wp\/v2\/users\/6"}],"replies":[{"embeddable":true,"href":"https:\/\/consmarsiglia.esteri.it\/it\/wp-json\/wp\/v2\/comments?post=402"}],"version-history":[{"count":6,"href":"https:\/\/consmarsiglia.esteri.it\/it\/wp-json\/wp\/v2\/pages\/402\/revisions"}],"predecessor-version":[{"id":3372,"href":"https:\/\/consmarsiglia.esteri.it\/it\/wp-json\/wp\/v2\/pages\/402\/revisions\/3372"}],"up":[{"embeddable":true,"href":"https:\/\/consmarsiglia.esteri.it\/it\/wp-json\/wp\/v2\/pages\/109"}],"wp:attachment":[{"href":"https:\/\/consmarsiglia.esteri.it\/it\/wp-json\/wp\/v2\/media?parent=402"}],"curies":[{"name":"wp","href":"https:\/\/api.w.org\/{rel}","templated":true}]}}