{"id":542,"date":"2023-03-10T15:19:07","date_gmt":"2023-03-10T14:19:07","guid":{"rendered":"https:\/\/consmarsiglia.esteri.it\/?page_id=542"},"modified":"2026-04-03T12:29:37","modified_gmt":"2026-04-03T10:29:37","slug":"matrimonio-presso-un-comune-francese","status":"publish","type":"page","link":"https:\/\/consmarsiglia.esteri.it\/it\/servizi-consolari-e-visti\/servizi-per-il-cittadino-italiano\/stato-civile\/matrimonio\/matrimonio-presso-un-comune-francese\/","title":{"rendered":"Matrimonio o PACS presso un Comune Francese"},"content":{"rendered":"<p>I cittadini italiani che intendono contrarre matrimonio in Francia\u00a0<strong>non<\/strong>\u00a0<b>sono tenuti <\/b>ad effettuare le pubblicazioni di matrimonio in Italia.<\/p>\n<p>Per la costituzione del dossier si invita a consultare la Mairie presso la quale sar\u00e0 celebrato il matrimonio.<\/p>\n<p>Il Consolato rilascia esclusivamente:<\/p>\n<p>Certificato di c\u00e9libat <strong>solo per gli iscritti AIRE\u00a0<\/strong>presso il Consolato Generale di Marsiglia<\/p>\n<p>Certicato di l\u00e9gislation et coutume per tutti i cittadini italiani che intendono contrarre matrimonio <strong>nel territorio di competenza di questa circoscrizione consolare.<\/strong><\/p>\n<p><strong>RICHIESTA CERTIFICAT DE COUTUME\/CELIBAT<\/strong><\/p>\n<p>Prima di richiedere i certificati di c\u00e9libat e coutume si prega di verificare che la propria situazione anagrafica presso questo Consolato sia aggiornata.<\/p>\n<p>Per ottenere i certificati di c\u00e9libat et coutume occorre fare la richiesta <strong>esclusivamente per posta ordinaria<\/strong> inviando (56 rue d&#8217;Alger, 13005 Marseille) i seguenti documenti:<\/p>\n<p>\u00b7<a href=\"https:\/\/consmarsiglia.esteri.it\/wp-content\/uploads\/2023\/03\/richiesta_di_certificati_per_contrarre_matrimonio_2.pdf\">autodochiarazione<\/a><\/p>\n<p>\u00b7 copia dei documenti di identit\u00e0 di entrambi i nubendi<\/p>\n<p>\u00b7<a href=\"https:\/\/consmarsiglia.esteri.it\/wp-content\/uploads\/2023\/03\/35286_f_cons97RIBCONSULATGENERALDITALIEMONTEPASCHIBANQUECopy2-1.pdf\"> ricevuta del bonifico in favore\u00a0di questo Consolato<\/a>\u00a0con causale: nome e cognome del richiedente e documento richiesto<\/p>\n<p>\u00b7 busta per la spedizione dei certificati (si consiglia di scegliere la <em>lettre suivie<\/em> e di annotarsi il numero corrispondente cosi da poter verificare l&#8217;andamento della spedizione)<\/p>\n<p>Si precisa che l\u2019imposta di bollo per il il certificat di c\u00e9libat \u00e9 di 6 euro, il certificat di l\u00e9gislation et coutume di 66 euro. Non si accettano modalita di pagamenti diverse dal bonifico.<\/p>\n<p>Dopo la celebrazione gli sposi dovranno inviare al Consolato in originale\u00a0l\u2019estratto dell\u2019atto di matrimonio su formulario plurilingue\u00a0per la trascrizione presso il Comune competente.<\/p>\n<p><strong>Le domande incomplete saranno restituite<\/strong><\/p>\n<p>Le richieste di certificati di c\u00e9libat e di l\u00e9gislation et coutume hanno un tempo di trattazione<strong> non superiore a trenta giorni.<\/strong><\/p>\n<p><strong>contatti<\/strong>: <a href=\"mailto:statocivile.marsiglia@esteri.it\">anagrafe.marsiglia@esteri.it<\/a><\/p>\n","protected":false},"excerpt":{"rendered":"I cittadini italiani che intendono contrarre matrimonio in Francia\u00a0non\u00a0sono tenuti ad effettuare le pubblicazioni di matrimonio in Italia. Per la costituzione del dossier si invita a consultare la Mairie presso la quale sar\u00e0 celebrato il matrimonio. Il Consolato rilascia esclusivamente: Certificato di c\u00e9libat solo per gli iscritti AIRE\u00a0presso il Consolato Generale di Marsiglia Certicato di [&hellip;]","protected":false},"author":8,"featured_media":0,"parent":533,"menu_order":1,"comment_status":"closed","ping_status":"closed","template":"","meta":{"footnotes":""},"class_list":["post-542","page","type-page","status-publish","hentry"],"_links":{"self":[{"href":"https:\/\/consmarsiglia.esteri.it\/it\/wp-json\/wp\/v2\/pages\/542","targetHints":{"allow":["GET"]}}],"collection":[{"href":"https:\/\/consmarsiglia.esteri.it\/it\/wp-json\/wp\/v2\/pages"}],"about":[{"href":"https:\/\/consmarsiglia.esteri.it\/it\/wp-json\/wp\/v2\/types\/page"}],"author":[{"embeddable":true,"href":"https:\/\/consmarsiglia.esteri.it\/it\/wp-json\/wp\/v2\/users\/8"}],"replies":[{"embeddable":true,"href":"https:\/\/consmarsiglia.esteri.it\/it\/wp-json\/wp\/v2\/comments?post=542"}],"version-history":[{"count":3,"href":"https:\/\/consmarsiglia.esteri.it\/it\/wp-json\/wp\/v2\/pages\/542\/revisions"}],"predecessor-version":[{"id":4402,"href":"https:\/\/consmarsiglia.esteri.it\/it\/wp-json\/wp\/v2\/pages\/542\/revisions\/4402"}],"up":[{"embeddable":true,"href":"https:\/\/consmarsiglia.esteri.it\/it\/wp-json\/wp\/v2\/pages\/533"}],"wp:attachment":[{"href":"https:\/\/consmarsiglia.esteri.it\/it\/wp-json\/wp\/v2\/media?parent=542"}],"curies":[{"name":"wp","href":"https:\/\/api.w.org\/{rel}","templated":true}]}}