{"id":555,"date":"2023-03-13T10:52:56","date_gmt":"2023-03-13T09:52:56","guid":{"rendered":"https:\/\/consmarsiglia.esteri.it\/?page_id=555"},"modified":"2026-04-09T12:40:20","modified_gmt":"2026-04-09T10:40:20","slug":"matrimonio-in-italia","status":"publish","type":"page","link":"https:\/\/consmarsiglia.esteri.it\/it\/servizi-consolari-e-visti\/servizi-per-il-cittadino-italiano\/stato-civile\/matrimonio\/matrimonio-in-italia\/","title":{"rendered":"Matrimonio in Italia"},"content":{"rendered":"<p style=\"text-align: left;\">I cittadini italiani residenti all\u2019estero e iscritti all\u2019AIRE, se lo desiderano, possono contrarre in Italia matrimonio civile o religioso avente effetti civili (rito cattolico concordatario o di altre confessioni che hanno concluso intese con lo Stato italiano).<\/p>\n<p style=\"text-align: left;\">La celebrazione del matrimonio deve essere sempre preceduta dalle pubblicazioni.<\/p>\n<p style=\"text-align: left;\">Le pubblicazioni vanno richieste:<\/p>\n<p style=\"text-align: left;\">\u00b7\u00a0<strong>In Italia<\/strong>\u00a0se entrambi i nubendi sono cittadini italiani ed almeno uno di loro \u00e8 residente in Italia: la richiesta di pubblicazioni deve essere presentata direttamente all\u2019Ufficiale di Stato Civile del Comune di residenza.<\/p>\n<p style=\"text-align: left;\">\u00b7\u00a0<strong>Presso il Consolato Generale di Marsiglia<\/strong> se entrambi i nubendi sono cittadini italiani residenti all\u2019estero ed almeno uno di loro \u00e8 residente nella Circoscrizione di questo Consolato Generale oppure se uno dei nubendi \u00e8 cittadino italiano residente nella Circoscrizione di questo Consolato Generale e l&#8217;altro \u00e8 straniero.<\/p>\n<p>&nbsp;<\/p>\n<p style=\"text-align: left;\"><span style=\"text-decoration: underline;\"><strong>Come richiedere le pubblicazioni al Consolato Generale di Marsiglia<\/strong><\/span><\/p>\n<p>&nbsp;<\/p>\n<p style=\"text-align: left;\">1. Si consiglia di richiedere le pubblicazioni dai <strong>almeno tre mesi prima<\/strong> della data prevista del matrimonio (le pubblicazioni possono essere effettuate fino a sei mesi prima della data del matrimonio)<\/p>\n<p style=\"text-align: left;\">2. Per richiedere le pubblicazioni di matrimonio occorre<strong> far pervenire a questo Consolato Generale tramite posta (ordinaria o raccomandata) la documentazione qui di seguito elencata<\/strong>, debitamente compilata e firmata:<\/p>\n<p style=\"text-align: left;\">&#8211;\u00a0<a href=\"https:\/\/consmarsiglia.esteri.it\/wp-content\/uploads\/2023\/03\/modulo_richiesta_pubblicazioni_matrimonio_in_italia.pdf\">modulo di richiesta di pubblicazioni<\/a><\/p>\n<p style=\"text-align: left;\">&#8211;\u00a0<a href=\"https:\/\/consmarsiglia.esteri.it\/wp-content\/uploads\/2023\/03\/richiesta_di_certificato_di_nulla_osta_alla_celebrazione_del_matrimonio_in_italia.pdf\">dichiarazione sostitutiva di certificazione<\/a>\u00a0sottoscritta dagli interessati in data non anteriore a sei mesi<\/p>\n<p style=\"text-align: left;\">&#8211;\u00a0<a href=\"https:\/\/consmarsiglia.esteri.it\/wp-content\/uploads\/2023\/03\/modulo_richiesta_pubblicazioni_parroco_italiano.pdf\">richiesta di pubblicazioni di matrimonio rilasciate dalla Parrocchia italiana<\/a>\u00a0in cui il matrimonio sar\u00e0 celebrato o da altro Ministro di culto ammesso (SOLO in caso di matrimonio religioso con rito concordatario)<\/p>\n<p style=\"text-align: left;\">&#8211; fotocopia dei documenti d&#8217;identit\u00e0 validi di entrambi i nubendi<\/p>\n<p>&#8211; ricevuta del pagamento della tassa consolare per la pubblicazione di matrimonio e per il certificato di eseguite pubblicazioni : 12 euro (pubblicazioni di matrimonio \u20ac 6.00; certificato di eseguite pubblicazioni \u20ac 6.00) . Il bonifico deve essere effettuato sul <a href=\"https:\/\/consmarsiglia.esteri.it\/wp-content\/uploads\/2023\/03\/35286_f_cons97RIBCONSULATGENERALDITALIEMONTEPASCHIBANQUECopy2-1.pdf\">conto corrente del Consolato<\/a><\/p>\n<p style=\"text-align: left;\">&#8211; <strong>Ove uno dei nubendi sia straniero o bi-nazionale,<\/strong> quest\u2019ultimo dovr\u00e0 richiedere <strong>alla competente Autorit\u00e0 del Paese di appartenenza<\/strong> il \u201cnulla osta\u201d o la \u201ccapacit\u00e0 matrimoniale\u201d alla celebrazione del matrimonio\u00a0 (generalmente questo documento \u00e8 rilasciato dalle Rappresentanze Diplomatico-consolari estere accreditate in Italia e ove non si tratti di Paese esente da legalizzazione va legalizzato presso la Prefettura in Italia) e <strong>presentarlo a questo Consolato<\/strong> al momento della sottoscrizione del processo verbale di pubblicazioni. Tale documento pu\u00f2 essere allegato alla richiesta di pubblicazioni oppure si potr\u00e0 indicare sulla richiesta che la domanda \u00e9 in corso. Non sar\u00e0 in ogni caso possibile procedere alle pubblicazioni senza tale documento.<\/p>\n<p style=\"text-align: left;\">3. Effettuate le verifiche necessarie, <strong>i nubendi saranno convocati, esclusivamente presso gli uffici del Consolato Generale di Marsiglia<\/strong>, per sottoscrivere il processo verbale di pubblicazione. All&#8217;appuntamento dovranno presentarsi di un documento di identit\u00e0 valido (e del nullaosta del nubendo straniero se non presente nella domanda inviata per posta).<\/p>\n<p style=\"text-align: left;\">4. <strong>Terminato il periodo di pubblicazione (8 gg + 3 gg)<\/strong>, <strong>l&#8217;Ufficio consolare invier\u00e0<\/strong> all&#8217;Ufficiale di Stato Civile del Comune dove il matrimonio verr\u00e0 celebrato o, in caso di matrimonio religioso, alla Parrocchia\/Ministro di Culto ammesso, <strong>il Certificato di eseguite pubblicazioni e l\u2019eventuale Delega alla celebrazione del matrimonio<\/strong> (cortesemente fornire nome, numero di telefono e email della Parrocchia o del Ministro di culto). Il matrimonio dovr\u00e0 essere celebrato entro 180 giorni successivi alla pubblicazione.<\/p>\n<p style=\"text-align: left;\">\n","protected":false},"excerpt":{"rendered":"I cittadini italiani residenti all\u2019estero e iscritti all\u2019AIRE, se lo desiderano, possono contrarre in Italia matrimonio civile o religioso avente effetti civili (rito cattolico concordatario o di altre confessioni che hanno concluso intese con lo Stato italiano). La celebrazione del matrimonio deve essere sempre preceduta dalle pubblicazioni. Le pubblicazioni vanno richieste: \u00b7\u00a0In Italia\u00a0se entrambi i [&hellip;]","protected":false},"author":8,"featured_media":0,"parent":533,"menu_order":2,"comment_status":"closed","ping_status":"closed","template":"","meta":{"footnotes":""},"class_list":["post-555","page","type-page","status-publish","hentry"],"_links":{"self":[{"href":"https:\/\/consmarsiglia.esteri.it\/it\/wp-json\/wp\/v2\/pages\/555","targetHints":{"allow":["GET"]}}],"collection":[{"href":"https:\/\/consmarsiglia.esteri.it\/it\/wp-json\/wp\/v2\/pages"}],"about":[{"href":"https:\/\/consmarsiglia.esteri.it\/it\/wp-json\/wp\/v2\/types\/page"}],"author":[{"embeddable":true,"href":"https:\/\/consmarsiglia.esteri.it\/it\/wp-json\/wp\/v2\/users\/8"}],"replies":[{"embeddable":true,"href":"https:\/\/consmarsiglia.esteri.it\/it\/wp-json\/wp\/v2\/comments?post=555"}],"version-history":[{"count":6,"href":"https:\/\/consmarsiglia.esteri.it\/it\/wp-json\/wp\/v2\/pages\/555\/revisions"}],"predecessor-version":[{"id":4407,"href":"https:\/\/consmarsiglia.esteri.it\/it\/wp-json\/wp\/v2\/pages\/555\/revisions\/4407"}],"up":[{"embeddable":true,"href":"https:\/\/consmarsiglia.esteri.it\/it\/wp-json\/wp\/v2\/pages\/533"}],"wp:attachment":[{"href":"https:\/\/consmarsiglia.esteri.it\/it\/wp-json\/wp\/v2\/media?parent=555"}],"curies":[{"name":"wp","href":"https:\/\/api.w.org\/{rel}","templated":true}]}}