{"id":643,"date":"2023-03-14T15:47:29","date_gmt":"2023-03-14T14:47:29","guid":{"rendered":"https:\/\/consmarsiglia.esteri.it\/?page_id=643"},"modified":"2026-01-05T16:29:53","modified_gmt":"2026-01-05T15:29:53","slug":"divorzio-pronunciato-in-un-paese-terzo","status":"publish","type":"page","link":"https:\/\/consmarsiglia.esteri.it\/it\/servizi-consolari-e-visti\/servizi-per-il-cittadino-italiano\/stato-civile\/divorzio\/divorzio-pronunciato-in-un-paese-terzo\/","title":{"rendered":"Divorzio pronunciato in un Paese terzo"},"content":{"rendered":"<p>Si invita a consultare il sito internet del Consolato italiano del Paese in cui la sentenza \u00e8 stata pronunciata e seguire le indicazioni riportate per la trascrizione. La documentazione raccolta potr\u00e0 essere inviata al Consolato di Marsiglia (56 rue d&#8217;Alger, 13005 Marseille) che provveder\u00e0 alla trasmissione in Italia per la trascrizione solo se esattamente corrispondente a quanto richiesto.<\/p>\n<p><strong>Il tempo di trattazione \u00e8 di circa tre mesi<\/strong><\/p>\n<p><strong>contatti:\u00a0<\/strong><br \/>\n<a href=\"mailto:anagrafe.marsiglia@esteri.it\">anagrafe.marsiglia@esteri.it<\/a><\/p>\n","protected":false},"excerpt":{"rendered":"Si invita a consultare il sito internet del Consolato italiano del Paese in cui la sentenza \u00e8 stata pronunciata e seguire le indicazioni riportate per la trascrizione. La documentazione raccolta potr\u00e0 essere inviata al Consolato di Marsiglia (56 rue d&#8217;Alger, 13005 Marseille) che provveder\u00e0 alla trasmissione in Italia per la trascrizione solo se esattamente corrispondente [&hellip;]","protected":false},"author":8,"featured_media":0,"parent":595,"menu_order":6,"comment_status":"closed","ping_status":"closed","template":"","meta":{"footnotes":""},"class_list":["post-643","page","type-page","status-publish","hentry"],"_links":{"self":[{"href":"https:\/\/consmarsiglia.esteri.it\/it\/wp-json\/wp\/v2\/pages\/643","targetHints":{"allow":["GET"]}}],"collection":[{"href":"https:\/\/consmarsiglia.esteri.it\/it\/wp-json\/wp\/v2\/pages"}],"about":[{"href":"https:\/\/consmarsiglia.esteri.it\/it\/wp-json\/wp\/v2\/types\/page"}],"author":[{"embeddable":true,"href":"https:\/\/consmarsiglia.esteri.it\/it\/wp-json\/wp\/v2\/users\/8"}],"replies":[{"embeddable":true,"href":"https:\/\/consmarsiglia.esteri.it\/it\/wp-json\/wp\/v2\/comments?post=643"}],"version-history":[{"count":1,"href":"https:\/\/consmarsiglia.esteri.it\/it\/wp-json\/wp\/v2\/pages\/643\/revisions"}],"predecessor-version":[{"id":3862,"href":"https:\/\/consmarsiglia.esteri.it\/it\/wp-json\/wp\/v2\/pages\/643\/revisions\/3862"}],"up":[{"embeddable":true,"href":"https:\/\/consmarsiglia.esteri.it\/it\/wp-json\/wp\/v2\/pages\/595"}],"wp:attachment":[{"href":"https:\/\/consmarsiglia.esteri.it\/it\/wp-json\/wp\/v2\/media?parent=643"}],"curies":[{"name":"wp","href":"https:\/\/api.w.org\/{rel}","templated":true}]}}