{"id":66,"date":"2023-01-27T10:38:14","date_gmt":"2023-01-27T09:38:14","guid":{"rendered":"https:\/\/consmarsiglia.esteri.it\/?page_id=66"},"modified":"2025-04-30T09:57:15","modified_gmt":"2025-04-30T07:57:15","slug":"la-sede","status":"publish","type":"page","link":"https:\/\/consmarsiglia.esteri.it\/it\/chi-siamo\/la-sede\/","title":{"rendered":"La Sede"},"content":{"rendered":"<p style=\"text-align: left;\">CONSOLATO GENERALE D\u2019ITALIA<br \/>\n56, Rue d\u2019Alger<\/p>\n<p style=\"text-align: left;\">13005 Marseille<\/p>\n<p>Tel: 0033491184918\u00a0(<strong> dal luned\u00ec al venerd\u00ec dalle ore 9:30 alle ore 12:30 e dalle ore 14:00 alle ore 15:00- priorit\u00e0 data alla posta elettronica<\/strong>)<br \/>\nFax: 0033491184919<\/p>\n<p style=\"text-align: left;\">e-mail:\u00a0<a href=\"mailto:consolato.marsiglia@esteri.it\">consolato.marsiglia@esteri.it<\/a><\/p>\n<p style=\"text-align: left;\">pec :\u00a0<a href=\"mailto:con.marsiglia@cert.esteri.it\">con.marsiglia@cert.esteri.it<\/a><\/p>\n<p>MODALITA\u2019 DI ACCESSO AL CONSOLATO GENERALE D&#8217;ITALIA A MARSIGLIA<\/p>\n<p>Per assicurare un miglior servizio e per ragioni di sicurezza, allo scopo di tutelare in primo luogo l\u2019utenza del Consolato Generale d\u2019Italia a Marsiglia nonch\u00e9 tutto il personale qui in servizio, si informa il pubblico che:<\/p>\n<p>\u2013 non \u00e8 consentito introdurre all\u2019interno del perimetro del Consolato biciclette (anche piegabili) monopattini, bagagli di alcun tipo\u00a0 e\/o zaini voluminosi.<\/p>\n<p>\u2013 sono ammessi all\u2019interno del Consolato solo coloro che necessitano personalmente dell\u2019erogazione del servizio consolare. Non sono ammessi nell\u2019edificio parenti, amici o altri accompagnatori.<\/p>\n<p>Si far\u00e0 eccezione solo in caso di genitori di un minore, di accompagnatori di persone diversamente abili o ancora, per quanto riguarda l\u2019Ufficio Passaporti, in caso di coppia genitoriale in cui uno dei coniugi sia straniero.<\/p>\n<p>Situazioni di comprovata necessit\u00e0 saranno valutate singolarmente.<\/p>\n<p>Nel ribadire che le misure su elencate hanno lo scopo di assicurare un miglior servizio e una maggiore sicurezza per l\u2019utenza, ci scusiamo per gli eventuali disagi e ringraziamo per la collaborazione.<\/p>\n<p style=\"text-align: left;\">ORARIO DI APERTURA AL PUBBLICO\u00a0: DAL LUNEDI&#8217; AL VENERDI&#8217;, DALLE ORE 9.00 ALLE ORE 13.00,\u00a0<a href=\"https:\/\/consmarsiglia.esteri.it\/consolato_marsiglia\/it\/in_linea_con_utente\/prenota_appuntamento\/\">SOLO SU APPUNTAMENTO.<\/a><\/p>\n<p style=\"text-align: left;\">In caso di decesso, incidente grave o altra questione comportante rischi per la salute o situazione di pericolo per l\u2019incolumit\u00e0 personale di cittadini italiani all\u2019estero e che richieda l\u2019intervento urgente delle autorit\u00e0 consolari, chiamare il seguente numero di emergenza: +33 (0)6 07 52 04 18. Il numero di emergenza e\u2019 attivo dal luned\u00ec al venerd\u00ec dalle ore 17.00 alle ore 22 e il sabato, la domenica e i giorni festivi dalle ore 09.00 alle ore 22. Le chiamate per pratiche consolari ordinarie (passaporti, visti, ecc.) NON verranno prese in considerazione. Dalle 22 alle 09.00, ora francese, \u00e8 possibile chiamare (non per informazioni di carattere amministrativo, ma solo in casi di comprovata emergenza) il funzionario di turno del Ministero degli Affari Esteri (tel. 0039 06 3691 2666) che, in caso di effettiva necessit\u00e0, raggiunger\u00e0 tempestivamente i funzionari del Consolato Generale a Marsiglia.<\/p>\n","protected":false},"excerpt":{"rendered":"CONSOLATO GENERALE D\u2019ITALIA 56, Rue d\u2019Alger 13005 Marseille Tel: 0033491184918\u00a0( dal luned\u00ec al venerd\u00ec dalle ore 9:30 alle ore 12:30 e dalle ore 14:00 alle ore 15:00- priorit\u00e0 data alla posta elettronica) Fax: 0033491184919 e-mail:\u00a0consolato.marsiglia@esteri.it pec :\u00a0con.marsiglia@cert.esteri.it MODALITA\u2019 DI ACCESSO AL CONSOLATO GENERALE D&#8217;ITALIA A MARSIGLIA Per assicurare un miglior servizio e per ragioni di [&hellip;]","protected":false},"author":2,"featured_media":0,"parent":9,"menu_order":4,"comment_status":"closed","ping_status":"closed","template":"","meta":{"footnotes":""},"class_list":["post-66","page","type-page","status-publish","hentry"],"_links":{"self":[{"href":"https:\/\/consmarsiglia.esteri.it\/it\/wp-json\/wp\/v2\/pages\/66","targetHints":{"allow":["GET"]}}],"collection":[{"href":"https:\/\/consmarsiglia.esteri.it\/it\/wp-json\/wp\/v2\/pages"}],"about":[{"href":"https:\/\/consmarsiglia.esteri.it\/it\/wp-json\/wp\/v2\/types\/page"}],"author":[{"embeddable":true,"href":"https:\/\/consmarsiglia.esteri.it\/it\/wp-json\/wp\/v2\/users\/2"}],"replies":[{"embeddable":true,"href":"https:\/\/consmarsiglia.esteri.it\/it\/wp-json\/wp\/v2\/comments?post=66"}],"version-history":[{"count":1,"href":"https:\/\/consmarsiglia.esteri.it\/it\/wp-json\/wp\/v2\/pages\/66\/revisions"}],"predecessor-version":[{"id":2895,"href":"https:\/\/consmarsiglia.esteri.it\/it\/wp-json\/wp\/v2\/pages\/66\/revisions\/2895"}],"up":[{"embeddable":true,"href":"https:\/\/consmarsiglia.esteri.it\/it\/wp-json\/wp\/v2\/pages\/9"}],"wp:attachment":[{"href":"https:\/\/consmarsiglia.esteri.it\/it\/wp-json\/wp\/v2\/media?parent=66"}],"curies":[{"name":"wp","href":"https:\/\/api.w.org\/{rel}","templated":true}]}}