{"id":672,"date":"2023-03-17T13:14:52","date_gmt":"2023-03-17T12:14:52","guid":{"rendered":"https:\/\/consmarsiglia.esteri.it\/?page_id=672"},"modified":"2026-03-19T12:59:29","modified_gmt":"2026-03-19T11:59:29","slug":"carta-didentita-elettronica-cie-per-minorenne-0-12-anni-non-compiuti","status":"publish","type":"page","link":"https:\/\/consmarsiglia.esteri.it\/it\/servizi-consolari-e-visti\/servizi-per-il-cittadino-italiano\/passaporti-e-carte-didentita\/carta-didentita-elettronica-cie-per-minorenne-0-12-anni-non-compiuti\/","title":{"rendered":"Carta d&#8217;Identit\u00e0 Elettronica (CIE) per minorenne: 0-12 anni non compiuti"},"content":{"rendered":"<p><strong>Dal 1\u00b0 giugno 2026<\/strong>\u00a0i cittadini iscritti all\u2019AIRE potranno presentare domanda di rilascio di Carta d\u2019Identit\u00e0 Elettronica, oltre che presso l\u2019Ufficio Consolare di appartenenza, presso\u00a0<strong>qualsiasi Comune italiano.<\/strong>\u00a0La carta d\u2019identit\u00e0 sar\u00e0 consegnata con le medesime modalit\u00e0 previste in caso di domanda presentata tramite l\u2019Ufficio consolare, con facolt\u00e0 per l\u2019interessato di ritirarla personalmente presso il Comune oppure di richiederne la spedizione all\u2019estero.<\/p>\n<p>&nbsp;<\/p>\n<p><strong>&#8211; Assicurarsi di <a href=\"https:\/\/consmarsiglia.esteri.it\/it\/servizi-consolari-e-visti\/servizi-per-il-cittadino-italiano\/anagrafe-degli-italiani-residenti-allestero-aire\/\">essere iscritti all\u2019AIRE<\/a><\/strong> e che la situazione anagrafica sia aggiornata.<\/p>\n<p><strong>Non \u00e8 necessario presentarsi in Consolato.<\/strong> La domanda pu\u00f2 essere effettuata per posta:<\/p>\n<ul>\n<li>spedire 2 fotografie recenti (uguali, frontali, a colori formato 35 x 40 mm).<\/li>\n<\/ul>\n<p>&#8211;<strong>Le foto devono essere autenticate,<\/strong> in presenza del minore, presso la Mairie di residenza o un Notaio o presso gli uffici consolari, verificare le disponibilit\u00e0 prendendo contatto con i Vice Consoli Onorari e\/o i corrispondenti (contatti consultabili sul nostro sito alla scheda &#8220;contatti&#8221;).<\/p>\n<p>&#8211; <a href=\"https:\/\/consmarsiglia.esteri.it\/wp-content\/uploads\/2025\/07\/Legalisation-de-Photographie.pdf\">Formulario per autentica foto<\/a><\/p>\n<ul>\n<li>Se minorenne il <a href=\"https:\/\/consmarsiglia.esteri.it\/wp-content\/uploads\/2023\/02\/Formulario-CIE-Minori.pdf\">Formulario CIE per Minorenne<\/a>\u00a0debitamente compilato e firmato.<\/li>\n<\/ul>\n<p><strong>&#8211; Se uno dei genitori \u00e8 un cittadino extra-europeo<\/strong> \u00e8 necessario che provveda all\u2019autentica della firma apposta sul Formulario CIE per Minorenne presso la Mairie di residenza o un Notaio o presso gli uffici consolari.<\/p>\n<p><strong>&#8211; Nel caso in cui uno dei due genitori sia impossibilitato ad appore la firma<\/strong> sul Formulario CIE per Minorenne, \u00e8 invitato a riempire e sottoscrivere il <a href=\"https:\/\/consmarsiglia.esteri.it\/wp-content\/uploads\/2023\/06\/Form-B-Modulo-Assenso.pdf\">Formulario B<\/a>. Pu\u00f2 essere riempito presso una Rappresentanza Diplomatico-Consolare e\/o una Questura per la trasmissione ai nostri uffici. La firma del cittadino extra-UE dovr\u00e0 essere necessariamente autenticata.<\/p>\n<ul>\n<li>Insieme al <a href=\"https:\/\/consmarsiglia.esteri.it\/wp-content\/uploads\/2023\/02\/Formulario-CIE-Minori.pdf\">Formulario CIE per Minorenne<\/a> presentare la copia dei documenti d\u2019identit\u00e0 dei genitori.<\/li>\n<li>La vecchia carta di identit\u00e0 o in caso di furto o perdita la denuncia effettuata presso le autorit\u00e0 competenti;<\/li>\n<li>Attestazione di residenza (bolletta ecc);<\/li>\n<li>Ricevuta del pagamento di 21,95 euro, da effettuare tramite bonifico bancario (vedi <a href=\"https:\/\/consmarsiglia.esteri.it\/wp-content\/uploads\/2023\/02\/Rib-Cons-Mars-1.pdf\">RIB CONSOLATO GENERALE D&#8217;ITALIA A MARSIGLIA<\/a>);<\/li>\n<\/ul>\n<p>&#8211; Per l&#8217;autentica presso uno dei nostri corrispondenti consolari, si prega di fornire una busta &#8220;lettre suivie&#8221; (100 gr). Il pagamento deve essere effettuato tramite bonifico bancario sul conto del Consolato Generale d&#8217;Italia a Marsiglia. Le firme devono essere apposte in presenza del Vice Console Onorario.<\/p>\n","protected":false},"excerpt":{"rendered":"Dal 1\u00b0 giugno 2026\u00a0i cittadini iscritti all\u2019AIRE potranno presentare domanda di rilascio di Carta d\u2019Identit\u00e0 Elettronica, oltre che presso l\u2019Ufficio Consolare di appartenenza, presso\u00a0qualsiasi Comune italiano.\u00a0La carta d\u2019identit\u00e0 sar\u00e0 consegnata con le medesime modalit\u00e0 previste in caso di domanda presentata tramite l\u2019Ufficio consolare, con facolt\u00e0 per l\u2019interessato di ritirarla personalmente presso il Comune oppure di [&hellip;]","protected":false},"author":7,"featured_media":0,"parent":105,"menu_order":6,"comment_status":"closed","ping_status":"closed","template":"","meta":{"footnotes":""},"class_list":["post-672","page","type-page","status-publish","hentry"],"_links":{"self":[{"href":"https:\/\/consmarsiglia.esteri.it\/it\/wp-json\/wp\/v2\/pages\/672","targetHints":{"allow":["GET"]}}],"collection":[{"href":"https:\/\/consmarsiglia.esteri.it\/it\/wp-json\/wp\/v2\/pages"}],"about":[{"href":"https:\/\/consmarsiglia.esteri.it\/it\/wp-json\/wp\/v2\/types\/page"}],"author":[{"embeddable":true,"href":"https:\/\/consmarsiglia.esteri.it\/it\/wp-json\/wp\/v2\/users\/7"}],"replies":[{"embeddable":true,"href":"https:\/\/consmarsiglia.esteri.it\/it\/wp-json\/wp\/v2\/comments?post=672"}],"version-history":[{"count":5,"href":"https:\/\/consmarsiglia.esteri.it\/it\/wp-json\/wp\/v2\/pages\/672\/revisions"}],"predecessor-version":[{"id":4366,"href":"https:\/\/consmarsiglia.esteri.it\/it\/wp-json\/wp\/v2\/pages\/672\/revisions\/4366"}],"up":[{"embeddable":true,"href":"https:\/\/consmarsiglia.esteri.it\/it\/wp-json\/wp\/v2\/pages\/105"}],"wp:attachment":[{"href":"https:\/\/consmarsiglia.esteri.it\/it\/wp-json\/wp\/v2\/media?parent=672"}],"curies":[{"name":"wp","href":"https:\/\/api.w.org\/{rel}","templated":true}]}}