{"id":74,"date":"2023-01-27T10:41:37","date_gmt":"2023-01-27T09:41:37","guid":{"rendered":"https:\/\/consmarsiglia.esteri.it\/?page_id=74"},"modified":"2025-07-25T12:58:52","modified_gmt":"2025-07-25T10:58:52","slug":"la-rete-consolare","status":"publish","type":"page","link":"https:\/\/consmarsiglia.esteri.it\/it\/chi-siamo\/la-rete-consolare\/","title":{"rendered":"La Rete Consolare"},"content":{"rendered":"<p><img decoding=\"async\" src=\"https:\/\/consmarsiglia.esteri.it\/wp-content\/uploads\/2025\/05\/La-rete-consolare-Parigi.png\" \/><\/p>\n<p><strong>CONSOLATO GENERALE D&#8217;ITALIA A PARIGI<\/strong><\/p>\n<p>5, bd \u00c9mile Augier &#8211; 75016 PARIS<br \/>\nTel. 01 44 30 47 00 &#8211; Fax 01 45 25 87 50<\/p>\n<p>Numero di emergenza: +33 (0)1 44 30 47 00 (fuori dagli orari di lavoro lasciare un messaggio con nome e numero telefonico: a seconda del grado di urgenza si verr\u00e0 richiamati immediatamente)<\/p>\n<p>sito:\u00a0www.consparigi.esteri.it<br \/>\ne-mail:\u00a0<a href=\"mailto:informazioni.parigi@esteri.it\">informazioni.parigi@esteri.it<\/a><\/p>\n<p>Console Generale Jacopo ALBERGONI<\/p>\n<p>02 Aisne &#8211; 14 Calvados &#8211; 18 Cher &#8211; 21 C\u00f4te D&#8217;Or &#8211; 22 C\u00f4tes d&#8217;Armor &#8211; 25 Doubs &#8211; 27 Eure &#8211; 28 Eure-et-Loir &#8211; 29 Finist\u00e8re &#8211; 35 Ille-et-Vilaine &#8211; 36 Indre &#8211; 37 Indre-et-Loire &#8211; 39 Jura &#8211; 41 Loir-et-Cher &#8211; 44 Loire-Atlantique &#8211; 45 Loiret &#8211; 49 Maine-et-Loire &#8211; 50 Manche &#8211; 53 Mayenne &#8211; 56 Morbihan &#8211; 59 Nord &#8211; 60 Oise &#8211; 61 Orne &#8211; 62 Pas-de-Calais &#8211; 68 Haut-Rhin &#8211; 70 Haute-Sa\u00f4ne &#8211; 72 Sarthe &#8211; 75 Paris &#8211; 76 Seine-Maritime &#8211; 77 Seine-et-Marne &#8211; 78 Yvelines &#8211; 80 Somme &#8211; 85 Vend\u00e9e &#8211; 89 Yonne &#8211; 91 Essonne &#8211; 92 Hauts-de-Seine &#8211; 93 Seine-Saint-Denis &#8211; 94 Val-de Marne &#8211; 95- Val-d&#8217;Oise &#8211; 97 e 98 (DOM-TOM)<\/p>\n<p>Digione: permanenza consolare: la Permanenza Consolare a Digione si effettua presso il Polo amministrativo della Citt\u00e0 di Digione, 11 rue de l\u2019H\u00f4pital &#8211; 21000 Dijon. Per orari di apertura e modalit\u00e0 di appuntamento si prega di consultare la pagina\u00a0https:\/\/consparigi.esteri.it\/consolato_parigi\/it\/il_consolato\/la_rete_consolare<\/p>\n<p>Lilla: permanenza consolare: La Permanenza si effettua presso il Comune di Lilla \u2013 Quartiere Centro, 31, rue des Foss\u00e9s 59000 Lille. Per orari di apertura e modalit\u00e0 di appuntamento si prega di consultare la pagina\u00a0<a href=\"https:\/\/consparigi.esteri.it\/consolato_parigi\/it\/il_consolato\/la_rete_consolare\/la-rete-consolare.html\">htt<\/a>ps:\/\/consparigi.esteri.it\/consolato_parigi\/it\/il_consolato\/la_rete_consolare<\/p>\n<p>&nbsp;<\/p>\n<p><strong>CONSOLATO GENERALE D&#8217;ITALIA A LIONE<\/strong><\/p>\n<p>5, Rue Commandant Faurax &#8211; 69452 LYON CEDEX 06<br \/>\nTel. 04 78 93 00 17 &#8211; Fax 04 78 94 33 43<\/p>\n<p>Sito:\u00a0www.conslione.esteri.it<\/p>\n<p>e-mail:\u00a0<a href=\"mailto:consolato.lione@esteri.it\">consolato.lione@esteri.it<\/a><\/p>\n<p>Console Generale Chiara PETRACCA<\/p>\n<p>01 Ain &#8211; 03 Allier &#8211; 07 Ard\u00e8che &#8211; 15 Cantal &#8211; 19 Corr\u00e8ze &#8211; 23 Creuse &#8211; 26 Dr\u00f4me &#8211; 38 Is\u00e8re42 Loire &#8211; 43 Haute-Loire &#8211; 58 Ni\u00e8vre &#8211; 63 Puy de D\u00f4me &#8211; 69 Rh\u00f4ne &#8211; 71 Sa\u00f4ne-et-Loire &#8211; 73 Savoie &#8211; 74 Haute Savoie &#8211; 87 Haute-Vienne<\/p>\n<p>Chambery: permanenza consolare: La permanenza viene effettuata ogni luned\u00ec dalle 9 alle 13 e dalle 14 alle 17 presso La Dynamo &#8211; 24, avenue Daniel Rops, Chamb\u00e9ry (73000).<br \/>\nLinea bus: B fermata C\u00e9vennes (direzione Les Hauts de Chamb\u00e9ry)<\/p>\n<p>Grenoble: permanenza consolare: La permanenza viene effettuata ogni mercoled\u00ec dalle 9 alle ore 12 e dalle 14 alle 17 presso la Maison de l&#8217;international &#8211; Bureau des Consuls &#8211; 1 rue Hector Berlioz 38000 Grenoble (ingresso da Jardin de Ville).<\/p>\n<p>&nbsp;<\/p>\n<p><strong>CONSOLATO GENERALE D&#8217;ITALIA A MARSIGLIA<\/strong><\/p>\n<p>56, Rue d&#8217;Alger &#8211; 13392 MARSEILLE CEDEX 5<br \/>\nTel. 04 91 18 49 18 &#8211; Fax 04 91 18 49 19<\/p>\n<p>sito:\u00a0www.consmarsiglia.esteri.it<br \/>\ne-mail:\u00a0<a href=\"mailto:consolato.marsiglia@esteri.it\">consolato.marsiglia@esteri.it<\/a><\/p>\n<p>Console Generale Fabio MONACO<\/p>\n<p>09 Ari\u00e8ge &#8211; 11 Aude -12 Aveyron &#8211; 13 Bouches-du-Rh\u00f4ne &#8211; 16 Charente &#8211; 17 Charente-Maritime &#8211; 20 Corse du Sud (2A) &#8211; 20 Haute Corse (2B) \u2013 24 Dordogne &#8211; 30 Gard &#8211; 31 Haute-Garonne &#8211; 32 Gers &#8211; 33 Gironde &#8211; 34 H\u00e9rault &#8211; 40 Landes &#8211; 46 Lot &#8211; 47 Lot-et-Garonne &#8211; 48 Loz\u00e8re &#8211; 64 Pyr\u00e9n\u00e9es-Atlantiques &#8211; 65 Hautes-Pyr\u00e9n\u00e9es &#8211; 66 Pyr\u00e9n\u00e9es-Orientales &#8211; 79 Deux-S\u00e8vres &#8211; 81 Tarn &#8211; 82 Tarn-et-Garonne &#8211; 83 Var &#8211; 84 Vaucluse &#8211; 86 Vienne<\/p>\n<p><strong>Sportello Consolare permanente a Basti<\/strong>a<br \/>\nRue Saint-Fran\u00e7ois &#8211; R\u00e9sidence Miot B\u00e2t B &#8211; 20200 BASTIA<br \/>\nTel. 04 95 34 93 93 \u2013 fax 04 95 32 56 72<br \/>\ne-mail:<a href=\"mailto:bastia.marsiglia@esteri.it\"> bastia.marsiglia@esteri.it<\/a><\/p>\n<p><strong>Sportello Consolare permanente a Tolosa<\/strong><br \/>\n19, bis Rue Riquet &#8211; 31000 TOULOUSE<br \/>\nTel 05.34.66.89.90<br \/>\ne-mail :\u00a0<a href=\"mailto:tolosa.marsiglia@esteri.it\">tolosa.marsiglia@esteri.it<\/a><\/p>\n<p>&nbsp;<\/p>\n<p><strong>CONSOLATO GENERALE D&#8217;ITALIA A METZ<\/strong><\/p>\n<p>7, bd Georges Cl\u00e9menceau &#8211; 57000 METZ<br \/>\nTel. 03 87 38 58 70 &#8211; Fax 03 87 50 49 51<\/p>\n<p>sito:\u00a0www.consmetz.esteri.it<br \/>\ne-mail:\u00a0<a href=\"mailto:consolato.metz@esteri.it\">consolato.metz@esteri.it<\/a><\/p>\n<p>Console Generale Antonella FONTANA<\/p>\n<p>08 Ardennes &#8211; 10 Aube &#8211; 51 Marne &#8211; 52 Haute-Marne &#8211; 54 Meurthe-et-Moselle &#8211; 55 Meuse &#8211; 57 Moselle &#8211; 67 Bas-Rhin &#8211; 68 Haut-Rhin &#8211; 88 Vosges &#8211; 90 Territoire de Belfort<\/p>\n<p>Sportello Consolare permanente a Mulhouse:\u00a0CP: 68070 MULHOUSE CEDEX 1, Tel. 03 89 66 41 11 &#8211; Email:\u00a0<a href=\"mailto:sportello.mulhouse@esteri.it\">sportello.mulhouse@esteri.it<\/a><\/p>\n<p>&nbsp;<\/p>\n<p><strong>CONSOLATO GENERALE D&#8217;ITALIA A NIZZA<\/strong><\/p>\n<p>72, bd Gambetta &#8211; 06048 NICE<br \/>\nTel. 04 92 14 40 90 &#8211; Fax 04 93 88 11 08<\/p>\n<p>Sito:\u00a0www.consnizza.esteri.it<\/p>\n<p>e-mail:\u00a0<a href=\"mailto:connizz.mail@esteri.it\">connizz.mail@esteri.it<\/a><\/p>\n<p>Console Generale Emilio LOLLI<\/p>\n<p>04 &#8211; Alpes-de-Haute-Provence &#8211; 05 Hautes-Alpes &#8211; 06 Alpes Maritimes<\/p>\n<p>&nbsp;<\/p>\n<p><strong>DIPARTIMENTI E TERRITORI D&#8217;OLTREMARE<\/strong><\/p>\n<p>I dipartimenti e territori d&#8217;oltremare francesi rientrano nella sfera di competenza del Consolato Generale d&#8217;Italia di Parigi. Per informazioni e recapiti si prega di consultare la pagina\u00a0<a href=\"https:\/\/consparigi.esteri.it\/consolato_parigi\/it\/il_consolato\/la_rete_consolare\/la-rete-consolare.html\">https:\/\/consparigi.esteri.it\/consolato_parigi\/it\/il_consolato\/la_rete_consolare<\/a><\/p>\n","protected":false},"excerpt":{"rendered":"CONSOLATO GENERALE D&#8217;ITALIA A PARIGI 5, bd \u00c9mile Augier &#8211; 75016 PARIS Tel. 01 44 30 47 00 &#8211; Fax 01 45 25 87 50 Numero di emergenza: +33 (0)1 44 30 47 00 (fuori dagli orari di lavoro lasciare un messaggio con nome e numero telefonico: a seconda del grado di urgenza si verr\u00e0 [&hellip;]","protected":false},"author":2,"featured_media":0,"parent":9,"menu_order":10,"comment_status":"closed","ping_status":"closed","template":"","meta":{"footnotes":""},"class_list":["post-74","page","type-page","status-publish","hentry"],"_links":{"self":[{"href":"https:\/\/consmarsiglia.esteri.it\/it\/wp-json\/wp\/v2\/pages\/74","targetHints":{"allow":["GET"]}}],"collection":[{"href":"https:\/\/consmarsiglia.esteri.it\/it\/wp-json\/wp\/v2\/pages"}],"about":[{"href":"https:\/\/consmarsiglia.esteri.it\/it\/wp-json\/wp\/v2\/types\/page"}],"author":[{"embeddable":true,"href":"https:\/\/consmarsiglia.esteri.it\/it\/wp-json\/wp\/v2\/users\/2"}],"replies":[{"embeddable":true,"href":"https:\/\/consmarsiglia.esteri.it\/it\/wp-json\/wp\/v2\/comments?post=74"}],"version-history":[{"count":3,"href":"https:\/\/consmarsiglia.esteri.it\/it\/wp-json\/wp\/v2\/pages\/74\/revisions"}],"predecessor-version":[{"id":3115,"href":"https:\/\/consmarsiglia.esteri.it\/it\/wp-json\/wp\/v2\/pages\/74\/revisions\/3115"}],"up":[{"embeddable":true,"href":"https:\/\/consmarsiglia.esteri.it\/it\/wp-json\/wp\/v2\/pages\/9"}],"wp:attachment":[{"href":"https:\/\/consmarsiglia.esteri.it\/it\/wp-json\/wp\/v2\/media?parent=74"}],"curies":[{"name":"wp","href":"https:\/\/api.w.org\/{rel}","templated":true}]}}