{"id":818,"date":"2023-04-18T11:40:54","date_gmt":"2023-04-18T09:40:54","guid":{"rendered":"https:\/\/consmarsiglia.esteri.it\/?page_id=818"},"modified":"2023-04-18T11:40:54","modified_gmt":"2023-04-18T09:40:54","slug":"protezione-consolare","status":"publish","type":"page","link":"https:\/\/consmarsiglia.esteri.it\/it\/servizi-consolari-e-visti\/servizi-per-il-cittadino-italiano\/assistenza-ai-cittadini-allestero\/protezione-consolare\/","title":{"rendered":"Protezione Consolare"},"content":{"rendered":"<div class=\"entry-content\">\n<p>Nell\u2019ambito della protezione e dell\u2019assistenza consolare, il Consolato Generale pu\u00f2 fornire assistenza a cittadini italiani in difficolt\u00e0 in molteplici situazioni, in particolare: problemi con la giustizia locale; incidenti; ricerca di connazionali scomparsi; sottrazione di minori.<\/p>\n<p><strong>Detenuti<\/strong><br \/>\nNel caso in cui un connazionale sia arrestato in Francia, il Consolato Generale pu\u00f2:<\/p>\n<ul>\n<li>effettuare visite consolari al detenuto previa richiesta scritta dell\u2019interessato;<\/li>\n<li>indicare nominativi di Avvocati bilingue per l\u2019assistenza legale al detenuto, con onorario a carico dello stesso o della sua famiglia;<\/li>\n<li>curare i collegamenti con i familiari in Italia fornendo loro, ad esempio, informazioni circa le formalit\u00e0 da seguire per ottenere il permesso di visita al loro parente;<\/li>\n<li>intervenire per il trasferimento in Italia, qualora il connazionale lo richieda, ai sensi della Convenzione di Strasburgo sul trasferimento dei detenuti.<\/li>\n<\/ul>\n<p>Si precisa che in Francia, di norma, il Consolato viene avvertito dell\u2019arresto di un connazionale solo se il medesimo ne fa espressa richiesta.<br \/>\nIl Consolato <strong>NON<\/strong> pu\u00f2:<\/p>\n<ul>\n<li>intervenire in giudizio per conto del connazionale;<\/li>\n<li>pagare le spese legali del detenuto.<\/li>\n<\/ul>\n<p><strong>Incidenti<\/strong><br \/>\nPer gli incidenti occorsi all\u2019estero, il Consolato Generale si assicura che i connazionali ricevano adeguati trattamenti medici in loco, che vengano debitamente informati i familiari e che venga fornita ogni possibile assistenza in caso di necessit\u00e0 di trasferimento in Italia.<\/p>\n<p><strong>Ricerca connazionali scomparsi<\/strong><br \/>\nInformazioni riguardanti cittadini italiani all\u2019estero possono essere fornite nel rispetto della normativa vigente in materia di protezione dei dati personali (D. Lgs 196 del 2003), che impone nella maggior parte dei casi il consenso della persona cercata.<br \/>\nGli Uffici consolari effettuano, nei limiti degli strumenti ammessi dalla legislazione locale e di quanto sopra specificato, ricerche per le quali il richiedente abbia dimostrato un interesse legittimo. Le richieste vanno indirizzate direttamente via mail all\u2019Ufficio Affari Sociali mediante istanza autografa motivata (in carta semplice), allegando la copia di un documento d\u2019identit\u00e0 valido del richiedente.<br \/>\nIn caso di scomparsa deve essere presentata una denuncia ai competenti organi di polizia. Copia di tale denuncia (possibilmente in formato pdf) deve essere trasmessa all\u2019Ufficio consolare territorialmente competente e, per conoscenza, all\u2019Ufficio IV della Direzione Generale per gli Italiani all\u2019Estero e le Politiche Migratorie <a href=\"mailto:dgit-04@esteri.it\">dgit-04@esteri.it<\/a><\/p>\n<p><strong>Minori<\/strong><br \/>\nLa problematica della sottrazione internazionale di minori ha assunto negli ultimi tempi una rilevanza crescente, sia per l\u2019aumento di separazioni, spesso conflittuali, fra persone di diversa o doppia cittadinanza, sia per la maggiore sensibilit\u00e0 con la quale il problema \u00e8 avvertito nel nostro Paese.<br \/>\nAl riguardo, a seguito della Convenzione dell\u2019ONU sui diritti dell\u2019infanzia del 20.11.1989, ratificata da oltre 190 Paesi, il Comitato dei Ministri del Consiglio d\u2019Europa \u2013 con risoluzione nr. 616 del 21\/01\/1998 \u2013 ha introdotto la possibilit\u00e0 di ricorrere alla figura del \u201cMediatore Familiare\u201d al fine di tutelare i minori e la loro incolumit\u00e0 nei conflitti familiari e sottrazione illecita.<br \/>\nLa scelta del Mediatore in Francia potr\u00e0 essere effettuata nella lista <a href=\"https:\/\/www.apmf.fr\/\" target=\"_blank\" rel=\"noopener\">Association pour la Mediation Familiale<\/a><br \/>\nAnche altre Associazioni intevengono nella mediazione familiare, fra le quali:<br \/>\n<a href=\"https:\/\/www.apme-mediation.com\/\" target=\"_blank\" rel=\"noopener\">APME M\u00e9diation<\/a>;<br \/>\n<a href=\"http:\/\/www.mediation-familiale.org\/\" target=\"_blank\" rel=\"noopener\">FENAMEF F\u00e9d\u00e9ration Nationale des Associations de M\u00e9diation Familiale<\/a><br \/>\nIl Raggruppamento Europeo dei Magistrati per la Mediazione (<a href=\"https:\/\/gemmeeurope.org\/\" target=\"_blank\" rel=\"noopener\">Le Groupement Europ\u00e9en des Magistrats pour la M\u00e9diation<\/a>)<br \/>\nIl solo strumento cogente a disposizione del genitore connazionale per il recupero del minore \u00e8 la Convenzione dell\u2019Aja del 25.10.1980 (Autorit\u00e0 Centrale per l\u2019Italia \u00e8 il Dipartimento Giustizia Minorile presso il Ministero della Giustizia). In caso di non applicabilit\u00e0 della Convenzione, il Ministero attua appieno le sue funzioni istituzionali modulando gli interventi in relazione alla specificit\u00e0 dei casi.<\/p>\n<p>ulteriori informazioni:<\/p>\n<ul>\n<li><a class=\"\" href=\"https:\/\/www.116000enfantsdisparus.fr\/\" target=\"_blank\" rel=\"noopener\" data-focus-mouse=\"false\">116000enfantsdisparus.fr<\/a><\/li>\n<li><a class=\"\" href=\"http:\/\/www.justice.gouv.fr\/justice-civile-11861\/enlevement-parental-12063\/\" target=\"_blank\" rel=\"noopener\" data-focus-mouse=\"false\">enlevement-parental.justice.gouv.fr<\/a><\/li>\n<\/ul>\n<p>Dal 1\u00b0 marzo 2005 \u00e8 in vigore il Regolamento (CE) n. 2201\/2003 del 27\/11\/2003 relativo alla competenza, al riconoscimento e all\u2019esecuzione delle decisioni in materia matrimoniale e in materia di responsabilit\u00e0 genitoriale, che istituisce uno spazio comune europeo nel settore del diritto di famiglia e si applica negli Stati membri dell\u2019Unione Europea.<\/p>\n<\/div>\n","protected":false},"excerpt":{"rendered":"Nell\u2019ambito della protezione e dell\u2019assistenza consolare, il Consolato Generale pu\u00f2 fornire assistenza a cittadini italiani in difficolt\u00e0 in molteplici situazioni, in particolare: problemi con la giustizia locale; incidenti; ricerca di connazionali scomparsi; sottrazione di minori. Detenuti Nel caso in cui un connazionale sia arrestato in Francia, il Consolato Generale pu\u00f2: effettuare visite consolari al detenuto [&hellip;]","protected":false},"author":6,"featured_media":0,"parent":113,"menu_order":0,"comment_status":"closed","ping_status":"closed","template":"","meta":{"footnotes":""},"class_list":["post-818","page","type-page","status-publish","hentry"],"_links":{"self":[{"href":"https:\/\/consmarsiglia.esteri.it\/it\/wp-json\/wp\/v2\/pages\/818","targetHints":{"allow":["GET"]}}],"collection":[{"href":"https:\/\/consmarsiglia.esteri.it\/it\/wp-json\/wp\/v2\/pages"}],"about":[{"href":"https:\/\/consmarsiglia.esteri.it\/it\/wp-json\/wp\/v2\/types\/page"}],"author":[{"embeddable":true,"href":"https:\/\/consmarsiglia.esteri.it\/it\/wp-json\/wp\/v2\/users\/6"}],"replies":[{"embeddable":true,"href":"https:\/\/consmarsiglia.esteri.it\/it\/wp-json\/wp\/v2\/comments?post=818"}],"version-history":[{"count":0,"href":"https:\/\/consmarsiglia.esteri.it\/it\/wp-json\/wp\/v2\/pages\/818\/revisions"}],"up":[{"embeddable":true,"href":"https:\/\/consmarsiglia.esteri.it\/it\/wp-json\/wp\/v2\/pages\/113"}],"wp:attachment":[{"href":"https:\/\/consmarsiglia.esteri.it\/it\/wp-json\/wp\/v2\/media?parent=818"}],"curies":[{"name":"wp","href":"https:\/\/api.w.org\/{rel}","templated":true}]}}